{"id":5776,"date":"2022-08-17T14:04:59","date_gmt":"2022-08-17T13:04:59","guid":{"rendered":"https:\/\/www.rcrflooringproducts.com\/?page_id=5776"},"modified":"2022-08-17T14:44:10","modified_gmt":"2022-08-17T13:44:10","slug":"a-propos-de-nous","status":"publish","type":"page","link":"https:\/\/www.rcrflooringproducts.com\/fr\/a-propos-de-nous\/","title":{"rendered":"\u00c0 propos de nous"},"content":{"rendered":"<div id=\"pl-5776\"  class=\"panel-layout\" ><div id=\"pg-5776-0\"  class=\"panel-grid panel-no-style\" ><div id=\"pgc-5776-0-0\"  class=\"panel-grid-cell\" ><div class=\"large-font-size panel-cell-style panel-cell-style-for-5776-0-0\" ><div id=\"panel-5776-0-0-0\" class=\"so-panel widget widget_sow-editor panel-first-child panel-last-child\" data-index=\"0\" ><div\n\t\t\t\n\t\t\tclass=\"so-widget-sow-editor so-widget-sow-editor-base\"\n\t\t\t\n\t\t>\n<div class=\"siteorigin-widget-tinymce textwidget\">\n\t<p><strong>RCR Flooring Products<\/strong> est l\u2019entreprise \u00e0 l\u2019origine de certaines marques de rev\u00eatements de sols industriels les plus connues au monde.<\/p>\n<hr style=\"margin-left: 0;\" width=\"40px\" \/>\n<p>Nous concevons, fabriquons et fournissons une large gamme de produits utilis\u00e9s dans la cr\u00e9ation de sols industriels. Si vous connaissez les marques RINOL, Permaban et ROCLAND, vous connaissez l\u2019engagement de RCR envers l\u2019excellence des produits, le soutien \u00e0 la client\u00e8le et le service international. Ce sont ces engagements qui unissent nos trois marques. <a href=\"https:\/\/www.rcrflooringproducts.com\/fr\/produits\/\">Consultez la page de nos produits pour en savoir plus.<\/a><\/p>\n<\/div>\n<\/div><\/div><\/div><\/div><\/div><div id=\"pg-5776-1\"  class=\"panel-grid panel-has-style\" ><div class=\"panel-row-style panel-row-style-for-5776-1\" ><div id=\"pgc-5776-1-0\"  class=\"panel-grid-cell\" ><div id=\"panel-5776-1-0-0\" class=\"so-panel widget widget_sow-editor panel-first-child panel-last-child\" data-index=\"1\" ><div\n\t\t\t\n\t\t\tclass=\"so-widget-sow-editor so-widget-sow-editor-base\"\n\t\t\t\n\t\t>\n<div class=\"siteorigin-widget-tinymce textwidget\">\n\t<h5>NOS CLIENTS<\/h5>\n<\/div>\n<\/div><\/div><\/div><div id=\"pgc-5776-1-1\"  class=\"panel-grid-cell\" ><div id=\"panel-5776-1-1-0\" class=\"so-panel widget widget_sow-editor panel-first-child panel-last-child\" data-index=\"2\" ><div\n\t\t\t\n\t\t\tclass=\"so-widget-sow-editor so-widget-sow-editor-base\"\n\t\t\t\n\t\t>\n<div class=\"siteorigin-widget-tinymce textwidget\">\n\t<p>Les produits de rev\u00eatements de sols RCR sont utilis\u00e9s dans les usines et les centres de distribution de certaines des plus grandes entreprises au monde. Ils b\u00e9n\u00e9ficient de la confiance des ing\u00e9nieurs, des architectes et des entrepreneurs.<\/p>\n<\/div>\n<\/div><\/div><\/div><\/div><\/div><\/div>","protected":false},"excerpt":{"rendered":"<p>RCR Flooring Products est l\u2019entreprise \u00e0 l\u2019origine de certaines marques de rev\u00eatements de sols industriels les plus connues au monde. Nous concevons, fabriquons et fournissons une large gamme de produits utilis\u00e9s dans la cr\u00e9ation de sols industriels. Si vous connaissez&#8230;<\/p>\n","protected":false},"author":3,"featured_media":1843,"parent":0,"menu_order":0,"comment_status":"closed","ping_status":"closed","template":"","meta":{"_acf_changed":false,"footnotes":""},"class_list":["post-5776","page","type-page","status-publish","has-post-thumbnail","hentry"],"acf":[],"yoast_head":"<!-- This site is optimized with the Yoast SEO plugin v27.3 - https:\/\/yoast.com\/product\/yoast-seo-wordpress\/ -->\n<title>\u00c0 propos de nous - RCR Flooring Products<\/title>\n<meta name=\"robots\" content=\"index, follow, max-snippet:-1, max-image-preview:large, max-video-preview:-1\" \/>\n<link rel=\"canonical\" href=\"https:\/\/www.rcrflooringproducts.com\/fr\/a-propos-de-nous\/\" \/>\n<meta property=\"og:locale\" content=\"fr_FR\" \/>\n<meta property=\"og:type\" content=\"article\" \/>\n<meta property=\"og:title\" content=\"\u00c0 propos de nous - RCR Flooring Products\" \/>\n<meta property=\"og:description\" content=\"RCR Flooring Products est l\u2019entreprise \u00e0 l\u2019origine de certaines marques de rev\u00eatements de sols industriels les plus connues au monde. Nous concevons, fabriquons et fournissons une large gamme de produits utilis\u00e9s dans la cr\u00e9ation de sols industriels. Si vous connaissez...\" \/>\n<meta property=\"og:url\" content=\"https:\/\/www.rcrflooringproducts.com\/fr\/a-propos-de-nous\/\" \/>\n<meta property=\"og:site_name\" content=\"RCR Flooring Products\" \/>\n<meta property=\"article:modified_time\" content=\"2022-08-17T13:44:10+00:00\" \/>\n<meta property=\"og:image\" content=\"https:\/\/www.rcrflooringproducts.com\/wp-content\/uploads\/2017\/09\/02.jpg\" \/>\n\t<meta property=\"og:image:width\" content=\"1920\" \/>\n\t<meta property=\"og:image:height\" content=\"535\" \/>\n\t<meta property=\"og:image:type\" content=\"image\/jpeg\" \/>\n<meta name=\"twitter:card\" content=\"summary_large_image\" \/>\n<meta name=\"twitter:label1\" content=\"Dur\u00e9e de lecture estim\u00e9e\" \/>\n\t<meta name=\"twitter:data1\" content=\"1 minute\" \/>\n<script type=\"application\/ld+json\" class=\"yoast-schema-graph\">{\"@context\":\"https:\\\/\\\/schema.org\",\"@graph\":[{\"@type\":\"WebPage\",\"@id\":\"https:\\\/\\\/www.rcrflooringproducts.com\\\/fr\\\/a-propos-de-nous\\\/\",\"url\":\"https:\\\/\\\/www.rcrflooringproducts.com\\\/fr\\\/a-propos-de-nous\\\/\",\"name\":\"\u00c0 propos de nous - RCR Flooring Products\",\"isPartOf\":{\"@id\":\"https:\\\/\\\/www.rcrflooringproducts.com\\\/#website\"},\"primaryImageOfPage\":{\"@id\":\"https:\\\/\\\/www.rcrflooringproducts.com\\\/fr\\\/a-propos-de-nous\\\/#primaryimage\"},\"image\":{\"@id\":\"https:\\\/\\\/www.rcrflooringproducts.com\\\/fr\\\/a-propos-de-nous\\\/#primaryimage\"},\"thumbnailUrl\":\"https:\\\/\\\/www.rcrflooringproducts.com\\\/wp-content\\\/uploads\\\/2017\\\/09\\\/02.jpg\",\"datePublished\":\"2022-08-17T13:04:59+00:00\",\"dateModified\":\"2022-08-17T13:44:10+00:00\",\"breadcrumb\":{\"@id\":\"https:\\\/\\\/www.rcrflooringproducts.com\\\/fr\\\/a-propos-de-nous\\\/#breadcrumb\"},\"inLanguage\":\"fr-FR\",\"potentialAction\":[{\"@type\":\"ReadAction\",\"target\":[\"https:\\\/\\\/www.rcrflooringproducts.com\\\/fr\\\/a-propos-de-nous\\\/\"]}]},{\"@type\":\"ImageObject\",\"inLanguage\":\"fr-FR\",\"@id\":\"https:\\\/\\\/www.rcrflooringproducts.com\\\/fr\\\/a-propos-de-nous\\\/#primaryimage\",\"url\":\"https:\\\/\\\/www.rcrflooringproducts.com\\\/wp-content\\\/uploads\\\/2017\\\/09\\\/02.jpg\",\"contentUrl\":\"https:\\\/\\\/www.rcrflooringproducts.com\\\/wp-content\\\/uploads\\\/2017\\\/09\\\/02.jpg\",\"width\":1920,\"height\":535,\"caption\":\"RCR Industrial Flooring scenary\"},{\"@type\":\"BreadcrumbList\",\"@id\":\"https:\\\/\\\/www.rcrflooringproducts.com\\\/fr\\\/a-propos-de-nous\\\/#breadcrumb\",\"itemListElement\":[{\"@type\":\"ListItem\",\"position\":1,\"name\":\"Home\",\"item\":\"https:\\\/\\\/www.rcrflooringproducts.com\\\/fr\\\/\"},{\"@type\":\"ListItem\",\"position\":2,\"name\":\"\u00c0 propos de nous\"}]},{\"@type\":\"WebSite\",\"@id\":\"https:\\\/\\\/www.rcrflooringproducts.com\\\/#website\",\"url\":\"https:\\\/\\\/www.rcrflooringproducts.com\\\/\",\"name\":\"RCR Flooring Products\",\"description\":\"Industrial Flooring Products\",\"potentialAction\":[{\"@type\":\"SearchAction\",\"target\":{\"@type\":\"EntryPoint\",\"urlTemplate\":\"https:\\\/\\\/www.rcrflooringproducts.com\\\/?s={search_term_string}\"},\"query-input\":{\"@type\":\"PropertyValueSpecification\",\"valueRequired\":true,\"valueName\":\"search_term_string\"}}],\"inLanguage\":\"fr-FR\"}]}<\/script>\n<!-- \/ Yoast SEO plugin. -->","yoast_head_json":{"title":"\u00c0 propos de nous - RCR Flooring Products","robots":{"index":"index","follow":"follow","max-snippet":"max-snippet:-1","max-image-preview":"max-image-preview:large","max-video-preview":"max-video-preview:-1"},"canonical":"https:\/\/www.rcrflooringproducts.com\/fr\/a-propos-de-nous\/","og_locale":"fr_FR","og_type":"article","og_title":"\u00c0 propos de nous - RCR Flooring Products","og_description":"RCR Flooring Products est l\u2019entreprise \u00e0 l\u2019origine de certaines marques de rev\u00eatements de sols industriels les plus connues au monde. Nous concevons, fabriquons et fournissons une large gamme de produits utilis\u00e9s dans la cr\u00e9ation de sols industriels. Si vous connaissez...","og_url":"https:\/\/www.rcrflooringproducts.com\/fr\/a-propos-de-nous\/","og_site_name":"RCR Flooring Products","article_modified_time":"2022-08-17T13:44:10+00:00","og_image":[{"width":1920,"height":535,"url":"https:\/\/www.rcrflooringproducts.com\/wp-content\/uploads\/2017\/09\/02.jpg","type":"image\/jpeg"}],"twitter_card":"summary_large_image","twitter_misc":{"Dur\u00e9e de lecture estim\u00e9e":"1 minute"},"schema":{"@context":"https:\/\/schema.org","@graph":[{"@type":"WebPage","@id":"https:\/\/www.rcrflooringproducts.com\/fr\/a-propos-de-nous\/","url":"https:\/\/www.rcrflooringproducts.com\/fr\/a-propos-de-nous\/","name":"\u00c0 propos de nous - RCR Flooring Products","isPartOf":{"@id":"https:\/\/www.rcrflooringproducts.com\/#website"},"primaryImageOfPage":{"@id":"https:\/\/www.rcrflooringproducts.com\/fr\/a-propos-de-nous\/#primaryimage"},"image":{"@id":"https:\/\/www.rcrflooringproducts.com\/fr\/a-propos-de-nous\/#primaryimage"},"thumbnailUrl":"https:\/\/www.rcrflooringproducts.com\/wp-content\/uploads\/2017\/09\/02.jpg","datePublished":"2022-08-17T13:04:59+00:00","dateModified":"2022-08-17T13:44:10+00:00","breadcrumb":{"@id":"https:\/\/www.rcrflooringproducts.com\/fr\/a-propos-de-nous\/#breadcrumb"},"inLanguage":"fr-FR","potentialAction":[{"@type":"ReadAction","target":["https:\/\/www.rcrflooringproducts.com\/fr\/a-propos-de-nous\/"]}]},{"@type":"ImageObject","inLanguage":"fr-FR","@id":"https:\/\/www.rcrflooringproducts.com\/fr\/a-propos-de-nous\/#primaryimage","url":"https:\/\/www.rcrflooringproducts.com\/wp-content\/uploads\/2017\/09\/02.jpg","contentUrl":"https:\/\/www.rcrflooringproducts.com\/wp-content\/uploads\/2017\/09\/02.jpg","width":1920,"height":535,"caption":"RCR Industrial Flooring scenary"},{"@type":"BreadcrumbList","@id":"https:\/\/www.rcrflooringproducts.com\/fr\/a-propos-de-nous\/#breadcrumb","itemListElement":[{"@type":"ListItem","position":1,"name":"Home","item":"https:\/\/www.rcrflooringproducts.com\/fr\/"},{"@type":"ListItem","position":2,"name":"\u00c0 propos de nous"}]},{"@type":"WebSite","@id":"https:\/\/www.rcrflooringproducts.com\/#website","url":"https:\/\/www.rcrflooringproducts.com\/","name":"RCR Flooring Products","description":"Industrial Flooring Products","potentialAction":[{"@type":"SearchAction","target":{"@type":"EntryPoint","urlTemplate":"https:\/\/www.rcrflooringproducts.com\/?s={search_term_string}"},"query-input":{"@type":"PropertyValueSpecification","valueRequired":true,"valueName":"search_term_string"}}],"inLanguage":"fr-FR"}]}},"_links":{"self":[{"href":"https:\/\/www.rcrflooringproducts.com\/fr\/wp-json\/wp\/v2\/pages\/5776","targetHints":{"allow":["GET"]}}],"collection":[{"href":"https:\/\/www.rcrflooringproducts.com\/fr\/wp-json\/wp\/v2\/pages"}],"about":[{"href":"https:\/\/www.rcrflooringproducts.com\/fr\/wp-json\/wp\/v2\/types\/page"}],"author":[{"embeddable":true,"href":"https:\/\/www.rcrflooringproducts.com\/fr\/wp-json\/wp\/v2\/users\/3"}],"replies":[{"embeddable":true,"href":"https:\/\/www.rcrflooringproducts.com\/fr\/wp-json\/wp\/v2\/comments?post=5776"}],"version-history":[{"count":6,"href":"https:\/\/www.rcrflooringproducts.com\/fr\/wp-json\/wp\/v2\/pages\/5776\/revisions"}],"predecessor-version":[{"id":5809,"href":"https:\/\/www.rcrflooringproducts.com\/fr\/wp-json\/wp\/v2\/pages\/5776\/revisions\/5809"}],"wp:featuredmedia":[{"embeddable":true,"href":"https:\/\/www.rcrflooringproducts.com\/fr\/wp-json\/wp\/v2\/media\/1843"}],"wp:attachment":[{"href":"https:\/\/www.rcrflooringproducts.com\/fr\/wp-json\/wp\/v2\/media?parent=5776"}],"curies":[{"name":"wp","href":"https:\/\/api.w.org\/{rel}","templated":true}]}}