{"id":5781,"date":"2022-08-17T13:54:26","date_gmt":"2022-08-17T12:54:26","guid":{"rendered":"https:\/\/www.rcrflooringproducts.com\/about\/"},"modified":"2022-08-17T14:46:53","modified_gmt":"2022-08-17T13:46:53","slug":"acerca-de-nosotros","status":"publish","type":"page","link":"https:\/\/www.rcrflooringproducts.com\/es\/acerca-de-nosotros\/","title":{"rendered":"Acerca de nosotros"},"content":{"rendered":"<div id=\"pl-5781\"  class=\"panel-layout\" ><div id=\"pg-5781-0\"  class=\"panel-grid panel-no-style\" ><div id=\"pgc-5781-0-0\"  class=\"panel-grid-cell\" ><div class=\"large-font-size panel-cell-style panel-cell-style-for-5781-0-0\" ><div id=\"panel-5781-0-0-0\" class=\"so-panel widget widget_sow-editor panel-first-child panel-last-child\" data-index=\"0\" ><div\n\t\t\t\n\t\t\tclass=\"so-widget-sow-editor so-widget-sow-editor-base\"\n\t\t\t\n\t\t>\n<div class=\"siteorigin-widget-tinymce textwidget\">\n\t<p><strong>RCR Flooring Products<\/strong> es la organizaci\u00f3n que est\u00e1 detr\u00e1s de algunas de las marcas de pavimentos industriales m\u00e1s populares del mundo.<\/p>\n<hr style=\"margin-left: 0;\" width=\"40px\" \/>\n<p>Dise\u00f1amos, fabricamos y suministramos una amplia variedad de productos usados para la creaci\u00f3n de soleras industriales. Si est\u00e1 familiarizado con los nombres RINOL, Permaban y ROCLAND, ya conoce el compromiso de RCR con la excelencia del producto, la atenci\u00f3n al cliente y el servicio en todo el mundo. Es lo que une nuestras tres marcas. <a href=\"https:\/\/www.rcrflooringproducts.com\/es\/productos\/\">Visite nuestra p\u00e1gina de productos para descubrir m\u00e1s.<\/a><\/p>\n<\/div>\n<\/div><\/div><\/div><\/div><\/div><div id=\"pg-5781-1\"  class=\"panel-grid panel-has-style\" ><div class=\"panel-row-style panel-row-style-for-5781-1\" ><div id=\"pgc-5781-1-0\"  class=\"panel-grid-cell\" ><div id=\"panel-5781-1-0-0\" class=\"so-panel widget widget_sow-editor panel-first-child panel-last-child\" data-index=\"1\" ><div\n\t\t\t\n\t\t\tclass=\"so-widget-sow-editor so-widget-sow-editor-base\"\n\t\t\t\n\t\t>\n<div class=\"siteorigin-widget-tinymce textwidget\">\n\t<h5>NUESTROS CLIENTES<\/h5>\n<\/div>\n<\/div><\/div><\/div><div id=\"pgc-5781-1-1\"  class=\"panel-grid-cell\" ><div id=\"panel-5781-1-1-0\" class=\"so-panel widget widget_sow-editor panel-first-child panel-last-child\" data-index=\"2\" ><div\n\t\t\t\n\t\t\tclass=\"so-widget-sow-editor so-widget-sow-editor-base\"\n\t\t\t\n\t\t>\n<div class=\"siteorigin-widget-tinymce textwidget\">\n\t<p>Los productos de RCR se han usado en f\u00e1bricas y centros de distribuci\u00f3n de muchas de las principales empresas del mundo, y cuentan con la confianza de ingenieros, arquitectos y contratistas.<\/p>\n<\/div>\n<\/div><\/div><\/div><\/div><\/div><\/div>","protected":false},"excerpt":{"rendered":"<p>RCR Flooring Products es la organizaci\u00f3n que est\u00e1 detr\u00e1s de algunas de las marcas de pavimentos industriales m\u00e1s populares del mundo. Dise\u00f1amos, fabricamos y suministramos una amplia variedad de productos usados para la creaci\u00f3n de soleras industriales. Si est\u00e1 familiarizado&#8230;<\/p>\n","protected":false},"author":3,"featured_media":1845,"parent":0,"menu_order":0,"comment_status":"closed","ping_status":"closed","template":"","meta":{"_acf_changed":false,"footnotes":""},"class_list":["post-5781","page","type-page","status-publish","has-post-thumbnail","hentry"],"acf":[],"yoast_head":"<!-- This site is optimized with the Yoast SEO plugin v27.3 - https:\/\/yoast.com\/product\/yoast-seo-wordpress\/ -->\n<title>Acerca de nosotros - RCR Flooring Products<\/title>\n<meta name=\"robots\" content=\"index, follow, max-snippet:-1, max-image-preview:large, max-video-preview:-1\" \/>\n<link rel=\"canonical\" href=\"https:\/\/www.rcrflooringproducts.com\/es\/acerca-de-nosotros\/\" \/>\n<meta property=\"og:locale\" content=\"es_ES\" \/>\n<meta property=\"og:type\" content=\"article\" \/>\n<meta property=\"og:title\" content=\"Acerca de nosotros - RCR Flooring Products\" \/>\n<meta property=\"og:description\" content=\"RCR Flooring Products es la organizaci\u00f3n que est\u00e1 detr\u00e1s de algunas de las marcas de pavimentos industriales m\u00e1s populares del mundo. Dise\u00f1amos, fabricamos y suministramos una amplia variedad de productos usados para la creaci\u00f3n de soleras industriales. Si est\u00e1 familiarizado...\" \/>\n<meta property=\"og:url\" content=\"https:\/\/www.rcrflooringproducts.com\/es\/acerca-de-nosotros\/\" \/>\n<meta property=\"og:site_name\" content=\"RCR Flooring Products\" \/>\n<meta property=\"article:modified_time\" content=\"2022-08-17T13:46:53+00:00\" \/>\n<meta property=\"og:image\" content=\"https:\/\/www.rcrflooringproducts.com\/wp-content\/uploads\/2017\/09\/02.jpg\" \/>\n\t<meta property=\"og:image:width\" content=\"1920\" \/>\n\t<meta property=\"og:image:height\" content=\"535\" \/>\n\t<meta property=\"og:image:type\" content=\"image\/jpeg\" \/>\n<meta name=\"twitter:card\" content=\"summary_large_image\" \/>\n<meta name=\"twitter:label1\" content=\"Tiempo de lectura\" \/>\n\t<meta name=\"twitter:data1\" content=\"1 minuto\" \/>\n<script type=\"application\/ld+json\" class=\"yoast-schema-graph\">{\"@context\":\"https:\\\/\\\/schema.org\",\"@graph\":[{\"@type\":\"WebPage\",\"@id\":\"https:\\\/\\\/www.rcrflooringproducts.com\\\/es\\\/acerca-de-nosotros\\\/\",\"url\":\"https:\\\/\\\/www.rcrflooringproducts.com\\\/es\\\/acerca-de-nosotros\\\/\",\"name\":\"Acerca de nosotros - RCR Flooring Products\",\"isPartOf\":{\"@id\":\"https:\\\/\\\/www.rcrflooringproducts.com\\\/#website\"},\"primaryImageOfPage\":{\"@id\":\"https:\\\/\\\/www.rcrflooringproducts.com\\\/es\\\/acerca-de-nosotros\\\/#primaryimage\"},\"image\":{\"@id\":\"https:\\\/\\\/www.rcrflooringproducts.com\\\/es\\\/acerca-de-nosotros\\\/#primaryimage\"},\"thumbnailUrl\":\"https:\\\/\\\/www.rcrflooringproducts.com\\\/wp-content\\\/uploads\\\/2017\\\/09\\\/02.jpg\",\"datePublished\":\"2022-08-17T12:54:26+00:00\",\"dateModified\":\"2022-08-17T13:46:53+00:00\",\"breadcrumb\":{\"@id\":\"https:\\\/\\\/www.rcrflooringproducts.com\\\/es\\\/acerca-de-nosotros\\\/#breadcrumb\"},\"inLanguage\":\"es\",\"potentialAction\":[{\"@type\":\"ReadAction\",\"target\":[\"https:\\\/\\\/www.rcrflooringproducts.com\\\/es\\\/acerca-de-nosotros\\\/\"]}]},{\"@type\":\"ImageObject\",\"inLanguage\":\"es\",\"@id\":\"https:\\\/\\\/www.rcrflooringproducts.com\\\/es\\\/acerca-de-nosotros\\\/#primaryimage\",\"url\":\"https:\\\/\\\/www.rcrflooringproducts.com\\\/wp-content\\\/uploads\\\/2017\\\/09\\\/02.jpg\",\"contentUrl\":\"https:\\\/\\\/www.rcrflooringproducts.com\\\/wp-content\\\/uploads\\\/2017\\\/09\\\/02.jpg\",\"width\":1920,\"height\":535,\"caption\":\"RCR Industrial Flooring scenary\"},{\"@type\":\"BreadcrumbList\",\"@id\":\"https:\\\/\\\/www.rcrflooringproducts.com\\\/es\\\/acerca-de-nosotros\\\/#breadcrumb\",\"itemListElement\":[{\"@type\":\"ListItem\",\"position\":1,\"name\":\"Home\",\"item\":\"https:\\\/\\\/www.rcrflooringproducts.com\\\/es\\\/\"},{\"@type\":\"ListItem\",\"position\":2,\"name\":\"Acerca de nosotros\"}]},{\"@type\":\"WebSite\",\"@id\":\"https:\\\/\\\/www.rcrflooringproducts.com\\\/#website\",\"url\":\"https:\\\/\\\/www.rcrflooringproducts.com\\\/\",\"name\":\"RCR Flooring Products\",\"description\":\"Industrial Flooring Products\",\"potentialAction\":[{\"@type\":\"SearchAction\",\"target\":{\"@type\":\"EntryPoint\",\"urlTemplate\":\"https:\\\/\\\/www.rcrflooringproducts.com\\\/?s={search_term_string}\"},\"query-input\":{\"@type\":\"PropertyValueSpecification\",\"valueRequired\":true,\"valueName\":\"search_term_string\"}}],\"inLanguage\":\"es\"}]}<\/script>\n<!-- \/ Yoast SEO plugin. -->","yoast_head_json":{"title":"Acerca de nosotros - RCR Flooring Products","robots":{"index":"index","follow":"follow","max-snippet":"max-snippet:-1","max-image-preview":"max-image-preview:large","max-video-preview":"max-video-preview:-1"},"canonical":"https:\/\/www.rcrflooringproducts.com\/es\/acerca-de-nosotros\/","og_locale":"es_ES","og_type":"article","og_title":"Acerca de nosotros - RCR Flooring Products","og_description":"RCR Flooring Products es la organizaci\u00f3n que est\u00e1 detr\u00e1s de algunas de las marcas de pavimentos industriales m\u00e1s populares del mundo. Dise\u00f1amos, fabricamos y suministramos una amplia variedad de productos usados para la creaci\u00f3n de soleras industriales. Si est\u00e1 familiarizado...","og_url":"https:\/\/www.rcrflooringproducts.com\/es\/acerca-de-nosotros\/","og_site_name":"RCR Flooring Products","article_modified_time":"2022-08-17T13:46:53+00:00","og_image":[{"width":1920,"height":535,"url":"https:\/\/www.rcrflooringproducts.com\/wp-content\/uploads\/2017\/09\/02.jpg","type":"image\/jpeg"}],"twitter_card":"summary_large_image","twitter_misc":{"Tiempo de lectura":"1 minuto"},"schema":{"@context":"https:\/\/schema.org","@graph":[{"@type":"WebPage","@id":"https:\/\/www.rcrflooringproducts.com\/es\/acerca-de-nosotros\/","url":"https:\/\/www.rcrflooringproducts.com\/es\/acerca-de-nosotros\/","name":"Acerca de nosotros - RCR Flooring Products","isPartOf":{"@id":"https:\/\/www.rcrflooringproducts.com\/#website"},"primaryImageOfPage":{"@id":"https:\/\/www.rcrflooringproducts.com\/es\/acerca-de-nosotros\/#primaryimage"},"image":{"@id":"https:\/\/www.rcrflooringproducts.com\/es\/acerca-de-nosotros\/#primaryimage"},"thumbnailUrl":"https:\/\/www.rcrflooringproducts.com\/wp-content\/uploads\/2017\/09\/02.jpg","datePublished":"2022-08-17T12:54:26+00:00","dateModified":"2022-08-17T13:46:53+00:00","breadcrumb":{"@id":"https:\/\/www.rcrflooringproducts.com\/es\/acerca-de-nosotros\/#breadcrumb"},"inLanguage":"es","potentialAction":[{"@type":"ReadAction","target":["https:\/\/www.rcrflooringproducts.com\/es\/acerca-de-nosotros\/"]}]},{"@type":"ImageObject","inLanguage":"es","@id":"https:\/\/www.rcrflooringproducts.com\/es\/acerca-de-nosotros\/#primaryimage","url":"https:\/\/www.rcrflooringproducts.com\/wp-content\/uploads\/2017\/09\/02.jpg","contentUrl":"https:\/\/www.rcrflooringproducts.com\/wp-content\/uploads\/2017\/09\/02.jpg","width":1920,"height":535,"caption":"RCR Industrial Flooring scenary"},{"@type":"BreadcrumbList","@id":"https:\/\/www.rcrflooringproducts.com\/es\/acerca-de-nosotros\/#breadcrumb","itemListElement":[{"@type":"ListItem","position":1,"name":"Home","item":"https:\/\/www.rcrflooringproducts.com\/es\/"},{"@type":"ListItem","position":2,"name":"Acerca de nosotros"}]},{"@type":"WebSite","@id":"https:\/\/www.rcrflooringproducts.com\/#website","url":"https:\/\/www.rcrflooringproducts.com\/","name":"RCR Flooring Products","description":"Industrial Flooring Products","potentialAction":[{"@type":"SearchAction","target":{"@type":"EntryPoint","urlTemplate":"https:\/\/www.rcrflooringproducts.com\/?s={search_term_string}"},"query-input":{"@type":"PropertyValueSpecification","valueRequired":true,"valueName":"search_term_string"}}],"inLanguage":"es"}]}},"_links":{"self":[{"href":"https:\/\/www.rcrflooringproducts.com\/es\/wp-json\/wp\/v2\/pages\/5781","targetHints":{"allow":["GET"]}}],"collection":[{"href":"https:\/\/www.rcrflooringproducts.com\/es\/wp-json\/wp\/v2\/pages"}],"about":[{"href":"https:\/\/www.rcrflooringproducts.com\/es\/wp-json\/wp\/v2\/types\/page"}],"author":[{"embeddable":true,"href":"https:\/\/www.rcrflooringproducts.com\/es\/wp-json\/wp\/v2\/users\/3"}],"replies":[{"embeddable":true,"href":"https:\/\/www.rcrflooringproducts.com\/es\/wp-json\/wp\/v2\/comments?post=5781"}],"version-history":[{"count":3,"href":"https:\/\/www.rcrflooringproducts.com\/es\/wp-json\/wp\/v2\/pages\/5781\/revisions"}],"predecessor-version":[{"id":5814,"href":"https:\/\/www.rcrflooringproducts.com\/es\/wp-json\/wp\/v2\/pages\/5781\/revisions\/5814"}],"wp:featuredmedia":[{"embeddable":true,"href":"https:\/\/www.rcrflooringproducts.com\/es\/wp-json\/wp\/v2\/media\/1845"}],"wp:attachment":[{"href":"https:\/\/www.rcrflooringproducts.com\/es\/wp-json\/wp\/v2\/media?parent=5781"}],"curies":[{"name":"wp","href":"https:\/\/api.w.org\/{rel}","templated":true}]}}