{"id":2636,"date":"2017-09-12T15:59:46","date_gmt":"2017-09-12T14:59:46","guid":{"rendered":"https:\/\/www.rcrflooringproducts.com\/technical-help\/"},"modified":"2019-10-31T17:25:06","modified_gmt":"2019-10-31T17:25:06","slug":"asistencia-tecnica","status":"publish","type":"page","link":"https:\/\/www.rcrflooringproducts.com\/es\/asistencia-tecnica\/","title":{"rendered":"Asistencia t\u00e9cnica"},"content":{"rendered":"<div id=\"pl-2636\"  class=\"panel-layout\" ><div id=\"pg-2636-0\"  class=\"panel-grid panel-no-style\" ><div id=\"pgc-2636-0-0\"  class=\"panel-grid-cell\" ><div id=\"panel-2636-0-0-0\" class=\"so-panel widget widget_sow-editor panel-first-child panel-last-child\" data-index=\"0\" ><div class=\"large-font-size panel-widget-style panel-widget-style-for-2636-0-0-0\" ><div\n\t\t\t\n\t\t\tclass=\"so-widget-sow-editor so-widget-sow-editor-base\"\n\t\t\t\n\t\t>\n<div class=\"siteorigin-widget-tinymce textwidget\">\n\t<p>Puede ver y descargar informaci\u00f3n detallada acerca de nuestros productos para pavimentos industriales en las webs de nuestras marcas.  All\u00ed encontrar\u00e1 folletos, hojas de especificaciones, instrucciones de instalaci\u00f3n y fichas de datos de seguridad. Estaremos adem\u00e1s encantados de responder a sus preguntas sobre pavimentos industriales y revestimientos.\n<\/p>\n<p>Tambi\u00e9n impartimos seminarios de capacitaci\u00f3n t\u00e9cnica y desarrollo profesional continuo (DPC). <a href=\"https:\/\/www.rcrflooringproducts.com\/es\/asistencia-tecnica\/dpc\/\">Descubra m\u00e1s &gt;&gt;<\/a><\/p>\n<p>\u00a0<\/p>\n<\/div>\n<\/div><\/div><\/div><\/div><\/div><div id=\"pg-2636-1\"  class=\"panel-grid panel-has-style\" ><div class=\"siteorigin-panels-stretch panel-row-style panel-row-style-for-2636-1\" data-stretch-type=\"full\" ><div id=\"pgc-2636-1-0\"  class=\"panel-grid-cell\" ><div class=\"box-shadow panel-cell-style panel-cell-style-for-2636-1-0\" ><div id=\"panel-2636-1-0-0\" class=\"so-panel widget widget_sow-image panel-first-child\" data-index=\"1\" ><div class=\"flooring-brands panel-widget-style panel-widget-style-for-2636-1-0-0\" ><div\n\t\t\t\n\t\t\tclass=\"so-widget-sow-image so-widget-sow-image-default-a258e6bfa2d8-2636\"\n\t\t\t\n\t\t>\n<div class=\"sow-image-container\">\n\t\t\t<a href=\"http:\/\/www.rinol.de\/en\/content\/broschueren.html\"\n\t\t\ttarget=\"_blank\" rel=\"noopener noreferrer\" \t\t>\n\t\t\t<img \n\tsrc=\"https:\/\/www.rcrflooringproducts.com\/wp-content\/uploads\/2017\/09\/rinol-logo.jpg\" width=\"1198\" height=\"512\" srcset=\"https:\/\/www.rcrflooringproducts.com\/wp-content\/uploads\/2017\/09\/rinol-logo.jpg 1198w, https:\/\/www.rcrflooringproducts.com\/wp-content\/uploads\/2017\/09\/rinol-logo-300x128.jpg 300w, https:\/\/www.rcrflooringproducts.com\/wp-content\/uploads\/2017\/09\/rinol-logo-768x328.jpg 768w, https:\/\/www.rcrflooringproducts.com\/wp-content\/uploads\/2017\/09\/rinol-logo-1024x438.jpg 1024w\" sizes=\"(max-width: 1198px) 100vw, 1198px\" alt=\"RINOL industrial resin flooring systems | commercial epoxy resin flooring\" \t\tclass=\"so-widget-image\"\/>\n\t\t\t<\/a><\/div>\n\n<h3 class=\"widget-title\"><\/h3><\/div><\/div><\/div><div id=\"panel-2636-1-0-1\" class=\"so-panel widget widget_sow-editor panel-last-child\" data-index=\"2\" ><div class=\"panel-widget-style panel-widget-style-for-2636-1-0-1\" ><div\n\t\t\t\n\t\t\tclass=\"so-widget-sow-editor so-widget-sow-editor-base\"\n\t\t\t\n\t\t>\n<div class=\"siteorigin-widget-tinymce textwidget\">\n\t<p><a href=\"http:\/\/www.rinol.de\/es\/content\/broschueren.html\"><strong>Folletos de RINOL<\/strong><\/a><\/p>\n<\/div>\n<\/div><\/div><\/div><\/div><\/div><div id=\"pgc-2636-1-1\"  class=\"panel-grid-cell\" ><div class=\"box-shadow panel-cell-style panel-cell-style-for-2636-1-1\" ><div id=\"panel-2636-1-1-0\" class=\"so-panel widget widget_sow-image panel-first-child\" data-index=\"3\" ><div class=\"flooring-brands panel-widget-style panel-widget-style-for-2636-1-1-0\" ><div\n\t\t\t\n\t\t\tclass=\"so-widget-sow-image so-widget-sow-image-default-c67d20f9f743-2636\"\n\t\t\t\n\t\t>\n<div class=\"sow-image-container\">\n\t\t\t<a href=\"http:\/\/www.rocland.eu\/es\/preguntas-frecuentes.html\"\n\t\t\ttarget=\"_blank\" rel=\"noopener noreferrer\" \t\t>\n\t\t\t<img \n\tsrc=\"https:\/\/www.rcrflooringproducts.com\/wp-content\/uploads\/2017\/09\/Rocland-with-strapline.jpg\" width=\"650\" height=\"619\" srcset=\"https:\/\/www.rcrflooringproducts.com\/wp-content\/uploads\/2017\/09\/Rocland-with-strapline.jpg 650w, https:\/\/www.rcrflooringproducts.com\/wp-content\/uploads\/2017\/09\/Rocland-with-strapline-300x286.jpg 300w\" sizes=\"(max-width: 650px) 100vw, 650px\" alt=\"ROCLAND concrete dry-shake | concrete surface hardeners | industrial floor coatings\" \t\tclass=\"so-widget-image\"\/>\n\t\t\t<\/a><\/div>\n\n<h3 class=\"widget-title\"><\/h3><\/div><\/div><\/div><div id=\"panel-2636-1-1-1\" class=\"so-panel widget widget_sow-editor panel-last-child\" data-index=\"4\" ><div class=\"panel-widget-style panel-widget-style-for-2636-1-1-1\" ><div\n\t\t\t\n\t\t\tclass=\"so-widget-sow-editor so-widget-sow-editor-base\"\n\t\t\t\n\t\t>\n<div class=\"siteorigin-widget-tinymce textwidget\">\n\t<p><strong><a href=\"http:\/\/www.rocland.eu\/es\/preguntas-frecuentes.html\">Preguntas frecuentes sobre ROCLAND<\/a><\/strong><\/p>\n<\/div>\n<\/div><\/div><\/div><\/div><\/div><div id=\"pgc-2636-1-2\"  class=\"panel-grid-cell\" ><div class=\"box-shadow panel-cell-style panel-cell-style-for-2636-1-2\" ><div id=\"panel-2636-1-2-0\" class=\"so-panel widget widget_sow-image panel-first-child\" data-index=\"5\" ><div class=\"flooring-brands panel-widget-style panel-widget-style-for-2636-1-2-0\" ><div\n\t\t\t\n\t\t\tclass=\"so-widget-sow-image so-widget-sow-image-default-c67d20f9f743-2636\"\n\t\t\t\n\t\t>\n<div class=\"sow-image-container\">\n\t\t\t<a href=\"https:\/\/www.permaban.com\/technical-help\"\n\t\t\ttarget=\"_blank\" rel=\"noopener noreferrer\" \t\t>\n\t\t\t<img \n\tsrc=\"https:\/\/www.rcrflooringproducts.com\/wp-content\/uploads\/2017\/09\/Permaban-logo-strapline.jpg\" width=\"500\" height=\"144\" srcset=\"https:\/\/www.rcrflooringproducts.com\/wp-content\/uploads\/2017\/09\/Permaban-logo-strapline.jpg 500w, https:\/\/www.rcrflooringproducts.com\/wp-content\/uploads\/2017\/09\/Permaban-logo-strapline-300x86.jpg 300w\" sizes=\"(max-width: 500px) 100vw, 500px\" alt=\"Permaban armoured joints for industrial floors | concrete joints | leave in place formwork\" \t\tclass=\"so-widget-image\"\/>\n\t\t\t<\/a><\/div>\n\n<h3 class=\"widget-title\"><\/h3><\/div><\/div><\/div><div id=\"panel-2636-1-2-1\" class=\"so-panel widget widget_sow-editor panel-last-child\" data-index=\"6\" ><div class=\"panel-widget-style panel-widget-style-for-2636-1-2-1\" ><div\n\t\t\t\n\t\t\tclass=\"so-widget-sow-editor so-widget-sow-editor-base\"\n\t\t\t\n\t\t>\n<div class=\"siteorigin-widget-tinymce textwidget\">\n\t<p><a href=\"https:\/\/www.permaban.com\/technical-help\"><strong>Centro de asistencia t\u00e9cnica de Permaban<\/strong><\/a><\/p>\n<\/div>\n<\/div><\/div><\/div><\/div><\/div><\/div><\/div><div id=\"pg-2636-2\"  class=\"panel-grid panel-no-style\" ><div id=\"pgc-2636-2-0\"  class=\"panel-grid-cell\" ><div id=\"panel-2636-2-0-0\" class=\"so-panel widget widget_sow-editor panel-first-child panel-last-child\" data-index=\"7\" ><div\n\t\t\t\n\t\t\tclass=\"so-widget-sow-editor so-widget-sow-editor-base\"\n\t\t\t\n\t\t>\n<div class=\"siteorigin-widget-tinymce textwidget\">\n\t<h5>VIDEOS T\u00c9CNICOS<\/h5>\n<\/div>\n<\/div><\/div><\/div><\/div><div id=\"pg-2636-3\"  class=\"panel-grid panel-has-style\" ><div class=\"siteorigin-panels-stretch panel-row-style panel-row-style-for-2636-3\" data-stretch-type=\"full\" ><div id=\"pgc-2636-3-0\"  class=\"panel-grid-cell\" ><div class=\"box-shadow panel-cell-style panel-cell-style-for-2636-3-0\" ><div id=\"panel-2636-3-0-0\" class=\"so-panel widget widget_media_video panel-first-child\" data-index=\"8\" ><div style=\"width:100%;\" class=\"wp-video\"><video class=\"wp-video-shortcode\" id=\"video-2636-1\" preload=\"metadata\" controls=\"controls\"><source type=\"video\/youtube\" src=\"https:\/\/www.youtube.com\/watch?v=6leQu5LCC7E&#038;_=1\" \/><a href=\"https:\/\/www.youtube.com\/watch?v=6leQu5LCC7E\">https:\/\/www.youtube.com\/watch?v=6leQu5LCC7E<\/a><\/video><\/div><\/div><div id=\"panel-2636-3-0-1\" class=\"so-panel widget widget_sow-editor panel-last-child\" data-index=\"9\" ><div class=\"panel-widget-style panel-widget-style-for-2636-3-0-1\" ><div\n\t\t\t\n\t\t\tclass=\"so-widget-sow-editor so-widget-sow-editor-base\"\n\t\t\t\n\t\t>\n<div class=\"siteorigin-widget-tinymce textwidget\">\n\t<p>Juntas para suelos de hormig\u00f3n.<\/p>\n<\/div>\n<\/div><\/div><\/div><\/div><\/div><div id=\"pgc-2636-3-1\"  class=\"panel-grid-cell\" ><div class=\"box-shadow panel-cell-style panel-cell-style-for-2636-3-1\" ><div id=\"panel-2636-3-1-0\" class=\"so-panel widget widget_media_video panel-first-child\" data-index=\"10\" ><div style=\"width:100%;\" class=\"wp-video\"><video class=\"wp-video-shortcode\" id=\"video-2636-2\" preload=\"metadata\" controls=\"controls\"><source type=\"video\/youtube\" src=\"https:\/\/www.youtube.com\/watch?v=0LDZrIHo7Z4&#038;_=2\" \/><a href=\"https:\/\/www.youtube.com\/watch?v=0LDZrIHo7Z4\">https:\/\/www.youtube.com\/watch?v=0LDZrIHo7Z4<\/a><\/video><\/div><\/div><div id=\"panel-2636-3-1-1\" class=\"so-panel widget widget_sow-editor panel-last-child\" data-index=\"11\" ><div class=\"panel-widget-style panel-widget-style-for-2636-3-1-1\" ><div\n\t\t\t\n\t\t\tclass=\"so-widget-sow-editor so-widget-sow-editor-base\"\n\t\t\t\n\t\t>\n<div class=\"siteorigin-widget-tinymce textwidget\">\n\t<p>Fabricaci\u00f3n de endurecedores de superficie.<\/p>\n<\/div>\n<\/div><\/div><\/div><\/div><\/div><div id=\"pgc-2636-3-2\"  class=\"panel-grid-cell\" ><div class=\"box-shadow panel-cell-style panel-cell-style-for-2636-3-2\" ><div id=\"panel-2636-3-2-0\" class=\"so-panel widget widget_media_video panel-first-child\" data-index=\"12\" ><div style=\"width:100%;\" class=\"wp-video\"><video class=\"wp-video-shortcode\" id=\"video-2636-3\" preload=\"metadata\" controls=\"controls\"><source type=\"video\/youtube\" src=\"https:\/\/www.youtube.com\/watch?v=hWvAAhSAi7M&#038;_=3\" \/><a href=\"https:\/\/www.youtube.com\/watch?v=hWvAAhSAi7M\">https:\/\/www.youtube.com\/watch?v=hWvAAhSAi7M<\/a><\/video><\/div><\/div><div id=\"panel-2636-3-2-1\" class=\"so-panel widget widget_sow-editor panel-last-child\" data-index=\"13\" ><div class=\"panel-widget-style panel-widget-style-for-2636-3-2-1\" ><div\n\t\t\t\n\t\t\tclass=\"so-widget-sow-editor so-widget-sow-editor-base\"\n\t\t\t\n\t\t>\n<div class=\"siteorigin-widget-tinymce textwidget\">\n\t<p>Productos cementosos para pavimentaci\u00f3n industrial.<\/p>\n<\/div>\n<\/div><\/div><\/div><\/div><\/div><\/div><\/div><div id=\"pg-2636-4\"  class=\"panel-grid panel-no-style\" ><div id=\"pgc-2636-4-0\"  class=\"panel-grid-cell\" ><div id=\"panel-2636-4-0-0\" class=\"so-panel widget widget_sow-editor panel-first-child panel-last-child\" data-index=\"14\" ><div\n\t\t\t\n\t\t\tclass=\"so-widget-sow-editor so-widget-sow-editor-base\"\n\t\t\t\n\t\t>\n<div class=\"siteorigin-widget-tinymce textwidget\">\n\t<h5>ART\u00cdCULOS T\u00c9CNICOS<\/h5>\n<\/div>\n<\/div><\/div><\/div><\/div><div id=\"pg-2636-5\"  class=\"panel-grid panel-has-style\" ><div class=\"siteorigin-panels-stretch panel-row-style panel-row-style-for-2636-5\" data-stretch-type=\"full\" ><div id=\"pgc-2636-5-0\"  class=\"panel-grid-cell\" ><div class=\"box-shadow panel-cell-style panel-cell-style-for-2636-5-0\" ><div id=\"panel-2636-5-0-0\" class=\"so-panel widget widget_sow-image panel-first-child\" data-index=\"15\" ><div class=\"flooring-brands panel-widget-style panel-widget-style-for-2636-5-0-0\" ><div\n\t\t\t\n\t\t\tclass=\"so-widget-sow-image so-widget-sow-image-default-c67d20f9f743-2636\"\n\t\t\t\n\t\t>\n<div class=\"sow-image-container\">\n\t\t\t<a href=\"http:\/\/www.rocland.eu\/en\/how-do-you-know-youve-got-a-quality-concrete-product\/\"\n\t\t\ttarget=\"_blank\" rel=\"noopener noreferrer\" \t\t>\n\t\t\t<img \n\tsrc=\"https:\/\/www.rcrflooringproducts.com\/wp-content\/uploads\/2017\/09\/Lab2.jpg\" width=\"638\" height=\"425\" srcset=\"https:\/\/www.rcrflooringproducts.com\/wp-content\/uploads\/2017\/09\/Lab2.jpg 638w, https:\/\/www.rcrflooringproducts.com\/wp-content\/uploads\/2017\/09\/Lab2-272x182.jpg 272w\" sizes=\"(max-width: 638px) 100vw, 638px\" alt=\"Industrial floor product | Technical help\" \t\tclass=\"so-widget-image\"\/>\n\t\t\t<\/a><\/div>\n\n<h3 class=\"widget-title\"><\/h3><\/div><\/div><\/div><div id=\"panel-2636-5-0-1\" class=\"so-panel widget widget_sow-editor panel-last-child\" data-index=\"16\" ><div class=\"panel-widget-style panel-widget-style-for-2636-5-0-1\" ><div\n\t\t\t\n\t\t\tclass=\"so-widget-sow-editor so-widget-sow-editor-base\"\n\t\t\t\n\t\t>\n<div class=\"siteorigin-widget-tinymce textwidget\">\n\t<p><strong><a href=\"http:\/\/www.rocland.eu\/en\/how-do-you-know-youve-got-a-quality-concrete-product\/\" target=\"_blank\" rel=\"noopener\"><br \/>\n\u00bfC\u00f3mo sabes que tienes un producto de concreto de calidad?<\/a><\/strong><\/p>\n<\/div>\n<\/div><\/div><\/div><\/div><\/div><div id=\"pgc-2636-5-1\"  class=\"panel-grid-cell panel-grid-cell-empty panel-grid-cell-mobile-last\" ><div class=\"box-shadow panel-cell-style panel-cell-style-for-2636-5-1\" ><\/div><\/div><div id=\"pgc-2636-5-2\"  class=\"panel-grid-cell panel-grid-cell-empty\" ><div class=\"box-shadow panel-cell-style panel-cell-style-for-2636-5-2\" ><\/div><\/div><\/div><\/div><div id=\"pg-2636-6\"  class=\"panel-grid panel-no-style\" ><div id=\"pgc-2636-6-0\"  class=\"panel-grid-cell\" ><div id=\"panel-2636-6-0-0\" class=\"so-panel widget widget_siteorigin-panels-postloop panel-first-child panel-last-child\" data-index=\"17\" ><div class=\"row panel-widget-style panel-widget-style-for-2636-6-0-0\" >\n\n\n<\/div><\/div><\/div><\/div><div id=\"pg-2636-7\"  class=\"panel-grid panel-has-style\" ><div class=\"left-right-padding panel-row-style panel-row-style-for-2636-7\" ><div id=\"pgc-2636-7-0\"  class=\"panel-grid-cell\" ><div id=\"panel-2636-7-0-0\" class=\"so-panel widget widget_sow-editor panel-first-child panel-last-child\" data-index=\"18\" ><div\n\t\t\t\n\t\t\tclass=\"so-widget-sow-editor so-widget-sow-editor-base\"\n\t\t\t\n\t\t>\n<div class=\"siteorigin-widget-tinymce textwidget\">\n\t<h2>Solicite ayuda a nuestro equipo t\u00e9cnico<\/h2>\n<p>Complete el siguiente formulario y le responderemos lo antes posible. Tambi\u00e9n puede <a href=\"https:\/\/www.rcrflooringproducts.com\/es\/contacte\/\">ponerse en contacto con la oficina m\u00e1s cercana a usted. <\/a><\/p>\n<p>[gravityform id=\"2\" title=\"false\" description=\"false\" ajax=\"true\"]<\/p>\n<\/div>\n<\/div><\/div><\/div><\/div><\/div><\/div>","protected":false},"excerpt":{"rendered":"<p>Puede ver y descargar informaci\u00f3n detallada acerca de nuestros productos para pavimentos industriales en las webs de nuestras marcas. All\u00ed encontrar\u00e1 folletos, hojas de especificaciones, instrucciones de instalaci\u00f3n y fichas de datos de seguridad. Estaremos adem\u00e1s encantados de responder a&#8230;<\/p>\n","protected":false},"author":3,"featured_media":2385,"parent":0,"menu_order":0,"comment_status":"closed","ping_status":"closed","template":"","meta":{"_acf_changed":false,"footnotes":""},"class_list":["post-2636","page","type-page","status-publish","has-post-thumbnail","hentry"],"acf":[],"yoast_head":"<!-- This site is optimized with the Yoast SEO plugin v27.3 - https:\/\/yoast.com\/product\/yoast-seo-wordpress\/ -->\n<title>Pavimentos Industriales y Revestimientos - Asistencia T\u00e9cnica | RCR Flooring Products<\/title>\n<meta name=\"description\" content=\"Estaremos encantados de responder a sus preguntas sobre pavimentos industriales y revestimientos. Tambi\u00e9n impartimos seminarios de capacitaci\u00f3n t\u00e9cnica y desarrollo profesional continuo (DPC).\" \/>\n<meta name=\"robots\" content=\"index, follow, max-snippet:-1, max-image-preview:large, max-video-preview:-1\" \/>\n<link rel=\"canonical\" href=\"https:\/\/www.rcrflooringproducts.com\/es\/asistencia-tecnica\/\" \/>\n<meta property=\"og:locale\" content=\"es_ES\" \/>\n<meta property=\"og:type\" content=\"article\" \/>\n<meta property=\"og:title\" content=\"Pavimentos Industriales y Revestimientos - Asistencia T\u00e9cnica | RCR Flooring Products\" \/>\n<meta property=\"og:description\" content=\"Estaremos encantados de responder a sus preguntas sobre pavimentos industriales y revestimientos. Tambi\u00e9n impartimos seminarios de capacitaci\u00f3n t\u00e9cnica y desarrollo profesional continuo (DPC).\" \/>\n<meta property=\"og:url\" content=\"https:\/\/www.rcrflooringproducts.com\/es\/asistencia-tecnica\/\" \/>\n<meta property=\"og:site_name\" content=\"RCR Flooring Products\" \/>\n<meta property=\"article:modified_time\" content=\"2019-10-31T17:25:06+00:00\" \/>\n<meta property=\"og:image\" content=\"https:\/\/www.rcrflooringproducts.com\/wp-content\/uploads\/2017\/09\/04.jpg\" \/>\n\t<meta property=\"og:image:width\" content=\"1920\" \/>\n\t<meta property=\"og:image:height\" content=\"535\" \/>\n\t<meta property=\"og:image:type\" content=\"image\/jpeg\" \/>\n<meta name=\"twitter:card\" content=\"summary_large_image\" \/>\n<meta name=\"twitter:label1\" content=\"Tiempo de lectura\" \/>\n\t<meta name=\"twitter:data1\" content=\"1 minuto\" \/>\n<script type=\"application\/ld+json\" class=\"yoast-schema-graph\">{\"@context\":\"https:\\\/\\\/schema.org\",\"@graph\":[{\"@type\":\"WebPage\",\"@id\":\"https:\\\/\\\/www.rcrflooringproducts.com\\\/es\\\/asistencia-tecnica\\\/\",\"url\":\"https:\\\/\\\/www.rcrflooringproducts.com\\\/es\\\/asistencia-tecnica\\\/\",\"name\":\"Pavimentos Industriales y Revestimientos - Asistencia T\u00e9cnica | RCR Flooring Products\",\"isPartOf\":{\"@id\":\"https:\\\/\\\/www.rcrflooringproducts.com\\\/#website\"},\"primaryImageOfPage\":{\"@id\":\"https:\\\/\\\/www.rcrflooringproducts.com\\\/es\\\/asistencia-tecnica\\\/#primaryimage\"},\"image\":{\"@id\":\"https:\\\/\\\/www.rcrflooringproducts.com\\\/es\\\/asistencia-tecnica\\\/#primaryimage\"},\"thumbnailUrl\":\"https:\\\/\\\/www.rcrflooringproducts.com\\\/wp-content\\\/uploads\\\/2017\\\/09\\\/04.jpg\",\"datePublished\":\"2017-09-12T14:59:46+00:00\",\"dateModified\":\"2019-10-31T17:25:06+00:00\",\"description\":\"Estaremos encantados de responder a sus preguntas sobre pavimentos industriales y revestimientos. Tambi\u00e9n impartimos seminarios de capacitaci\u00f3n t\u00e9cnica y desarrollo profesional continuo (DPC).\",\"breadcrumb\":{\"@id\":\"https:\\\/\\\/www.rcrflooringproducts.com\\\/es\\\/asistencia-tecnica\\\/#breadcrumb\"},\"inLanguage\":\"es\",\"potentialAction\":[{\"@type\":\"ReadAction\",\"target\":[\"https:\\\/\\\/www.rcrflooringproducts.com\\\/es\\\/asistencia-tecnica\\\/\"]}]},{\"@type\":\"ImageObject\",\"inLanguage\":\"es\",\"@id\":\"https:\\\/\\\/www.rcrflooringproducts.com\\\/es\\\/asistencia-tecnica\\\/#primaryimage\",\"url\":\"https:\\\/\\\/www.rcrflooringproducts.com\\\/wp-content\\\/uploads\\\/2017\\\/09\\\/04.jpg\",\"contentUrl\":\"https:\\\/\\\/www.rcrflooringproducts.com\\\/wp-content\\\/uploads\\\/2017\\\/09\\\/04.jpg\",\"width\":1920,\"height\":535},{\"@type\":\"BreadcrumbList\",\"@id\":\"https:\\\/\\\/www.rcrflooringproducts.com\\\/es\\\/asistencia-tecnica\\\/#breadcrumb\",\"itemListElement\":[{\"@type\":\"ListItem\",\"position\":1,\"name\":\"Home\",\"item\":\"https:\\\/\\\/www.rcrflooringproducts.com\\\/es\\\/\"},{\"@type\":\"ListItem\",\"position\":2,\"name\":\"Asistencia t\u00e9cnica\"}]},{\"@type\":\"WebSite\",\"@id\":\"https:\\\/\\\/www.rcrflooringproducts.com\\\/#website\",\"url\":\"https:\\\/\\\/www.rcrflooringproducts.com\\\/\",\"name\":\"RCR Flooring Products\",\"description\":\"Industrial Flooring Products\",\"potentialAction\":[{\"@type\":\"SearchAction\",\"target\":{\"@type\":\"EntryPoint\",\"urlTemplate\":\"https:\\\/\\\/www.rcrflooringproducts.com\\\/?s={search_term_string}\"},\"query-input\":{\"@type\":\"PropertyValueSpecification\",\"valueRequired\":true,\"valueName\":\"search_term_string\"}}],\"inLanguage\":\"es\"}]}<\/script>\n<!-- \/ Yoast SEO plugin. -->","yoast_head_json":{"title":"Pavimentos Industriales y Revestimientos - Asistencia T\u00e9cnica | RCR Flooring Products","description":"Estaremos encantados de responder a sus preguntas sobre pavimentos industriales y revestimientos. Tambi\u00e9n impartimos seminarios de capacitaci\u00f3n t\u00e9cnica y desarrollo profesional continuo (DPC).","robots":{"index":"index","follow":"follow","max-snippet":"max-snippet:-1","max-image-preview":"max-image-preview:large","max-video-preview":"max-video-preview:-1"},"canonical":"https:\/\/www.rcrflooringproducts.com\/es\/asistencia-tecnica\/","og_locale":"es_ES","og_type":"article","og_title":"Pavimentos Industriales y Revestimientos - Asistencia T\u00e9cnica | RCR Flooring Products","og_description":"Estaremos encantados de responder a sus preguntas sobre pavimentos industriales y revestimientos. Tambi\u00e9n impartimos seminarios de capacitaci\u00f3n t\u00e9cnica y desarrollo profesional continuo (DPC).","og_url":"https:\/\/www.rcrflooringproducts.com\/es\/asistencia-tecnica\/","og_site_name":"RCR Flooring Products","article_modified_time":"2019-10-31T17:25:06+00:00","og_image":[{"width":1920,"height":535,"url":"https:\/\/www.rcrflooringproducts.com\/wp-content\/uploads\/2017\/09\/04.jpg","type":"image\/jpeg"}],"twitter_card":"summary_large_image","twitter_misc":{"Tiempo de lectura":"1 minuto"},"schema":{"@context":"https:\/\/schema.org","@graph":[{"@type":"WebPage","@id":"https:\/\/www.rcrflooringproducts.com\/es\/asistencia-tecnica\/","url":"https:\/\/www.rcrflooringproducts.com\/es\/asistencia-tecnica\/","name":"Pavimentos Industriales y Revestimientos - Asistencia T\u00e9cnica | RCR Flooring Products","isPartOf":{"@id":"https:\/\/www.rcrflooringproducts.com\/#website"},"primaryImageOfPage":{"@id":"https:\/\/www.rcrflooringproducts.com\/es\/asistencia-tecnica\/#primaryimage"},"image":{"@id":"https:\/\/www.rcrflooringproducts.com\/es\/asistencia-tecnica\/#primaryimage"},"thumbnailUrl":"https:\/\/www.rcrflooringproducts.com\/wp-content\/uploads\/2017\/09\/04.jpg","datePublished":"2017-09-12T14:59:46+00:00","dateModified":"2019-10-31T17:25:06+00:00","description":"Estaremos encantados de responder a sus preguntas sobre pavimentos industriales y revestimientos. Tambi\u00e9n impartimos seminarios de capacitaci\u00f3n t\u00e9cnica y desarrollo profesional continuo (DPC).","breadcrumb":{"@id":"https:\/\/www.rcrflooringproducts.com\/es\/asistencia-tecnica\/#breadcrumb"},"inLanguage":"es","potentialAction":[{"@type":"ReadAction","target":["https:\/\/www.rcrflooringproducts.com\/es\/asistencia-tecnica\/"]}]},{"@type":"ImageObject","inLanguage":"es","@id":"https:\/\/www.rcrflooringproducts.com\/es\/asistencia-tecnica\/#primaryimage","url":"https:\/\/www.rcrflooringproducts.com\/wp-content\/uploads\/2017\/09\/04.jpg","contentUrl":"https:\/\/www.rcrflooringproducts.com\/wp-content\/uploads\/2017\/09\/04.jpg","width":1920,"height":535},{"@type":"BreadcrumbList","@id":"https:\/\/www.rcrflooringproducts.com\/es\/asistencia-tecnica\/#breadcrumb","itemListElement":[{"@type":"ListItem","position":1,"name":"Home","item":"https:\/\/www.rcrflooringproducts.com\/es\/"},{"@type":"ListItem","position":2,"name":"Asistencia t\u00e9cnica"}]},{"@type":"WebSite","@id":"https:\/\/www.rcrflooringproducts.com\/#website","url":"https:\/\/www.rcrflooringproducts.com\/","name":"RCR Flooring Products","description":"Industrial Flooring Products","potentialAction":[{"@type":"SearchAction","target":{"@type":"EntryPoint","urlTemplate":"https:\/\/www.rcrflooringproducts.com\/?s={search_term_string}"},"query-input":{"@type":"PropertyValueSpecification","valueRequired":true,"valueName":"search_term_string"}}],"inLanguage":"es"}]}},"_links":{"self":[{"href":"https:\/\/www.rcrflooringproducts.com\/es\/wp-json\/wp\/v2\/pages\/2636","targetHints":{"allow":["GET"]}}],"collection":[{"href":"https:\/\/www.rcrflooringproducts.com\/es\/wp-json\/wp\/v2\/pages"}],"about":[{"href":"https:\/\/www.rcrflooringproducts.com\/es\/wp-json\/wp\/v2\/types\/page"}],"author":[{"embeddable":true,"href":"https:\/\/www.rcrflooringproducts.com\/es\/wp-json\/wp\/v2\/users\/3"}],"replies":[{"embeddable":true,"href":"https:\/\/www.rcrflooringproducts.com\/es\/wp-json\/wp\/v2\/comments?post=2636"}],"version-history":[{"count":0,"href":"https:\/\/www.rcrflooringproducts.com\/es\/wp-json\/wp\/v2\/pages\/2636\/revisions"}],"wp:featuredmedia":[{"embeddable":true,"href":"https:\/\/www.rcrflooringproducts.com\/es\/wp-json\/wp\/v2\/media\/2385"}],"wp:attachment":[{"href":"https:\/\/www.rcrflooringproducts.com\/es\/wp-json\/wp\/v2\/media?parent=2636"}],"curies":[{"name":"wp","href":"https:\/\/api.w.org\/{rel}","templated":true}]}}