{"id":2641,"date":"2017-09-12T15:59:55","date_gmt":"2017-09-12T14:59:55","guid":{"rendered":"https:\/\/www.rcrflooringproducts.com\/technical-help\/cpd\/"},"modified":"2020-09-23T10:37:33","modified_gmt":"2020-09-23T09:37:33","slug":"cpd","status":"publish","type":"page","link":"https:\/\/www.rcrflooringproducts.com\/de\/technische-hilfe\/cpd\/","title":{"rendered":"CPD IN THE UK"},"content":{"rendered":"<div id=\"pl-2641\"  class=\"panel-layout\" ><div id=\"pg-2641-0\"  class=\"panel-grid panel-no-style\" ><div id=\"pgc-2641-0-0\"  class=\"panel-grid-cell\" ><div id=\"panel-2641-0-0-0\" class=\"so-panel widget widget_sow-editor panel-first-child panel-last-child\" data-index=\"0\" ><div class=\"large-font-size panel-widget-style panel-widget-style-for-2641-0-0-0\" ><div\n\t\t\t\n\t\t\tclass=\"so-widget-sow-editor so-widget-sow-editor-base\"\n\t\t\t\n\t\t>\n<div class=\"siteorigin-widget-tinymce textwidget\">\n\t<p>Wir bieten technische Schulungen und CPD f\u00fcr Architekten, Statiker und Bauunternehmer.<\/p>\n<p>Diese Seminare helfen den Teilnehmern, ihr Wissen \u00fcber industrielle Betonb\u00f6den zu vertiefen und gleichzeitig ihre berufliche Fortbildung (CPD \u2013 Continual Professional Development) zu betreiben.<\/p>\n<p><img loading=\"lazy\" decoding=\"async\" class=\"alignnone size-full wp-image-1340\" src=\"https:\/\/rcrflooringproducts.com\/wp-content\/uploads\/2017\/09\/Agustin-CPD.jpg\" alt=\"\" width=\"1000\" height=\"563\" srcset=\"https:\/\/www.rcrflooringproducts.com\/wp-content\/uploads\/2017\/09\/Agustin-CPD.jpg 1000w, https:\/\/www.rcrflooringproducts.com\/wp-content\/uploads\/2017\/09\/Agustin-CPD-300x169.jpg 300w, https:\/\/www.rcrflooringproducts.com\/wp-content\/uploads\/2017\/09\/Agustin-CPD-768x432.jpg 768w\" sizes=\"auto, (max-width: 1000px) 100vw, 1000px\" \/><\/p>\n<p>Unsere CPD-Seminare sind vom Construction CPD Service akkreditiert und bieten jeweils eine Stunde CPD.<\/p>\n<p>Die Experten f\u00fcr Betonbodenbel\u00e4ge von RCR pr\u00e4sentieren auch Seminare auf Konferenzen und Messen auf der ganzen Welt. Wir begr\u00fc\u00dfen jede Gelegenheit, unser Wissen mit der Industrie zu teilen.<\/p>\n<\/div>\n<\/div><\/div><\/div><\/div><\/div><div id=\"pg-2641-1\"  class=\"panel-grid panel-no-style\" ><div id=\"pgc-2641-1-0\"  class=\"panel-grid-cell\" ><div id=\"panel-2641-1-0-0\" class=\"so-panel widget widget_sow-editor panel-first-child panel-last-child\" data-index=\"1\" ><div\n\t\t\t\n\t\t\tclass=\"so-widget-sow-editor so-widget-sow-editor-base\"\n\t\t\t\n\t\t>\n<div class=\"siteorigin-widget-tinymce textwidget\">\n\t<h2><strong>Aktuell verf\u00fcgbare Seminare<\/strong>:<\/h2>\n<\/div>\n<\/div><\/div><\/div><\/div><div id=\"pg-2641-2\"  class=\"panel-grid panel-no-style\" ><div id=\"pgc-2641-2-0\"  class=\"panel-grid-cell\" ><div id=\"panel-2641-2-0-0\" class=\"so-panel widget widget_sow-editor panel-first-child panel-last-child\" data-index=\"2\" ><div\n\t\t\t\n\t\t\tclass=\"so-widget-sow-editor so-widget-sow-editor-base\"\n\t\t\t\n\t\t>\n<div class=\"siteorigin-widget-tinymce textwidget\">\n\t<p><strong><em>\"Spezifizierung von Fugen in Betonplatten\"<\/em><\/strong><\/p>\n<p>Unser Seminar umfasst alles, was ein Statiker oder Architekt wissen muss, um bewehrte Fugen zu spezifizieren.\u00a0 Wir k\u00f6nnen das Seminar auch auf die Inhouse-Schulung von Auftragnehmern und H\u00e4ndlern abstimmen.<\/p>\n<p>Das Seminar umfasst:<\/p>\n<ul>\n<li>Beschaffenheit von Betonplatten<\/li>\n<li>Position von Betonfugen<\/li>\n<li>Bodenbauweisen und deren Einfluss auf die Fuge<\/li>\n<li>Normen und Gesetze f\u00fcr die Ausf\u00fchrung von Betonb\u00f6den<\/li>\n<li>Arten von Betonfugen und Auswahl der richtigen Fuge<\/li>\n<li>Pr\u00fcfung<\/li>\n<li>Last\u00fcbertragung<\/li>\n<li>Spezifikationen f\u00fcr den Betonbodenschutz<\/li>\n<\/ul>\n<p>Das Seminar dauert etwa eine Stunde und kann bei Ihnen vor Ort abgehalten werden, in der Regel in der Mittagspause.\u00a0 Wir werden kleine Erfrischungen f\u00fcr die Teilnehmer anbieten und stellen nach der Veranstaltung eine Teilnahmebescheinigung aus.\u00a0\u00a0<em>Dieses Seminar wird in englischer Sprache durchgef\u00fchrt<\/em>.<\/p>\n<p><a href=\"https:\/\/www.rcrflooringproducts.com\/de\/kontakte\/\">Kontaktieren Sie uns f\u00fcr weitere Informationen.\u00a0<\/a><\/p>\n<\/div>\n<\/div><\/div><\/div><\/div><\/div>","protected":false},"excerpt":{"rendered":"<p>Wir bieten technische Schulungen und CPD f\u00fcr Architekten, Statiker und Bauunternehmer. Diese Seminare helfen den Teilnehmern, ihr Wissen \u00fcber industrielle Betonb\u00f6den zu vertiefen und gleichzeitig ihre berufliche Fortbildung (CPD \u2013 Continual Professional Development) zu betreiben. Unsere CPD-Seminare sind vom Construction&#8230;<\/p>\n","protected":false},"author":3,"featured_media":2390,"parent":2635,"menu_order":0,"comment_status":"closed","ping_status":"closed","template":"","meta":{"_acf_changed":false,"footnotes":""},"class_list":["post-2641","page","type-page","status-publish","has-post-thumbnail","hentry"],"acf":[],"yoast_head":"<!-- This site is optimized with the Yoast SEO plugin v27.6 - https:\/\/yoast.com\/product\/yoast-seo-wordpress\/ -->\n<title>CPD f\u00fcr Architekten und Bauingenieure | Technische Schulungsseminare<\/title>\n<meta name=\"description\" content=\"Wir bieten technische Schulungsseminare und CPD f\u00fcr Architekten, Bauingenieure und Bauunternehmer an, um deren Kenntnisse \u00fcber Industriebetonb\u00f6den zu verbessern.\" \/>\n<meta name=\"robots\" content=\"index, follow, max-snippet:-1, max-image-preview:large, max-video-preview:-1\" \/>\n<link rel=\"canonical\" href=\"https:\/\/www.rcrflooringproducts.com\/de\/technische-hilfe\/cpd\/\" \/>\n<meta property=\"og:locale\" content=\"de_DE\" \/>\n<meta property=\"og:type\" content=\"article\" \/>\n<meta property=\"og:title\" content=\"CPD f\u00fcr Architekten und Bauingenieure | Technische Schulungsseminare\" \/>\n<meta property=\"og:description\" content=\"Wir bieten technische Schulungsseminare und CPD f\u00fcr Architekten, Bauingenieure und Bauunternehmer an, um deren Kenntnisse \u00fcber Industriebetonb\u00f6den zu verbessern.\" \/>\n<meta property=\"og:url\" content=\"https:\/\/www.rcrflooringproducts.com\/de\/technische-hilfe\/cpd\/\" \/>\n<meta property=\"og:site_name\" content=\"RCR Flooring Products\" \/>\n<meta property=\"article:modified_time\" content=\"2020-09-23T09:37:33+00:00\" \/>\n<meta property=\"og:image\" content=\"https:\/\/www.rcrflooringproducts.com\/wp-content\/uploads\/2017\/09\/Qualidur.jpg\" \/>\n\t<meta property=\"og:image:width\" content=\"1500\" \/>\n\t<meta property=\"og:image:height\" content=\"589\" \/>\n\t<meta property=\"og:image:type\" content=\"image\/jpeg\" \/>\n<meta name=\"twitter:card\" content=\"summary_large_image\" \/>\n<meta name=\"twitter:label1\" content=\"Gesch\u00e4tzte Lesezeit\" \/>\n\t<meta name=\"twitter:data1\" content=\"1\u00a0Minute\" \/>\n<script type=\"application\/ld+json\" class=\"yoast-schema-graph\">{\"@context\":\"https:\\\/\\\/schema.org\",\"@graph\":[{\"@type\":\"WebPage\",\"@id\":\"https:\\\/\\\/www.rcrflooringproducts.com\\\/de\\\/technische-hilfe\\\/cpd\\\/\",\"url\":\"https:\\\/\\\/www.rcrflooringproducts.com\\\/de\\\/technische-hilfe\\\/cpd\\\/\",\"name\":\"CPD f\u00fcr Architekten und Bauingenieure | Technische Schulungsseminare\",\"isPartOf\":{\"@id\":\"https:\\\/\\\/www.rcrflooringproducts.com\\\/#website\"},\"primaryImageOfPage\":{\"@id\":\"https:\\\/\\\/www.rcrflooringproducts.com\\\/de\\\/technische-hilfe\\\/cpd\\\/#primaryimage\"},\"image\":{\"@id\":\"https:\\\/\\\/www.rcrflooringproducts.com\\\/de\\\/technische-hilfe\\\/cpd\\\/#primaryimage\"},\"thumbnailUrl\":\"https:\\\/\\\/www.rcrflooringproducts.com\\\/wp-content\\\/uploads\\\/2017\\\/09\\\/Qualidur.jpg\",\"datePublished\":\"2017-09-12T14:59:55+00:00\",\"dateModified\":\"2020-09-23T09:37:33+00:00\",\"description\":\"Wir bieten technische Schulungsseminare und CPD f\u00fcr Architekten, Bauingenieure und Bauunternehmer an, um deren Kenntnisse \u00fcber Industriebetonb\u00f6den zu verbessern.\",\"breadcrumb\":{\"@id\":\"https:\\\/\\\/www.rcrflooringproducts.com\\\/de\\\/technische-hilfe\\\/cpd\\\/#breadcrumb\"},\"inLanguage\":\"de\",\"potentialAction\":[{\"@type\":\"ReadAction\",\"target\":[\"https:\\\/\\\/www.rcrflooringproducts.com\\\/de\\\/technische-hilfe\\\/cpd\\\/\"]}]},{\"@type\":\"ImageObject\",\"inLanguage\":\"de\",\"@id\":\"https:\\\/\\\/www.rcrflooringproducts.com\\\/de\\\/technische-hilfe\\\/cpd\\\/#primaryimage\",\"url\":\"https:\\\/\\\/www.rcrflooringproducts.com\\\/wp-content\\\/uploads\\\/2017\\\/09\\\/Qualidur.jpg\",\"contentUrl\":\"https:\\\/\\\/www.rcrflooringproducts.com\\\/wp-content\\\/uploads\\\/2017\\\/09\\\/Qualidur.jpg\",\"width\":1500,\"height\":589},{\"@type\":\"BreadcrumbList\",\"@id\":\"https:\\\/\\\/www.rcrflooringproducts.com\\\/de\\\/technische-hilfe\\\/cpd\\\/#breadcrumb\",\"itemListElement\":[{\"@type\":\"ListItem\",\"position\":1,\"name\":\"Home\",\"item\":\"https:\\\/\\\/www.rcrflooringproducts.com\\\/de\\\/\"},{\"@type\":\"ListItem\",\"position\":2,\"name\":\"Technische Hilfe\",\"item\":\"https:\\\/\\\/www.rcrflooringproducts.com\\\/de\\\/technische-hilfe\\\/\"},{\"@type\":\"ListItem\",\"position\":3,\"name\":\"CPD IN THE UK\"}]},{\"@type\":\"WebSite\",\"@id\":\"https:\\\/\\\/www.rcrflooringproducts.com\\\/#website\",\"url\":\"https:\\\/\\\/www.rcrflooringproducts.com\\\/\",\"name\":\"RCR Flooring Products\",\"description\":\"Industrial Flooring Products\",\"potentialAction\":[{\"@type\":\"SearchAction\",\"target\":{\"@type\":\"EntryPoint\",\"urlTemplate\":\"https:\\\/\\\/www.rcrflooringproducts.com\\\/?s={search_term_string}\"},\"query-input\":{\"@type\":\"PropertyValueSpecification\",\"valueRequired\":true,\"valueName\":\"search_term_string\"}}],\"inLanguage\":\"de\"}]}<\/script>\n<!-- \/ Yoast SEO plugin. -->","yoast_head_json":{"title":"CPD f\u00fcr Architekten und Bauingenieure | Technische Schulungsseminare","description":"Wir bieten technische Schulungsseminare und CPD f\u00fcr Architekten, Bauingenieure und Bauunternehmer an, um deren Kenntnisse \u00fcber Industriebetonb\u00f6den zu verbessern.","robots":{"index":"index","follow":"follow","max-snippet":"max-snippet:-1","max-image-preview":"max-image-preview:large","max-video-preview":"max-video-preview:-1"},"canonical":"https:\/\/www.rcrflooringproducts.com\/de\/technische-hilfe\/cpd\/","og_locale":"de_DE","og_type":"article","og_title":"CPD f\u00fcr Architekten und Bauingenieure | Technische Schulungsseminare","og_description":"Wir bieten technische Schulungsseminare und CPD f\u00fcr Architekten, Bauingenieure und Bauunternehmer an, um deren Kenntnisse \u00fcber Industriebetonb\u00f6den zu verbessern.","og_url":"https:\/\/www.rcrflooringproducts.com\/de\/technische-hilfe\/cpd\/","og_site_name":"RCR Flooring Products","article_modified_time":"2020-09-23T09:37:33+00:00","og_image":[{"width":1500,"height":589,"url":"https:\/\/www.rcrflooringproducts.com\/wp-content\/uploads\/2017\/09\/Qualidur.jpg","type":"image\/jpeg"}],"twitter_card":"summary_large_image","twitter_misc":{"Gesch\u00e4tzte Lesezeit":"1\u00a0Minute"},"schema":{"@context":"https:\/\/schema.org","@graph":[{"@type":"WebPage","@id":"https:\/\/www.rcrflooringproducts.com\/de\/technische-hilfe\/cpd\/","url":"https:\/\/www.rcrflooringproducts.com\/de\/technische-hilfe\/cpd\/","name":"CPD f\u00fcr Architekten und Bauingenieure | Technische Schulungsseminare","isPartOf":{"@id":"https:\/\/www.rcrflooringproducts.com\/#website"},"primaryImageOfPage":{"@id":"https:\/\/www.rcrflooringproducts.com\/de\/technische-hilfe\/cpd\/#primaryimage"},"image":{"@id":"https:\/\/www.rcrflooringproducts.com\/de\/technische-hilfe\/cpd\/#primaryimage"},"thumbnailUrl":"https:\/\/www.rcrflooringproducts.com\/wp-content\/uploads\/2017\/09\/Qualidur.jpg","datePublished":"2017-09-12T14:59:55+00:00","dateModified":"2020-09-23T09:37:33+00:00","description":"Wir bieten technische Schulungsseminare und CPD f\u00fcr Architekten, Bauingenieure und Bauunternehmer an, um deren Kenntnisse \u00fcber Industriebetonb\u00f6den zu verbessern.","breadcrumb":{"@id":"https:\/\/www.rcrflooringproducts.com\/de\/technische-hilfe\/cpd\/#breadcrumb"},"inLanguage":"de","potentialAction":[{"@type":"ReadAction","target":["https:\/\/www.rcrflooringproducts.com\/de\/technische-hilfe\/cpd\/"]}]},{"@type":"ImageObject","inLanguage":"de","@id":"https:\/\/www.rcrflooringproducts.com\/de\/technische-hilfe\/cpd\/#primaryimage","url":"https:\/\/www.rcrflooringproducts.com\/wp-content\/uploads\/2017\/09\/Qualidur.jpg","contentUrl":"https:\/\/www.rcrflooringproducts.com\/wp-content\/uploads\/2017\/09\/Qualidur.jpg","width":1500,"height":589},{"@type":"BreadcrumbList","@id":"https:\/\/www.rcrflooringproducts.com\/de\/technische-hilfe\/cpd\/#breadcrumb","itemListElement":[{"@type":"ListItem","position":1,"name":"Home","item":"https:\/\/www.rcrflooringproducts.com\/de\/"},{"@type":"ListItem","position":2,"name":"Technische Hilfe","item":"https:\/\/www.rcrflooringproducts.com\/de\/technische-hilfe\/"},{"@type":"ListItem","position":3,"name":"CPD IN THE UK"}]},{"@type":"WebSite","@id":"https:\/\/www.rcrflooringproducts.com\/#website","url":"https:\/\/www.rcrflooringproducts.com\/","name":"RCR Flooring Products","description":"Industrial Flooring Products","potentialAction":[{"@type":"SearchAction","target":{"@type":"EntryPoint","urlTemplate":"https:\/\/www.rcrflooringproducts.com\/?s={search_term_string}"},"query-input":{"@type":"PropertyValueSpecification","valueRequired":true,"valueName":"search_term_string"}}],"inLanguage":"de"}]}},"_links":{"self":[{"href":"https:\/\/www.rcrflooringproducts.com\/de\/wp-json\/wp\/v2\/pages\/2641","targetHints":{"allow":["GET"]}}],"collection":[{"href":"https:\/\/www.rcrflooringproducts.com\/de\/wp-json\/wp\/v2\/pages"}],"about":[{"href":"https:\/\/www.rcrflooringproducts.com\/de\/wp-json\/wp\/v2\/types\/page"}],"author":[{"embeddable":true,"href":"https:\/\/www.rcrflooringproducts.com\/de\/wp-json\/wp\/v2\/users\/3"}],"replies":[{"embeddable":true,"href":"https:\/\/www.rcrflooringproducts.com\/de\/wp-json\/wp\/v2\/comments?post=2641"}],"version-history":[{"count":2,"href":"https:\/\/www.rcrflooringproducts.com\/de\/wp-json\/wp\/v2\/pages\/2641\/revisions"}],"predecessor-version":[{"id":5604,"href":"https:\/\/www.rcrflooringproducts.com\/de\/wp-json\/wp\/v2\/pages\/2641\/revisions\/5604"}],"up":[{"embeddable":true,"href":"https:\/\/www.rcrflooringproducts.com\/de\/wp-json\/wp\/v2\/pages\/2635"}],"wp:featuredmedia":[{"embeddable":true,"href":"https:\/\/www.rcrflooringproducts.com\/de\/wp-json\/wp\/v2\/media\/2390"}],"wp:attachment":[{"href":"https:\/\/www.rcrflooringproducts.com\/de\/wp-json\/wp\/v2\/media?parent=2641"}],"curies":[{"name":"wp","href":"https:\/\/api.w.org\/{rel}","templated":true}]}}