{"id":2612,"date":"2017-09-15T11:59:44","date_gmt":"2017-09-15T10:59:44","guid":{"rendered":"https:\/\/www.rcrflooringproducts.com\/cookie-legal-statements\/"},"modified":"2020-09-23T13:37:02","modified_gmt":"2020-09-23T12:37:02","slug":"cookie-legal-statements","status":"publish","type":"page","link":"https:\/\/www.rcrflooringproducts.com\/de\/cookie-legal-statements\/","title":{"rendered":"Cookies und Rechtliches"},"content":{"rendered":"<h2><strong>Cookie-Richtlinie<\/strong><\/h2>\n<p>Unsere Website verwendet, wie fast alle Websites, Cookies, um Ihnen das bestm\u00f6gliche Erlebnis zu bieten. Cookies sind kleine Textdateien, die beim Surfen auf Ihrem Rechner oder Handy abgelegt werden.<\/p>\n<p>Wie werden Cookies auf dieser Website verwendet?<\/p>\n<p><strong>Unsere Cookies helfen uns, damit:<\/strong><\/p>\n<ul>\n<li>unsere Website so funktioniert, wie Sie es erwarten<\/li>\n<li>Ihre Einstellungen w\u00e4hrend und zwischen den Besuchen gespeichert werden<\/li>\n<li>die Geschwindigkeit\/Sicherheit der Website verbessert werden kann<\/li>\n<li>Sie Seiten mit sozialen Netzwerken wie Facebook teilen k\u00f6nnen<\/li>\n<li>wir unsere Website f\u00fcr Sie st\u00e4ndig verbessern k\u00f6nnen<\/li>\n<li>unser Marketing effizienter wird (was uns letztendlich hilft, unseren Service zu dem von uns angebotenen Preis anzubieten)<\/li>\n<\/ul>\n<p><strong>Wir verwenden keine Cookies, um<\/strong><\/p>\n<ul>\n<li>personenbezogene Daten (ohne Ihre ausdr\u00fcckliche Zustimmung) zu sammeln<\/li>\n<li>vertrauliche Daten (ohne Ihre ausdr\u00fcckliche Zustimmung) zu erfassen<\/li>\n<li>Daten an Werbenetzwerke weiterzugeben<\/li>\n<li>personenbezogene Daten an Dritte weiterzugeben<\/li>\n<li>Verkaufsprovisionen zu zahlen<\/li>\n<\/ul>\n<p>Im Folgenden erfahren Sie mehr \u00fcber alle von uns verwendeten Cookies.<\/p>\n<p><strong>Erteilung der Erlaubnis zur Verwendung von Cookies<\/strong><\/p>\n<p>Wenn die Einstellungen Ihrer Software, mit der Sie diese Website aufrufen (Ihren Browser), so eingerichtet sind, dass sie Cookies akzeptieren, interpretieren wir dies und Ihre fortgesetzte Nutzung unserer Website als Zustimmung zur Nutzung der Cookies. Wenn Sie Cookies von unserer Website entfernen oder nicht verwenden m\u00f6chten, erfahren Sie im Folgenden, wie Sie dies tun k\u00f6nnen. Dies bedeutet jedoch wahrscheinlich, dass unsere Website nicht wie erwartet funktioniert.<\/p>\n<p><strong>Cookies f\u00fcr die Funktion der Website<\/strong><\/p>\n<p><strong>Unsere eigenen Cookies<\/strong><\/p>\n<p>Es gibt keine andere M\u00f6glichkeit, das Setzen dieser Cookies zu verhindern, als unsere Website nicht zu nutzen.<\/p>\n<p><strong>Funktionen von Drittanbietern<\/strong><\/p>\n<p>Die Deaktivierung dieser Cookies kann dazu f\u00fchren, dass die von diesen Dritten angebotenen Funktionen beeintr\u00e4chtigt werden.<\/p>\n<p><strong>Cookies f\u00fcr die anonyme Besucherstatistik<\/strong><\/p>\n<p>Wir verwenden Cookies, um Besucherstatistiken zu erstellen, z. B. wie viele Personen unsere Website besucht haben, welche Art von Technologie sie verwenden (z. B. Mac oder Windows, um festzustellen, wann unsere Website nicht so funktioniert, wie sie es sollte), wie lange sie sich auf der Website aufhalten, welche Seite sie sich anschauen etc. Dies hilft uns bei der kontinuierlichen Verbesserung unserer Website. Diese so genannten &#8218;Analyseprogramme&#8216; informieren uns auf anonymisierter Basis, wie Besucher diese Seite erreicht haben (z. B. von einer Suchmaschine aus) und ob sie schon einmal hier waren. So k\u00f6nnen wir mehr Geld in die Entwicklung unserer Dienstleistungen f\u00fcr Sie investieren, anstatt mehr Geld f\u00fcr Marketingzwecke auszugeben. Wir verwenden Google Analytics f\u00fcr unsere Besucherstatistiken. Auf der Website von <a href=\"https:\/\/developers.google.com\/analytics\/devguides\/collection\/analyticsjs\/cookie-usage\">Google Developer Website<\/a> erfahren Sie, welche Cookies von Google Analytics verwendet werden.<\/p>\n<p>Tracking-Cookies von Google Analytics<\/p>\n<table>\n<tbody>\n<tr>\n<td>Cookie-Name<\/td>\n<td>Ablaufzeitpunkt<\/td>\n<td>Beschreibung<\/td>\n<\/tr>\n<tr>\n<td>_ga<\/td>\n<td>2 Jahre<\/td>\n<td>Dient zur Unterscheidung von Benutzern.<\/td>\n<\/tr>\n<tr>\n<td>_gat<\/td>\n<td>10 Minuten<\/td>\n<td>Wird verwendet, um die Abfragerate zu drosseln.<\/td>\n<\/tr>\n<tr>\n<td>__utma<\/td>\n<td>2 Jahre nach dem Setzen\/Aktualisieren<\/td>\n<td>Dient zur Unterscheidung von Benutzern und Sitzungen. Das Cookie wird erstellt, wenn die JavaScript-Bibliothek ausgef\u00fchrt wird und keine __utma-Cookies vorhanden sind. Das Cookie wird jedes Mal aktualisiert, wenn Daten an Google Analytics gesendet werden.<\/td>\n<\/tr>\n<tr>\n<td>__utmt<\/td>\n<td>10 Minuten<\/td>\n<td>Wird verwendet, um die Abfragerate zu drosseln.<\/td>\n<\/tr>\n<tr>\n<td>__utmb<\/td>\n<td>30 Minuten nach dem Setzen\/Aktualisieren<\/td>\n<td>Wird verwendet, um neue Sitzungen\/Besuche zu ermitteln. Das Cookie wird erstellt, wenn die JavaScript-Bibliothek ausgef\u00fchrt wird und keine __utmb-Cookies vorhanden sind. Das Cookie wird jedes Mal aktualisiert, wenn Daten an Google Analytics gesendet werden.<\/td>\n<\/tr>\n<tr>\n<td>__utmc<\/td>\n<td>Ende der Browser-Sitzung<\/td>\n<td>Wird nicht in ga.js verwendet Wird f\u00fcr die Interoperabilit\u00e4t mit urchin.js gesetzt. Zuvor bestimmte dieses Cookie im Zusammenspiel mit __utmb, ob sich der Nutzer in einer neuen Sitzung befindet oder eine neue Seite aufgerufen hat.<\/td>\n<\/tr>\n<tr>\n<td>__utmz<\/td>\n<td>6 Monate nach dem Setzen\/Aktualisieren<\/td>\n<td>Dient der Identifizierung der Traffic-Quelle oder der Kampagne, die erkl\u00e4rt, wie der Nutzer auf die Seite gelangt ist. Das Cookie wird beim Ausf\u00fchren der JavaScript-Bibliothek erstellt und jedes Mal aktualisiert, wenn Daten an Google Analytics gesendet werden.<\/td>\n<\/tr>\n<tr>\n<td>__utmv<\/td>\n<td>2 Jahre nach dem Setzen\/Aktualisieren<\/td>\n<td>Wird zum Speichern variabler Daten auf Besucherebene verwendet. Dieses Cookie wird erstellt, wenn ein Entwickler die Methode _setCustomVar mit einer benutzerdefinierten Variablen auf Besucherebene verwendet. Dieses Cookie wurde ebenfalls f\u00fcr die veraltete _setVar-Methode verwendet. Das Cookie wird jedes Mal aktualisiert, wenn Daten an Google Analytics gesendet werden.<\/td>\n<\/tr>\n<\/tbody>\n<\/table>\n<p><strong>Cookies ausschalten<\/strong><\/p>\n<p>Sie k\u00f6nnen Cookies normalerweise deaktivieren, indem Sie Ihre Browsereinstellungen so anpassen, dass keine Cookies mehr akzeptiert werden. Dies wird jedoch wahrscheinlich die Funktionalit\u00e4t unserer und eines Gro\u00dfteils der weltweiten Websites einschr\u00e4nken, da Cookies ein fester Bestandteil der meisten Websites sind. Es kann sein, dass sich Ihre Bedenken bez\u00fcglich Cookies auf sogenannte \u201eSpyware\u201c beziehen. Anstatt Cookies in Ihrem Browser auszuschalten, k\u00f6nnen Sie u. U. das gleiche Ziel mit Anti-Spyware-Software erreichen, indem Cookies, die als invasiv gelten, automatisch gel\u00f6scht werden.<\/p>\n<p>&nbsp;<\/p>\n<h2><strong>Website-Bedingungen und Konditionen<\/strong><\/h2>\n<p>Dies sind die Bedingungen f\u00fcr die Nutzung dieser Website. Wenn Sie die Website nutzen, wird davon ausgegangen, dass Sie sie akzeptieren.<\/p>\n<p>&nbsp;<\/p>\n<p><strong>Nutzung dieser Website<\/strong><\/p>\n<p>Die Informationen auf dieser Seite dienen nur der allgemeinen Information und sind keine Werbung. Wir \u00fcbernehmen keine Verantwortung f\u00fcr Verluste, die sich aus dem Zugriff oder dem Vertrauen auf die auf dieser Website enthaltenen Informationen ergeben.<\/p>\n<p><strong><br \/>\nLinks<\/strong><\/p>\n<p>Wir sind nicht verantwortlich f\u00fcr den Inhalt externer Internetseiten, die auf diese Seite verweisen. Diese Website enth\u00e4lt Links zu einigen externen Websites, die au\u00dferhalb der Kontrolle von RCR Industrial Flooring oder ihrer Konzerngesellschaften liegen. RCR ist f\u00fcr den Inhalt dieser Websites nicht verantwortlich.<\/p>\n<p><strong><br \/>\nCopyright<\/strong><\/p>\n<p>Die Inhalte dieser Website sind urheberrechtlich nach internationalen Konventionen gesch\u00fctzt. Sofern nicht anders angegeben, unterliegen alle Materialien auf dieser Website, einschlie\u00dflich Design, Text, Grafiken und Fotos, dem Urheberrecht von RCR Industrial Flooring oder seinen Konzerngesellschaften.<\/p>\n<p>Es ist Ihnen gestattet, die Inhalte zu lesen und Kopien f\u00fcr Ihren pers\u00f6nlichen Gebrauch anzufertigen. Sie k\u00f6nnen auch gelegentlich Kopien (in Papier- oder elektronischer Form) von angemessenen Ausz\u00fcgen kostenlos an Kollegen und Kunden f\u00fcr deren pers\u00f6nlichen Gebrauch weitergeben, und zwar zu folgenden Bedingungen:<\/p>\n<ul>\n<li>Wir werden als Quelle anerkannt<\/li>\n<li>Der Text wird in keiner Weise ver\u00e4ndert<\/li>\n<li>Der Empf\u00e4nger wird hierauf aufmerksam gemacht<\/li>\n<\/ul>\n<p>Jede andere Verwendung und Vervielf\u00e4ltigung von Inhalten dieser Website, sei es direkt oder mittels eines Hyperlinks, ist ohne vorherige schriftliche Zustimmung von RCR Industrial Flooring untersagt.<\/p>\n<p><strong><br \/>\nEinschr\u00e4nkungen<\/strong><\/p>\n<p>Wenn der Zugang zu eingeschr\u00e4nkten Teilen dieser Website bestimmten Bedingungen unterliegt, gelten diese Bestimmungen stattdessen. Das Kopieren von Inhalten anderer Websites unterliegt den f\u00fcr diese Websites geltenden Bestimmungen. Alle elektronischen Links zu irgendeinem Teil dieser Website bed\u00fcrfen unserer Zustimmung. Bitte senden Sie diesbez\u00fcgliche Anfragen per E-Mail an info@rcrindustrialflooring.com.<\/p>\n<p><strong><br \/>\nSchutz vor Viren<\/strong><\/p>\n<p>Wir k\u00f6nnen nicht garantieren, dass diese Website und ihr Dokumentenliefersystem Ihren Erwartungen entspricht oder fehler- und virenfrei ist. Obwohl Ma\u00dfnahmen getroffen wurden, um sicherzustellen, dass diese Website frei von Viren ist, sollten Sie einen eigenen Virenschutz verwenden.<\/p>\n<p><strong><br \/>\nIrrt\u00fcmer auf der Website<\/strong><\/p>\n<p>Wenn Sie Fehler auf dieser Website bemerken, kontaktieren Sie uns bitte per E-Mail unter info@rcrindustrialflooring.comund wir werden uns bem\u00fchen, sie zu korrigieren.<\/p>\n<p><strong><br \/>\nAktualisierungen der Website<\/strong><\/p>\n<p>Wir behalten uns das Recht vor, diese Website jederzeit zu aktualisieren, zu modifizieren oder zu schlie\u00dfen und diese Bedingungen von Zeit zu Zeit zu \u00e4ndern oder zu erg\u00e4nzen. Alle \u00c4nderungen werden mit der Ver\u00f6ffentlichung auf dieser Website wirksam.<\/p>\n<p><strong><br \/>\nWebseiten Dritter<\/strong><\/p>\n<p>Die Website enth\u00e4lt Links zu anderen Websites. Wir sind weder f\u00fcr den Inhalt dieser Websites noch f\u00fcr die Datenschutzrichtlinien oder -praktiken von Websites Dritter verantwortlich.<\/p>\n<p><strong><br \/>\nGeltendes Recht<\/strong><\/p>\n<p>Alle auf dieser Website enthaltenen Informationen basieren auf englischem Recht, welches das f\u00fcr diese Website geltende Recht ist.<\/p>\n<p><strong><br \/>\nVertraulichkeit<\/strong><\/p>\n<p>Alle E-Mails werden vertraulich nur an den\/die jeweiligen Empf\u00e4nger gesendet. Unerlaubte Verwendung, Verbreitung, Verteilung, Ver\u00f6ffentlichung oder Vervielf\u00e4ltigung der E-Mail-Kommunikation ist strengstens untersagt.<\/p>\n<p>&nbsp;<\/p>\n<p>Eine Kopie unserer Allgemeinen Gesch\u00e4ftsbedingungen ist auf Anfrage erh\u00e4ltlich.<\/p>\n<p>Bei Fragen wenden Sie sich bitte an unsere Group Communications Managerin, Valentina Gonz\u00e1les &#8211; E-Mail <a href=\"mailto:info@rcrindustrialflooring.com\">info@rcrindustrialflooring.com<\/a>.<\/p>\n","protected":false},"excerpt":{"rendered":"<p>Cookie-Richtlinie Unsere Website verwendet, wie fast alle Websites, Cookies, um Ihnen das bestm\u00f6gliche Erlebnis zu bieten. Cookies sind kleine Textdateien, die beim Surfen auf Ihrem Rechner oder Handy abgelegt werden. Wie werden Cookies auf dieser Website verwendet? Unsere Cookies helfen&#8230;<\/p>\n","protected":false},"author":3,"featured_media":2372,"parent":0,"menu_order":0,"comment_status":"closed","ping_status":"closed","template":"","meta":{"_acf_changed":false,"footnotes":""},"class_list":["post-2612","page","type-page","status-publish","has-post-thumbnail","hentry"],"acf":[],"yoast_head":"<!-- This site is optimized with the Yoast SEO plugin v27.3 - https:\/\/yoast.com\/product\/yoast-seo-wordpress\/ -->\n<title>Cookies und Rechtliches - RCR Flooring Products<\/title>\n<meta name=\"robots\" content=\"index, follow, max-snippet:-1, max-image-preview:large, max-video-preview:-1\" \/>\n<link rel=\"canonical\" href=\"https:\/\/www.rcrflooringproducts.com\/de\/cookie-legal-statements\/\" \/>\n<meta property=\"og:locale\" content=\"de_DE\" \/>\n<meta property=\"og:type\" content=\"article\" \/>\n<meta property=\"og:title\" content=\"Cookies und Rechtliches - RCR Flooring Products\" \/>\n<meta property=\"og:description\" content=\"Cookie-Richtlinie Unsere Website verwendet, wie fast alle Websites, Cookies, um Ihnen das bestm\u00f6gliche Erlebnis zu bieten. Cookies sind kleine Textdateien, die beim Surfen auf Ihrem Rechner oder Handy abgelegt werden. Wie werden Cookies auf dieser Website verwendet? Unsere Cookies helfen...\" \/>\n<meta property=\"og:url\" content=\"https:\/\/www.rcrflooringproducts.com\/de\/cookie-legal-statements\/\" \/>\n<meta property=\"og:site_name\" content=\"RCR Flooring Products\" \/>\n<meta property=\"article:modified_time\" content=\"2020-09-23T12:37:02+00:00\" \/>\n<meta property=\"og:image\" content=\"https:\/\/www.rcrflooringproducts.com\/wp-content\/uploads\/2017\/09\/Qualidur-1.jpg\" \/>\n\t<meta property=\"og:image:width\" content=\"1500\" \/>\n\t<meta property=\"og:image:height\" content=\"770\" \/>\n\t<meta property=\"og:image:type\" content=\"image\/jpeg\" \/>\n<meta name=\"twitter:card\" content=\"summary_large_image\" \/>\n<meta name=\"twitter:label1\" content=\"Gesch\u00e4tzte Lesezeit\" \/>\n\t<meta name=\"twitter:data1\" content=\"6\u00a0Minuten\" \/>\n<script type=\"application\/ld+json\" class=\"yoast-schema-graph\">{\"@context\":\"https:\\\/\\\/schema.org\",\"@graph\":[{\"@type\":\"WebPage\",\"@id\":\"https:\\\/\\\/www.rcrflooringproducts.com\\\/de\\\/cookie-legal-statements\\\/\",\"url\":\"https:\\\/\\\/www.rcrflooringproducts.com\\\/de\\\/cookie-legal-statements\\\/\",\"name\":\"Cookies und Rechtliches - RCR Flooring Products\",\"isPartOf\":{\"@id\":\"https:\\\/\\\/www.rcrflooringproducts.com\\\/#website\"},\"primaryImageOfPage\":{\"@id\":\"https:\\\/\\\/www.rcrflooringproducts.com\\\/de\\\/cookie-legal-statements\\\/#primaryimage\"},\"image\":{\"@id\":\"https:\\\/\\\/www.rcrflooringproducts.com\\\/de\\\/cookie-legal-statements\\\/#primaryimage\"},\"thumbnailUrl\":\"https:\\\/\\\/www.rcrflooringproducts.com\\\/wp-content\\\/uploads\\\/2017\\\/09\\\/Qualidur-1.jpg\",\"datePublished\":\"2017-09-15T10:59:44+00:00\",\"dateModified\":\"2020-09-23T12:37:02+00:00\",\"breadcrumb\":{\"@id\":\"https:\\\/\\\/www.rcrflooringproducts.com\\\/de\\\/cookie-legal-statements\\\/#breadcrumb\"},\"inLanguage\":\"de\",\"potentialAction\":[{\"@type\":\"ReadAction\",\"target\":[\"https:\\\/\\\/www.rcrflooringproducts.com\\\/de\\\/cookie-legal-statements\\\/\"]}]},{\"@type\":\"ImageObject\",\"inLanguage\":\"de\",\"@id\":\"https:\\\/\\\/www.rcrflooringproducts.com\\\/de\\\/cookie-legal-statements\\\/#primaryimage\",\"url\":\"https:\\\/\\\/www.rcrflooringproducts.com\\\/wp-content\\\/uploads\\\/2017\\\/09\\\/Qualidur-1.jpg\",\"contentUrl\":\"https:\\\/\\\/www.rcrflooringproducts.com\\\/wp-content\\\/uploads\\\/2017\\\/09\\\/Qualidur-1.jpg\",\"width\":1500,\"height\":770},{\"@type\":\"BreadcrumbList\",\"@id\":\"https:\\\/\\\/www.rcrflooringproducts.com\\\/de\\\/cookie-legal-statements\\\/#breadcrumb\",\"itemListElement\":[{\"@type\":\"ListItem\",\"position\":1,\"name\":\"Home\",\"item\":\"https:\\\/\\\/www.rcrflooringproducts.com\\\/de\\\/\"},{\"@type\":\"ListItem\",\"position\":2,\"name\":\"Cookies und Rechtliches\"}]},{\"@type\":\"WebSite\",\"@id\":\"https:\\\/\\\/www.rcrflooringproducts.com\\\/#website\",\"url\":\"https:\\\/\\\/www.rcrflooringproducts.com\\\/\",\"name\":\"RCR Flooring Products\",\"description\":\"Industrial Flooring Products\",\"potentialAction\":[{\"@type\":\"SearchAction\",\"target\":{\"@type\":\"EntryPoint\",\"urlTemplate\":\"https:\\\/\\\/www.rcrflooringproducts.com\\\/?s={search_term_string}\"},\"query-input\":{\"@type\":\"PropertyValueSpecification\",\"valueRequired\":true,\"valueName\":\"search_term_string\"}}],\"inLanguage\":\"de\"}]}<\/script>\n<!-- \/ Yoast SEO plugin. -->","yoast_head_json":{"title":"Cookies und Rechtliches - RCR Flooring Products","robots":{"index":"index","follow":"follow","max-snippet":"max-snippet:-1","max-image-preview":"max-image-preview:large","max-video-preview":"max-video-preview:-1"},"canonical":"https:\/\/www.rcrflooringproducts.com\/de\/cookie-legal-statements\/","og_locale":"de_DE","og_type":"article","og_title":"Cookies und Rechtliches - RCR Flooring Products","og_description":"Cookie-Richtlinie Unsere Website verwendet, wie fast alle Websites, Cookies, um Ihnen das bestm\u00f6gliche Erlebnis zu bieten. Cookies sind kleine Textdateien, die beim Surfen auf Ihrem Rechner oder Handy abgelegt werden. Wie werden Cookies auf dieser Website verwendet? Unsere Cookies helfen...","og_url":"https:\/\/www.rcrflooringproducts.com\/de\/cookie-legal-statements\/","og_site_name":"RCR Flooring Products","article_modified_time":"2020-09-23T12:37:02+00:00","og_image":[{"width":1500,"height":770,"url":"https:\/\/www.rcrflooringproducts.com\/wp-content\/uploads\/2017\/09\/Qualidur-1.jpg","type":"image\/jpeg"}],"twitter_card":"summary_large_image","twitter_misc":{"Gesch\u00e4tzte Lesezeit":"6\u00a0Minuten"},"schema":{"@context":"https:\/\/schema.org","@graph":[{"@type":"WebPage","@id":"https:\/\/www.rcrflooringproducts.com\/de\/cookie-legal-statements\/","url":"https:\/\/www.rcrflooringproducts.com\/de\/cookie-legal-statements\/","name":"Cookies und Rechtliches - RCR Flooring Products","isPartOf":{"@id":"https:\/\/www.rcrflooringproducts.com\/#website"},"primaryImageOfPage":{"@id":"https:\/\/www.rcrflooringproducts.com\/de\/cookie-legal-statements\/#primaryimage"},"image":{"@id":"https:\/\/www.rcrflooringproducts.com\/de\/cookie-legal-statements\/#primaryimage"},"thumbnailUrl":"https:\/\/www.rcrflooringproducts.com\/wp-content\/uploads\/2017\/09\/Qualidur-1.jpg","datePublished":"2017-09-15T10:59:44+00:00","dateModified":"2020-09-23T12:37:02+00:00","breadcrumb":{"@id":"https:\/\/www.rcrflooringproducts.com\/de\/cookie-legal-statements\/#breadcrumb"},"inLanguage":"de","potentialAction":[{"@type":"ReadAction","target":["https:\/\/www.rcrflooringproducts.com\/de\/cookie-legal-statements\/"]}]},{"@type":"ImageObject","inLanguage":"de","@id":"https:\/\/www.rcrflooringproducts.com\/de\/cookie-legal-statements\/#primaryimage","url":"https:\/\/www.rcrflooringproducts.com\/wp-content\/uploads\/2017\/09\/Qualidur-1.jpg","contentUrl":"https:\/\/www.rcrflooringproducts.com\/wp-content\/uploads\/2017\/09\/Qualidur-1.jpg","width":1500,"height":770},{"@type":"BreadcrumbList","@id":"https:\/\/www.rcrflooringproducts.com\/de\/cookie-legal-statements\/#breadcrumb","itemListElement":[{"@type":"ListItem","position":1,"name":"Home","item":"https:\/\/www.rcrflooringproducts.com\/de\/"},{"@type":"ListItem","position":2,"name":"Cookies und Rechtliches"}]},{"@type":"WebSite","@id":"https:\/\/www.rcrflooringproducts.com\/#website","url":"https:\/\/www.rcrflooringproducts.com\/","name":"RCR Flooring Products","description":"Industrial Flooring Products","potentialAction":[{"@type":"SearchAction","target":{"@type":"EntryPoint","urlTemplate":"https:\/\/www.rcrflooringproducts.com\/?s={search_term_string}"},"query-input":{"@type":"PropertyValueSpecification","valueRequired":true,"valueName":"search_term_string"}}],"inLanguage":"de"}]}},"_links":{"self":[{"href":"https:\/\/www.rcrflooringproducts.com\/de\/wp-json\/wp\/v2\/pages\/2612","targetHints":{"allow":["GET"]}}],"collection":[{"href":"https:\/\/www.rcrflooringproducts.com\/de\/wp-json\/wp\/v2\/pages"}],"about":[{"href":"https:\/\/www.rcrflooringproducts.com\/de\/wp-json\/wp\/v2\/types\/page"}],"author":[{"embeddable":true,"href":"https:\/\/www.rcrflooringproducts.com\/de\/wp-json\/wp\/v2\/users\/3"}],"replies":[{"embeddable":true,"href":"https:\/\/www.rcrflooringproducts.com\/de\/wp-json\/wp\/v2\/comments?post=2612"}],"version-history":[{"count":6,"href":"https:\/\/www.rcrflooringproducts.com\/de\/wp-json\/wp\/v2\/pages\/2612\/revisions"}],"predecessor-version":[{"id":5611,"href":"https:\/\/www.rcrflooringproducts.com\/de\/wp-json\/wp\/v2\/pages\/2612\/revisions\/5611"}],"wp:featuredmedia":[{"embeddable":true,"href":"https:\/\/www.rcrflooringproducts.com\/de\/wp-json\/wp\/v2\/media\/2372"}],"wp:attachment":[{"href":"https:\/\/www.rcrflooringproducts.com\/de\/wp-json\/wp\/v2\/media?parent=2612"}],"curies":[{"name":"wp","href":"https:\/\/api.w.org\/{rel}","templated":true}]}}