{"id":2605,"date":"2017-09-12T15:58:11","date_gmt":"2017-09-12T14:58:11","guid":{"rendered":"https:\/\/www.rcrflooringproducts.com\/about-us\/rcr-industrial-flooring\/"},"modified":"2020-09-23T13:51:18","modified_gmt":"2020-09-23T12:51:18","slug":"rcr-industrial-flooring","status":"publish","type":"page","link":"https:\/\/www.rcrflooringproducts.com\/de\/about-us\/rcr-industrial-flooring\/","title":{"rendered":"RCR Industrial Flooring"},"content":{"rendered":"<div id=\"pl-2605\"  class=\"panel-layout\" ><div id=\"pg-2605-0\"  class=\"panel-grid panel-has-style\" ><div class=\"large-font-size panel-row-style panel-row-style-for-2605-0\" ><div id=\"pgc-2605-0-0\"  class=\"panel-grid-cell\" ><div id=\"panel-2605-0-0-0\" class=\"so-panel widget widget_sow-editor panel-first-child panel-last-child\" data-index=\"0\" ><div\n\t\t\t\n\t\t\tclass=\"so-widget-sow-editor so-widget-sow-editor-base\"\n\t\t\t\n\t\t>\n<div class=\"siteorigin-widget-tinymce textwidget\">\n\t<p>RCR Flooring Products ist ein Gesch\u00e4ftsbereich von RCR Industrial Flooring, einer internationalen Unternehmensgruppe, die einen einzigartigen integrierten Komplettservice f\u00fcr Industrieb\u00f6den aus Beton anbietet.<\/p>\n<\/div>\n<\/div><\/div><\/div><\/div><\/div><div id=\"pg-2605-1\"  class=\"panel-grid panel-no-style\" ><div id=\"pgc-2605-1-0\"  class=\"panel-grid-cell\" ><div id=\"panel-2605-1-0-0\" class=\"so-panel widget widget_sow-editor panel-first-child panel-last-child\" data-index=\"1\" ><div\n\t\t\t\n\t\t\tclass=\"so-widget-sow-editor so-widget-sow-editor-base\"\n\t\t\t\n\t\t>\n<div class=\"siteorigin-widget-tinymce textwidget\">\n\t<h5>RCR besteht aus drei Gesch\u00e4ftsbereichen:<\/h5>\n<\/div>\n<\/div><\/div><\/div><div id=\"pgc-2605-1-1\"  class=\"panel-grid-cell\" ><div id=\"panel-2605-1-1-0\" class=\"so-panel widget widget_sow-image panel-first-child panel-last-child\" data-index=\"2\" ><div\n\t\t\t\n\t\t\tclass=\"so-widget-sow-image so-widget-sow-image-default-a258e6bfa2d8-2605\"\n\t\t\t\n\t\t>\n<div class=\"sow-image-container\">\n\t\t<img \n\tsrc=\"https:\/\/www.rcrflooringproducts.com\/wp-content\/uploads\/2017\/09\/New-divisions-logo-Dec-16.jpg\" width=\"1000\" height=\"725\" srcset=\"https:\/\/www.rcrflooringproducts.com\/wp-content\/uploads\/2017\/09\/New-divisions-logo-Dec-16.jpg 1000w, https:\/\/www.rcrflooringproducts.com\/wp-content\/uploads\/2017\/09\/New-divisions-logo-Dec-16-300x218.jpg 300w, https:\/\/www.rcrflooringproducts.com\/wp-content\/uploads\/2017\/09\/New-divisions-logo-Dec-16-768x557.jpg 768w\" sizes=\"(max-width: 1000px) 100vw, 1000px\" alt=\"\" \t\tclass=\"so-widget-image\"\/>\n\t<\/div>\n\n<\/div><\/div><\/div><\/div><div id=\"pg-2605-2\"  class=\"panel-grid panel-no-style\" ><div id=\"pgc-2605-2-0\"  class=\"panel-grid-cell\" ><div id=\"panel-2605-2-0-0\" class=\"so-panel widget widget_sow-editor panel-first-child panel-last-child\" data-index=\"3\" ><div\n\t\t\t\n\t\t\tclass=\"so-widget-sow-editor so-widget-sow-editor-base\"\n\t\t\t\n\t\t>\n<div class=\"siteorigin-widget-tinymce textwidget\">\n\t<ul>\n<li><a href=\"http:\/\/www.rcrindustrialflooring.com\/rcr-flooring-products\" target=\"_blank\" rel=\"noopener noreferrer\">RCR Flooring Products.<\/a> Dies ist der Produktionsbereich, einschlie\u00dflich Entwicklung und Herstellung von Industrieb\u00f6den, zu dem RINOL, Permaban und ROCLAND geh\u00f6ren.<\/li>\n<li><a href=\"http:\/\/www.rcrindustrialflooring.com\/rcr-flooring-applications\" target=\"_blank\" rel=\"noopener noreferrer\">RCR Flooring Applications.<\/a> Dieser Gesch\u00e4ftsbereich umfasst zahlreiche spezialisierte Nachunternehmer f\u00fcr Industrieb\u00f6den auf der ganzen Welt.\u00a0 Sie erstellen traditionelle und dekorative B\u00f6den, Kunstharzbeschichtungen und Au\u00dfenfl\u00e4chen.<\/li>\n<li><a href=\"http:\/\/www.rcrindustrialflooring.com\/rcr-flooring-services\" target=\"_blank\" rel=\"noopener noreferrer\">RCR Flooring Services.<\/a> Diese Abteilung umfasst Planungs-, Konstruktions- und Projektmanagementdienstleistungen und bietet Reparaturdienstleistungen unter der Marke Permaneo sowie Beratung f\u00fcr Industriebetonb\u00f6den von Monofloor.<\/li>\n<\/ul>\n<\/div>\n<\/div><\/div><\/div><\/div><div id=\"pg-2605-3\"  class=\"panel-grid panel-no-style\" ><div id=\"pgc-2605-3-0\"  class=\"panel-grid-cell\" ><div id=\"panel-2605-3-0-0\" class=\"so-panel widget widget_sow-image panel-first-child panel-last-child\" data-index=\"4\" ><div\n\t\t\t\n\t\t\tclass=\"so-widget-sow-image so-widget-sow-image-default-a258e6bfa2d8-2605\"\n\t\t\t\n\t\t>\n<div class=\"sow-image-container\">\n\t\t<img \n\tsrc=\"https:\/\/www.rcrflooringproducts.com\/wp-content\/uploads\/2019\/11\/German.png\" width=\"2480\" height=\"1999\" srcset=\"https:\/\/www.rcrflooringproducts.com\/wp-content\/uploads\/2019\/11\/German.png 2480w, https:\/\/www.rcrflooringproducts.com\/wp-content\/uploads\/2019\/11\/German-530x427.png 530w, https:\/\/www.rcrflooringproducts.com\/wp-content\/uploads\/2019\/11\/German-768x619.png 768w, https:\/\/www.rcrflooringproducts.com\/wp-content\/uploads\/2019\/11\/German-1024x825.png 1024w\" sizes=\"(max-width: 2480px) 100vw, 2480px\" alt=\"\" \t\tclass=\"so-widget-image\"\/>\n\t<\/div>\n\n<\/div><\/div><\/div><div id=\"pgc-2605-3-1\"  class=\"panel-grid-cell\" ><div id=\"panel-2605-3-1-0\" class=\"so-panel widget widget_sow-editor panel-first-child panel-last-child\" data-index=\"5\" ><div\n\t\t\t\n\t\t\tclass=\"so-widget-sow-editor so-widget-sow-editor-base\"\n\t\t\t\n\t\t>\n<div class=\"siteorigin-widget-tinymce textwidget\">\n\t<p>RCR-Unternehmen arbeiten weltweit als Team und stellen sicher, dass internationale Kunden \u00fcberall die gleichen Standards in Bezug auf Service und Projektabwicklung erwarten k\u00f6nnen.<\/p>\n<p>Daher ist RCR stolz darauf, viele namhafte Unternehmen zu seinen Kunden z\u00e4hlen zu d\u00fcrfen, darunter Audi, BMW, Caterpillar, DHL, K\u00fchne &amp; Nagel, Walmart und Coca-Cola.<\/p>\n<p>RCR hat sich den Werten Integrit\u00e4t, Teamarbeit und Erfolg verpflichtet.\u00a0 Als Gruppe bem\u00fchen wir uns stets, kundenorientiert zu sein, auf h\u00f6chstem Niveau zu arbeiten, offene Innovation zu verfolgen und als starkes Team aufzutreten.<\/p>\n<p>Weitere Informationen zu RCR Industrial Flooring finden Sie unter <a href=\"http:\/\/www.rcrindustrialflooring.com\/\" target=\"_blank\" rel=\"noopener noreferrer\">www.rcrindustrialflooring.com<\/a><\/p>\n<\/div>\n<\/div><\/div><\/div><\/div><div id=\"pg-2605-4\"  class=\"panel-grid panel-no-style\" ><div id=\"pgc-2605-4-0\"  class=\"panel-grid-cell\" ><div id=\"panel-2605-4-0-0\" class=\"so-panel widget widget_sow-editor panel-first-child panel-last-child\" data-index=\"6\" ><div\n\t\t\t\n\t\t\tclass=\"so-widget-sow-editor so-widget-sow-editor-base\"\n\t\t\t\n\t\t>\n<div class=\"siteorigin-widget-tinymce textwidget\">\n\t<h2>Unsere <strong>Industrieboden-Produkte<\/strong><\/h2>\n<p><a href=\"https:\/\/www.rcrflooringproducts.com\/de\/produkte\/\">Erfahren Sie mehr \u00fcber unsere Produkte f\u00fcr Industrieb\u00f6den. &gt;&gt;<\/a><\/p>\n<\/div>\n<\/div><\/div><\/div><\/div><\/div>","protected":false},"excerpt":{"rendered":"<p>RCR Flooring Products ist ein Gesch\u00e4ftsbereich von RCR Industrial Flooring, einer internationalen Unternehmensgruppe, die einen einzigartigen integrierten Komplettservice f\u00fcr Industrieb\u00f6den aus Beton anbietet. RCR besteht aus drei Gesch\u00e4ftsbereichen:<\/p>\n","protected":false},"author":3,"featured_media":2228,"parent":5789,"menu_order":0,"comment_status":"closed","ping_status":"closed","template":"","meta":{"_acf_changed":false,"footnotes":""},"class_list":["post-2605","page","type-page","status-publish","has-post-thumbnail","hentry"],"acf":[],"yoast_head":"<!-- This site is optimized with the Yoast SEO plugin v27.6 - https:\/\/yoast.com\/product\/yoast-seo-wordpress\/ -->\n<title>RCR | Industrieller konkreter Bodenbelag, industrieller Harz-Bodenbelag<\/title>\n<meta name=\"description\" content=\"RCR Flooring Products ist ein Gesch\u00e4ftsbereich von RCR Industrial Flooring, der einen einzigartig integrierten End-to-Finish-Service f\u00fcr Industriebetonb\u00f6den bietet.\" \/>\n<meta name=\"robots\" content=\"index, follow, max-snippet:-1, max-image-preview:large, max-video-preview:-1\" \/>\n<link rel=\"canonical\" href=\"https:\/\/www.rcrflooringproducts.com\/de\/about-us\/rcr-industrial-flooring\/\" \/>\n<meta property=\"og:locale\" content=\"de_DE\" \/>\n<meta property=\"og:type\" content=\"article\" \/>\n<meta property=\"og:title\" content=\"RCR | Industrieller konkreter Bodenbelag, industrieller Harz-Bodenbelag\" \/>\n<meta property=\"og:description\" content=\"RCR Flooring Products ist ein Gesch\u00e4ftsbereich von RCR Industrial Flooring, der einen einzigartig integrierten End-to-Finish-Service f\u00fcr Industriebetonb\u00f6den bietet.\" \/>\n<meta property=\"og:url\" content=\"https:\/\/www.rcrflooringproducts.com\/de\/about-us\/rcr-industrial-flooring\/\" \/>\n<meta property=\"og:site_name\" content=\"RCR Flooring Products\" \/>\n<meta property=\"article:modified_time\" content=\"2020-09-23T12:51:18+00:00\" \/>\n<meta property=\"og:image\" content=\"https:\/\/www.rcrflooringproducts.com\/wp-content\/uploads\/2017\/09\/Signature-1.jpg\" \/>\n\t<meta property=\"og:image:width\" content=\"1500\" \/>\n\t<meta property=\"og:image:height\" content=\"497\" \/>\n\t<meta property=\"og:image:type\" content=\"image\/jpeg\" \/>\n<meta name=\"twitter:card\" content=\"summary_large_image\" \/>\n<meta name=\"twitter:label1\" content=\"Gesch\u00e4tzte Lesezeit\" \/>\n\t<meta name=\"twitter:data1\" content=\"1\u00a0Minute\" \/>\n<script type=\"application\/ld+json\" class=\"yoast-schema-graph\">{\"@context\":\"https:\\\/\\\/schema.org\",\"@graph\":[{\"@type\":\"WebPage\",\"@id\":\"https:\\\/\\\/www.rcrflooringproducts.com\\\/de\\\/about-us\\\/rcr-industrial-flooring\\\/\",\"url\":\"https:\\\/\\\/www.rcrflooringproducts.com\\\/de\\\/about-us\\\/rcr-industrial-flooring\\\/\",\"name\":\"RCR | Industrieller konkreter Bodenbelag, industrieller Harz-Bodenbelag\",\"isPartOf\":{\"@id\":\"https:\\\/\\\/www.rcrflooringproducts.com\\\/#website\"},\"primaryImageOfPage\":{\"@id\":\"https:\\\/\\\/www.rcrflooringproducts.com\\\/de\\\/about-us\\\/rcr-industrial-flooring\\\/#primaryimage\"},\"image\":{\"@id\":\"https:\\\/\\\/www.rcrflooringproducts.com\\\/de\\\/about-us\\\/rcr-industrial-flooring\\\/#primaryimage\"},\"thumbnailUrl\":\"https:\\\/\\\/www.rcrflooringproducts.com\\\/wp-content\\\/uploads\\\/2017\\\/09\\\/Signature-1.jpg\",\"datePublished\":\"2017-09-12T14:58:11+00:00\",\"dateModified\":\"2020-09-23T12:51:18+00:00\",\"description\":\"RCR Flooring Products ist ein Gesch\u00e4ftsbereich von RCR Industrial Flooring, der einen einzigartig integrierten End-to-Finish-Service f\u00fcr Industriebetonb\u00f6den bietet.\",\"breadcrumb\":{\"@id\":\"https:\\\/\\\/www.rcrflooringproducts.com\\\/de\\\/about-us\\\/rcr-industrial-flooring\\\/#breadcrumb\"},\"inLanguage\":\"de\",\"potentialAction\":[{\"@type\":\"ReadAction\",\"target\":[\"https:\\\/\\\/www.rcrflooringproducts.com\\\/de\\\/about-us\\\/rcr-industrial-flooring\\\/\"]}]},{\"@type\":\"ImageObject\",\"inLanguage\":\"de\",\"@id\":\"https:\\\/\\\/www.rcrflooringproducts.com\\\/de\\\/about-us\\\/rcr-industrial-flooring\\\/#primaryimage\",\"url\":\"https:\\\/\\\/www.rcrflooringproducts.com\\\/wp-content\\\/uploads\\\/2017\\\/09\\\/Signature-1.jpg\",\"contentUrl\":\"https:\\\/\\\/www.rcrflooringproducts.com\\\/wp-content\\\/uploads\\\/2017\\\/09\\\/Signature-1.jpg\",\"width\":1500,\"height\":497},{\"@type\":\"BreadcrumbList\",\"@id\":\"https:\\\/\\\/www.rcrflooringproducts.com\\\/de\\\/about-us\\\/rcr-industrial-flooring\\\/#breadcrumb\",\"itemListElement\":[{\"@type\":\"ListItem\",\"position\":1,\"name\":\"Home\",\"item\":\"https:\\\/\\\/www.rcrflooringproducts.com\\\/de\\\/\"},{\"@type\":\"ListItem\",\"position\":2,\"name\":\"\u00dcber uns\",\"item\":\"https:\\\/\\\/www.rcrflooringproducts.com\\\/de\\\/about-us\\\/\"},{\"@type\":\"ListItem\",\"position\":3,\"name\":\"RCR Industrial Flooring\"}]},{\"@type\":\"WebSite\",\"@id\":\"https:\\\/\\\/www.rcrflooringproducts.com\\\/#website\",\"url\":\"https:\\\/\\\/www.rcrflooringproducts.com\\\/\",\"name\":\"RCR Flooring Products\",\"description\":\"Industrial Flooring Products\",\"potentialAction\":[{\"@type\":\"SearchAction\",\"target\":{\"@type\":\"EntryPoint\",\"urlTemplate\":\"https:\\\/\\\/www.rcrflooringproducts.com\\\/?s={search_term_string}\"},\"query-input\":{\"@type\":\"PropertyValueSpecification\",\"valueRequired\":true,\"valueName\":\"search_term_string\"}}],\"inLanguage\":\"de\"}]}<\/script>\n<!-- \/ Yoast SEO plugin. -->","yoast_head_json":{"title":"RCR | Industrieller konkreter Bodenbelag, industrieller Harz-Bodenbelag","description":"RCR Flooring Products ist ein Gesch\u00e4ftsbereich von RCR Industrial Flooring, der einen einzigartig integrierten End-to-Finish-Service f\u00fcr Industriebetonb\u00f6den bietet.","robots":{"index":"index","follow":"follow","max-snippet":"max-snippet:-1","max-image-preview":"max-image-preview:large","max-video-preview":"max-video-preview:-1"},"canonical":"https:\/\/www.rcrflooringproducts.com\/de\/about-us\/rcr-industrial-flooring\/","og_locale":"de_DE","og_type":"article","og_title":"RCR | Industrieller konkreter Bodenbelag, industrieller Harz-Bodenbelag","og_description":"RCR Flooring Products ist ein Gesch\u00e4ftsbereich von RCR Industrial Flooring, der einen einzigartig integrierten End-to-Finish-Service f\u00fcr Industriebetonb\u00f6den bietet.","og_url":"https:\/\/www.rcrflooringproducts.com\/de\/about-us\/rcr-industrial-flooring\/","og_site_name":"RCR Flooring Products","article_modified_time":"2020-09-23T12:51:18+00:00","og_image":[{"width":1500,"height":497,"url":"https:\/\/www.rcrflooringproducts.com\/wp-content\/uploads\/2017\/09\/Signature-1.jpg","type":"image\/jpeg"}],"twitter_card":"summary_large_image","twitter_misc":{"Gesch\u00e4tzte Lesezeit":"1\u00a0Minute"},"schema":{"@context":"https:\/\/schema.org","@graph":[{"@type":"WebPage","@id":"https:\/\/www.rcrflooringproducts.com\/de\/about-us\/rcr-industrial-flooring\/","url":"https:\/\/www.rcrflooringproducts.com\/de\/about-us\/rcr-industrial-flooring\/","name":"RCR | Industrieller konkreter Bodenbelag, industrieller Harz-Bodenbelag","isPartOf":{"@id":"https:\/\/www.rcrflooringproducts.com\/#website"},"primaryImageOfPage":{"@id":"https:\/\/www.rcrflooringproducts.com\/de\/about-us\/rcr-industrial-flooring\/#primaryimage"},"image":{"@id":"https:\/\/www.rcrflooringproducts.com\/de\/about-us\/rcr-industrial-flooring\/#primaryimage"},"thumbnailUrl":"https:\/\/www.rcrflooringproducts.com\/wp-content\/uploads\/2017\/09\/Signature-1.jpg","datePublished":"2017-09-12T14:58:11+00:00","dateModified":"2020-09-23T12:51:18+00:00","description":"RCR Flooring Products ist ein Gesch\u00e4ftsbereich von RCR Industrial Flooring, der einen einzigartig integrierten End-to-Finish-Service f\u00fcr Industriebetonb\u00f6den bietet.","breadcrumb":{"@id":"https:\/\/www.rcrflooringproducts.com\/de\/about-us\/rcr-industrial-flooring\/#breadcrumb"},"inLanguage":"de","potentialAction":[{"@type":"ReadAction","target":["https:\/\/www.rcrflooringproducts.com\/de\/about-us\/rcr-industrial-flooring\/"]}]},{"@type":"ImageObject","inLanguage":"de","@id":"https:\/\/www.rcrflooringproducts.com\/de\/about-us\/rcr-industrial-flooring\/#primaryimage","url":"https:\/\/www.rcrflooringproducts.com\/wp-content\/uploads\/2017\/09\/Signature-1.jpg","contentUrl":"https:\/\/www.rcrflooringproducts.com\/wp-content\/uploads\/2017\/09\/Signature-1.jpg","width":1500,"height":497},{"@type":"BreadcrumbList","@id":"https:\/\/www.rcrflooringproducts.com\/de\/about-us\/rcr-industrial-flooring\/#breadcrumb","itemListElement":[{"@type":"ListItem","position":1,"name":"Home","item":"https:\/\/www.rcrflooringproducts.com\/de\/"},{"@type":"ListItem","position":2,"name":"\u00dcber uns","item":"https:\/\/www.rcrflooringproducts.com\/de\/about-us\/"},{"@type":"ListItem","position":3,"name":"RCR Industrial Flooring"}]},{"@type":"WebSite","@id":"https:\/\/www.rcrflooringproducts.com\/#website","url":"https:\/\/www.rcrflooringproducts.com\/","name":"RCR Flooring Products","description":"Industrial Flooring Products","potentialAction":[{"@type":"SearchAction","target":{"@type":"EntryPoint","urlTemplate":"https:\/\/www.rcrflooringproducts.com\/?s={search_term_string}"},"query-input":{"@type":"PropertyValueSpecification","valueRequired":true,"valueName":"search_term_string"}}],"inLanguage":"de"}]}},"_links":{"self":[{"href":"https:\/\/www.rcrflooringproducts.com\/de\/wp-json\/wp\/v2\/pages\/2605","targetHints":{"allow":["GET"]}}],"collection":[{"href":"https:\/\/www.rcrflooringproducts.com\/de\/wp-json\/wp\/v2\/pages"}],"about":[{"href":"https:\/\/www.rcrflooringproducts.com\/de\/wp-json\/wp\/v2\/types\/page"}],"author":[{"embeddable":true,"href":"https:\/\/www.rcrflooringproducts.com\/de\/wp-json\/wp\/v2\/users\/3"}],"replies":[{"embeddable":true,"href":"https:\/\/www.rcrflooringproducts.com\/de\/wp-json\/wp\/v2\/comments?post=2605"}],"version-history":[{"count":4,"href":"https:\/\/www.rcrflooringproducts.com\/de\/wp-json\/wp\/v2\/pages\/2605\/revisions"}],"predecessor-version":[{"id":5613,"href":"https:\/\/www.rcrflooringproducts.com\/de\/wp-json\/wp\/v2\/pages\/2605\/revisions\/5613"}],"up":[{"embeddable":true,"href":"https:\/\/www.rcrflooringproducts.com\/de\/wp-json\/wp\/v2\/pages\/5789"}],"wp:featuredmedia":[{"embeddable":true,"href":"https:\/\/www.rcrflooringproducts.com\/de\/wp-json\/wp\/v2\/media\/2228"}],"wp:attachment":[{"href":"https:\/\/www.rcrflooringproducts.com\/de\/wp-json\/wp\/v2\/media?parent=2605"}],"curies":[{"name":"wp","href":"https:\/\/api.w.org\/{rel}","templated":true}]}}