{"id":4000,"date":"2017-09-12T15:57:58","date_gmt":"2017-09-12T14:57:58","guid":{"rendered":"https:\/\/www.rcrflooringproducts.com\/history\/"},"modified":"2019-03-21T11:23:57","modified_gmt":"2019-03-21T11:23:57","slug":"historie","status":"publish","type":"page","link":"https:\/\/www.rcrflooringproducts.com\/cs\/o-nas\/historie\/","title":{"rendered":"Historie"},"content":{"rendered":"<div id=\"pl-4000\"  class=\"panel-layout\" ><div id=\"pg-4000-0\"  class=\"panel-grid panel-no-style\" ><div id=\"pgc-4000-0-0\"  class=\"panel-grid-cell\" ><div id=\"panel-4000-0-0-0\" class=\"so-panel widget widget_sow-editor panel-first-child\" data-index=\"0\" ><div class=\"large-font-size panel-widget-style panel-widget-style-for-4000-0-0-0\" ><div\n\t\t\t\n\t\t\tclass=\"so-widget-sow-editor so-widget-sow-editor-base\"\n\t\t\t\n\t\t>\n<div class=\"siteorigin-widget-tinymce textwidget\">\n\t<p>B\u011bhem osmdes\u00e1t\u00fdch let se za\u010dala siln\u011b zvy\u0161ovat popt\u00e1vka po glob\u00e1ln\u00edch distribu\u010dn\u00edch slu\u017eb\u00e1ch. S t\u00edm rostla popt\u00e1vka po velk\u00fdch skladov\u00fdch prostorech a distribu\u010dn\u00edch centrech po cel\u00e9m sv\u011bt\u011b.<\/p>\n<\/div>\n<\/div><\/div><\/div><div id=\"panel-4000-0-0-1\" class=\"so-panel widget widget_sow-editor panel-last-child\" data-index=\"1\" ><div\n\t\t\t\n\t\t\tclass=\"so-widget-sow-editor so-widget-sow-editor-base\"\n\t\t\t\n\t\t>\n<div class=\"siteorigin-widget-tinymce textwidget\">\n\t<p>To dalo vzniknout dv\u011bma nov\u00fdm pr\u016fmyslov\u00fdm odv\u011btv\u00edm. Za prv\u00e9, specializovan\u00fdm dodavatel\u016fm pr\u016fmyslov\u00fdch podlah, s odborn\u00fdmi znalostmi pro v\u00fdrobu velk\u00fdch betonov\u00fdch podlah. Za druh\u00e9, speci\u00e1ln\u00edm v\u00fdrobk\u016fm pro pou\u017eit\u00ed v t\u011bchto podlah\u00e1ch.<\/p>\n<h5>PR\u016eMYSLOV\u00c9 PODLAHOV\u00c9 V\u00ddROBKY RINOL, PERMABAN A ROCLAND<\/h5>\n<p>T\u0159i spole\u010dnosti s p\u0159edstavou o p\u0159\u00edle\u017eitostech, kter\u00e9 p\u0159ed sebou maj\u00ed, jsou RINOL v N\u011bmecku, Permaban ve Velk\u00e9 Brit\u00e1nii a Placeo ve Francii, specializovan\u00fd dodavatel podlahov\u00fdch povrch\u016f s v\u00fdrobn\u00edm odd\u011blen\u00edm. (Toto odd\u011blen\u00ed je n\u00e1sledn\u011b sou\u010d\u00e1st\u00ed samostatn\u00e9ho subjektu, RCR Production France a dnes vyr\u00e1b\u00ed pod zna\u010dkou ROCLAND.)<\/p>\n<p>V roce 2006 podnikatel\u00e9 z RINOL a Placeo vid\u011bli v\u00fdhody ve spolupr\u00e1ce. Spole\u010dn\u011b za\u010dali vystupovat pod glob\u00e1ln\u00ed zna\u010dkou pr\u016fmyslov\u00fdch podlah - RCR. <a href=\"https:\/\/www.rcrindustrialflooring.com\/\" target=\"_blank\" rel=\"noopener\">RCR Industrial Flooring<\/a> byla zalo\u017eena na touze vyu\u017e\u00edt zku\u0161enosti p\u0159edn\u00edch zna\u010dek na cel\u00e9m sv\u011bt\u011b a dos\u00e1hnout nejlep\u0161\u00edch v\u00fdsledk\u016f. Tyto hodnoty plat\u00ed dodnes.<\/p>\n<h5>MEZIN\u00c1RODN\u00cd R\u016eST RCR<\/h5>\n<p>Spole\u010dnosti RCR se nach\u00e1zej\u00ed na p\u0159edn\u00edch p\u0159\u00ed\u010dk\u00e1ch v oblasti pr\u016fmyslov\u00e9 podlahov\u00e9 techniky, kter\u00e1 se v pr\u016fb\u011bhu let rozv\u00edj\u00ed. Nyn\u00ed s ro\u010dn\u00edm obratem p\u0159esahuj\u00edc\u00edm 160 milion\u016f EUR a 850 zam\u011bstnanci na cel\u00e9m sv\u011bt\u011b, spole\u010dnost RCR d\u016fsledn\u011b pos\u00edlila sv\u00e9 postaven\u00ed. Dnes RCR je hrd\u00e1 na to, \u017ee je jedinou organizac\u00ed na sv\u011bt\u011b, kter\u00e1 nab\u00edz\u00ed zcela integrovanou slu\u017ebu pro pr\u016fmyslov\u00e9 podlahy.<\/p>\n<p>V r\u00e1mci prob\u00edhaj\u00edc\u00edho rozvoje a racionalizace skupiny RCR byla v roce 2013 zalo\u017eena divize RCR Flooring Products, kter\u00e1 sjednotila v\u0161echny v\u00fdrobce produkt\u016f RCR pod jedn\u00edm jm\u00e9nem se z\u00e1vazkem na zv\u00fd\u0161en\u00ed spolupr\u00e1ce.<\/p>\n<p><a href=\"https:\/\/www.rcrflooringproducts.com\/cs\/produkty\/\">V\u00edce o na\u0161ich produktech<\/a><\/p>\n<\/div>\n<\/div><\/div><\/div><\/div><\/div>","protected":false},"excerpt":{"rendered":"<p>B\u011bhem osmdes\u00e1t\u00fdch let se za\u010dala siln\u011b zvy\u0161ovat popt\u00e1vka po glob\u00e1ln\u00edch distribu\u010dn\u00edch slu\u017eb\u00e1ch. S t\u00edm rostla popt\u00e1vka po velk\u00fdch skladov\u00fdch prostorech a distribu\u010dn\u00edch centrech po cel\u00e9m sv\u011bt\u011b. To dalo vzniknout dv\u011bma nov\u00fdm pr\u016fmyslov\u00fdm odv\u011btv\u00edm. Za prv\u00e9, specializovan\u00fdm dodavatel\u016fm pr\u016fmyslov\u00fdch podlah, s&#8230;<\/p>\n","protected":false},"author":3,"featured_media":4001,"parent":5785,"menu_order":0,"comment_status":"closed","ping_status":"closed","template":"","meta":{"_acf_changed":false,"footnotes":""},"class_list":["post-4000","page","type-page","status-publish","has-post-thumbnail","hentry"],"acf":[],"yoast_head":"<!-- This site is optimized with the Yoast SEO plugin v27.3 - https:\/\/yoast.com\/product\/yoast-seo-wordpress\/ -->\n<title>Pr\u016fmyslov\u00e9 Podlahov\u00e9 V\u00fdrobky, V\u00fdrobci Epoxidov\u00fdch Podklad\u016f | RCR<\/title>\n<meta name=\"description\" content=\"Zjist\u011bte, jak se pr\u016fmyslov\u00e9 podlahy zna\u010dky RINOL, ROCLAND a Permaban staly sou\u010d\u00e1st\u00ed skupiny RCR Industrial Flooring.\" \/>\n<meta name=\"robots\" content=\"index, follow, max-snippet:-1, max-image-preview:large, max-video-preview:-1\" \/>\n<link rel=\"canonical\" href=\"https:\/\/www.rcrflooringproducts.com\/cs\/o-nas\/historie\/\" \/>\n<meta property=\"og:locale\" content=\"cs_CZ\" \/>\n<meta property=\"og:type\" content=\"article\" \/>\n<meta property=\"og:title\" content=\"Pr\u016fmyslov\u00e9 Podlahov\u00e9 V\u00fdrobky, V\u00fdrobci Epoxidov\u00fdch Podklad\u016f | RCR\" \/>\n<meta property=\"og:description\" content=\"Zjist\u011bte, jak se pr\u016fmyslov\u00e9 podlahy zna\u010dky RINOL, ROCLAND a Permaban staly sou\u010d\u00e1st\u00ed skupiny RCR Industrial Flooring.\" \/>\n<meta property=\"og:url\" content=\"https:\/\/www.rcrflooringproducts.com\/cs\/o-nas\/historie\/\" \/>\n<meta property=\"og:site_name\" content=\"RCR Flooring Products\" \/>\n<meta property=\"article:modified_time\" content=\"2019-03-21T11:23:57+00:00\" \/>\n<meta property=\"og:image\" content=\"https:\/\/www.rcrflooringproducts.com\/wp-content\/uploads\/2017\/09\/SY9A8606-web.jpg\" \/>\n\t<meta property=\"og:image:width\" content=\"1024\" \/>\n\t<meta property=\"og:image:height\" content=\"683\" \/>\n\t<meta property=\"og:image:type\" content=\"image\/jpeg\" \/>\n<meta name=\"twitter:card\" content=\"summary_large_image\" \/>\n<meta name=\"twitter:label1\" content=\"Odhadovan\u00e1 doba \u010dten\u00ed\" \/>\n\t<meta name=\"twitter:data1\" content=\"2 minuty\" \/>\n<script type=\"application\/ld+json\" class=\"yoast-schema-graph\">{\"@context\":\"https:\\\/\\\/schema.org\",\"@graph\":[{\"@type\":\"WebPage\",\"@id\":\"https:\\\/\\\/www.rcrflooringproducts.com\\\/cs\\\/o-nas\\\/historie\\\/\",\"url\":\"https:\\\/\\\/www.rcrflooringproducts.com\\\/cs\\\/o-nas\\\/historie\\\/\",\"name\":\"Pr\u016fmyslov\u00e9 Podlahov\u00e9 V\u00fdrobky, V\u00fdrobci Epoxidov\u00fdch Podklad\u016f | RCR\",\"isPartOf\":{\"@id\":\"https:\\\/\\\/www.rcrflooringproducts.com\\\/#website\"},\"primaryImageOfPage\":{\"@id\":\"https:\\\/\\\/www.rcrflooringproducts.com\\\/cs\\\/o-nas\\\/historie\\\/#primaryimage\"},\"image\":{\"@id\":\"https:\\\/\\\/www.rcrflooringproducts.com\\\/cs\\\/o-nas\\\/historie\\\/#primaryimage\"},\"thumbnailUrl\":\"https:\\\/\\\/www.rcrflooringproducts.com\\\/wp-content\\\/uploads\\\/2017\\\/09\\\/SY9A8606-web.jpg\",\"datePublished\":\"2017-09-12T14:57:58+00:00\",\"dateModified\":\"2019-03-21T11:23:57+00:00\",\"description\":\"Zjist\u011bte, jak se pr\u016fmyslov\u00e9 podlahy zna\u010dky RINOL, ROCLAND a Permaban staly sou\u010d\u00e1st\u00ed skupiny RCR Industrial Flooring.\",\"breadcrumb\":{\"@id\":\"https:\\\/\\\/www.rcrflooringproducts.com\\\/cs\\\/o-nas\\\/historie\\\/#breadcrumb\"},\"inLanguage\":\"cs\",\"potentialAction\":[{\"@type\":\"ReadAction\",\"target\":[\"https:\\\/\\\/www.rcrflooringproducts.com\\\/cs\\\/o-nas\\\/historie\\\/\"]}]},{\"@type\":\"ImageObject\",\"inLanguage\":\"cs\",\"@id\":\"https:\\\/\\\/www.rcrflooringproducts.com\\\/cs\\\/o-nas\\\/historie\\\/#primaryimage\",\"url\":\"https:\\\/\\\/www.rcrflooringproducts.com\\\/wp-content\\\/uploads\\\/2017\\\/09\\\/SY9A8606-web.jpg\",\"contentUrl\":\"https:\\\/\\\/www.rcrflooringproducts.com\\\/wp-content\\\/uploads\\\/2017\\\/09\\\/SY9A8606-web.jpg\",\"width\":1024,\"height\":683},{\"@type\":\"BreadcrumbList\",\"@id\":\"https:\\\/\\\/www.rcrflooringproducts.com\\\/cs\\\/o-nas\\\/historie\\\/#breadcrumb\",\"itemListElement\":[{\"@type\":\"ListItem\",\"position\":1,\"name\":\"Home\",\"item\":\"https:\\\/\\\/www.rcrflooringproducts.com\\\/cs\\\/\"},{\"@type\":\"ListItem\",\"position\":2,\"name\":\"O n\u00e1s\",\"item\":\"https:\\\/\\\/www.rcrflooringproducts.com\\\/cs\\\/o-nas\\\/\"},{\"@type\":\"ListItem\",\"position\":3,\"name\":\"Historie\"}]},{\"@type\":\"WebSite\",\"@id\":\"https:\\\/\\\/www.rcrflooringproducts.com\\\/#website\",\"url\":\"https:\\\/\\\/www.rcrflooringproducts.com\\\/\",\"name\":\"RCR Flooring Products\",\"description\":\"Industrial Flooring Products\",\"potentialAction\":[{\"@type\":\"SearchAction\",\"target\":{\"@type\":\"EntryPoint\",\"urlTemplate\":\"https:\\\/\\\/www.rcrflooringproducts.com\\\/?s={search_term_string}\"},\"query-input\":{\"@type\":\"PropertyValueSpecification\",\"valueRequired\":true,\"valueName\":\"search_term_string\"}}],\"inLanguage\":\"cs\"}]}<\/script>\n<!-- \/ Yoast SEO plugin. -->","yoast_head_json":{"title":"Pr\u016fmyslov\u00e9 Podlahov\u00e9 V\u00fdrobky, V\u00fdrobci Epoxidov\u00fdch Podklad\u016f | RCR","description":"Zjist\u011bte, jak se pr\u016fmyslov\u00e9 podlahy zna\u010dky RINOL, ROCLAND a Permaban staly sou\u010d\u00e1st\u00ed skupiny RCR Industrial Flooring.","robots":{"index":"index","follow":"follow","max-snippet":"max-snippet:-1","max-image-preview":"max-image-preview:large","max-video-preview":"max-video-preview:-1"},"canonical":"https:\/\/www.rcrflooringproducts.com\/cs\/o-nas\/historie\/","og_locale":"cs_CZ","og_type":"article","og_title":"Pr\u016fmyslov\u00e9 Podlahov\u00e9 V\u00fdrobky, V\u00fdrobci Epoxidov\u00fdch Podklad\u016f | RCR","og_description":"Zjist\u011bte, jak se pr\u016fmyslov\u00e9 podlahy zna\u010dky RINOL, ROCLAND a Permaban staly sou\u010d\u00e1st\u00ed skupiny RCR Industrial Flooring.","og_url":"https:\/\/www.rcrflooringproducts.com\/cs\/o-nas\/historie\/","og_site_name":"RCR Flooring Products","article_modified_time":"2019-03-21T11:23:57+00:00","og_image":[{"width":1024,"height":683,"url":"https:\/\/www.rcrflooringproducts.com\/wp-content\/uploads\/2017\/09\/SY9A8606-web.jpg","type":"image\/jpeg"}],"twitter_card":"summary_large_image","twitter_misc":{"Odhadovan\u00e1 doba \u010dten\u00ed":"2 minuty"},"schema":{"@context":"https:\/\/schema.org","@graph":[{"@type":"WebPage","@id":"https:\/\/www.rcrflooringproducts.com\/cs\/o-nas\/historie\/","url":"https:\/\/www.rcrflooringproducts.com\/cs\/o-nas\/historie\/","name":"Pr\u016fmyslov\u00e9 Podlahov\u00e9 V\u00fdrobky, V\u00fdrobci Epoxidov\u00fdch Podklad\u016f | RCR","isPartOf":{"@id":"https:\/\/www.rcrflooringproducts.com\/#website"},"primaryImageOfPage":{"@id":"https:\/\/www.rcrflooringproducts.com\/cs\/o-nas\/historie\/#primaryimage"},"image":{"@id":"https:\/\/www.rcrflooringproducts.com\/cs\/o-nas\/historie\/#primaryimage"},"thumbnailUrl":"https:\/\/www.rcrflooringproducts.com\/wp-content\/uploads\/2017\/09\/SY9A8606-web.jpg","datePublished":"2017-09-12T14:57:58+00:00","dateModified":"2019-03-21T11:23:57+00:00","description":"Zjist\u011bte, jak se pr\u016fmyslov\u00e9 podlahy zna\u010dky RINOL, ROCLAND a Permaban staly sou\u010d\u00e1st\u00ed skupiny RCR Industrial Flooring.","breadcrumb":{"@id":"https:\/\/www.rcrflooringproducts.com\/cs\/o-nas\/historie\/#breadcrumb"},"inLanguage":"cs","potentialAction":[{"@type":"ReadAction","target":["https:\/\/www.rcrflooringproducts.com\/cs\/o-nas\/historie\/"]}]},{"@type":"ImageObject","inLanguage":"cs","@id":"https:\/\/www.rcrflooringproducts.com\/cs\/o-nas\/historie\/#primaryimage","url":"https:\/\/www.rcrflooringproducts.com\/wp-content\/uploads\/2017\/09\/SY9A8606-web.jpg","contentUrl":"https:\/\/www.rcrflooringproducts.com\/wp-content\/uploads\/2017\/09\/SY9A8606-web.jpg","width":1024,"height":683},{"@type":"BreadcrumbList","@id":"https:\/\/www.rcrflooringproducts.com\/cs\/o-nas\/historie\/#breadcrumb","itemListElement":[{"@type":"ListItem","position":1,"name":"Home","item":"https:\/\/www.rcrflooringproducts.com\/cs\/"},{"@type":"ListItem","position":2,"name":"O n\u00e1s","item":"https:\/\/www.rcrflooringproducts.com\/cs\/o-nas\/"},{"@type":"ListItem","position":3,"name":"Historie"}]},{"@type":"WebSite","@id":"https:\/\/www.rcrflooringproducts.com\/#website","url":"https:\/\/www.rcrflooringproducts.com\/","name":"RCR Flooring Products","description":"Industrial Flooring Products","potentialAction":[{"@type":"SearchAction","target":{"@type":"EntryPoint","urlTemplate":"https:\/\/www.rcrflooringproducts.com\/?s={search_term_string}"},"query-input":{"@type":"PropertyValueSpecification","valueRequired":true,"valueName":"search_term_string"}}],"inLanguage":"cs"}]}},"_links":{"self":[{"href":"https:\/\/www.rcrflooringproducts.com\/cs\/wp-json\/wp\/v2\/pages\/4000","targetHints":{"allow":["GET"]}}],"collection":[{"href":"https:\/\/www.rcrflooringproducts.com\/cs\/wp-json\/wp\/v2\/pages"}],"about":[{"href":"https:\/\/www.rcrflooringproducts.com\/cs\/wp-json\/wp\/v2\/types\/page"}],"author":[{"embeddable":true,"href":"https:\/\/www.rcrflooringproducts.com\/cs\/wp-json\/wp\/v2\/users\/3"}],"replies":[{"embeddable":true,"href":"https:\/\/www.rcrflooringproducts.com\/cs\/wp-json\/wp\/v2\/comments?post=4000"}],"version-history":[{"count":0,"href":"https:\/\/www.rcrflooringproducts.com\/cs\/wp-json\/wp\/v2\/pages\/4000\/revisions"}],"up":[{"embeddable":true,"href":"https:\/\/www.rcrflooringproducts.com\/cs\/wp-json\/wp\/v2\/pages\/5785"}],"wp:featuredmedia":[{"embeddable":true,"href":"https:\/\/www.rcrflooringproducts.com\/cs\/wp-json\/wp\/v2\/media\/4001"}],"wp:attachment":[{"href":"https:\/\/www.rcrflooringproducts.com\/cs\/wp-json\/wp\/v2\/media?parent=4000"}],"curies":[{"name":"wp","href":"https:\/\/api.w.org\/{rel}","templated":true}]}}