{"id":3997,"date":"2017-09-12T15:58:11","date_gmt":"2017-09-12T14:58:11","guid":{"rendered":"https:\/\/www.rcrflooringproducts.com\/rcr-industrial-flooring\/"},"modified":"2019-03-21T11:25:25","modified_gmt":"2019-03-21T11:25:25","slug":"rcr-industrial-flooring","status":"publish","type":"page","link":"https:\/\/www.rcrflooringproducts.com\/cs\/o-nas\/rcr-industrial-flooring\/","title":{"rendered":"RCR Industrial Flooring"},"content":{"rendered":"<div id=\"pl-3997\"  class=\"panel-layout\" ><div id=\"pg-3997-0\"  class=\"panel-grid panel-has-style\" ><div class=\"large-font-size panel-row-style panel-row-style-for-3997-0\" ><div id=\"pgc-3997-0-0\"  class=\"panel-grid-cell\" ><div id=\"panel-3997-0-0-0\" class=\"so-panel widget widget_sow-editor panel-first-child panel-last-child\" data-index=\"0\" ><div\n\t\t\t\n\t\t\tclass=\"so-widget-sow-editor so-widget-sow-editor-base\"\n\t\t\t\n\t\t>\n<div class=\"siteorigin-widget-tinymce textwidget\">\n\t<p>RCR Flooring Products je divize RCR Industrial Flooring, mezin\u00e1rodn\u00ed skupiny spole\u010dnost\u00ed, kter\u00e1 nab\u00edz\u00ed jedine\u010dn\u011b integrovanou slu\u017ebu start-to-finish pro pr\u016fmyslov\u00e9 betonov\u00e9 podlahy.<\/p>\n<\/div>\n<\/div><\/div><\/div><\/div><\/div><div id=\"pg-3997-1\"  class=\"panel-grid panel-no-style\" ><div id=\"pgc-3997-1-0\"  class=\"panel-grid-cell\" ><div id=\"panel-3997-1-0-0\" class=\"so-panel widget widget_sow-editor panel-first-child panel-last-child\" data-index=\"1\" ><div\n\t\t\t\n\t\t\tclass=\"so-widget-sow-editor so-widget-sow-editor-base\"\n\t\t\t\n\t\t>\n<div class=\"siteorigin-widget-tinymce textwidget\">\n\t<h5>RCR je rozd\u011blena do t\u0159\u00ed diviz\u00ed:<\/h5>\n<\/div>\n<\/div><\/div><\/div><div id=\"pgc-3997-1-1\"  class=\"panel-grid-cell\" ><div id=\"panel-3997-1-1-0\" class=\"so-panel widget widget_sow-image panel-first-child panel-last-child\" data-index=\"2\" ><div\n\t\t\t\n\t\t\tclass=\"so-widget-sow-image so-widget-sow-image-default-a258e6bfa2d8-3997\"\n\t\t\t\n\t\t>\n<div class=\"sow-image-container\">\n\t\t<img \n\tsrc=\"https:\/\/www.rcrflooringproducts.com\/wp-content\/uploads\/2017\/09\/New-divisions-logo-Dec-16.jpg\" width=\"1000\" height=\"725\" srcset=\"https:\/\/www.rcrflooringproducts.com\/wp-content\/uploads\/2017\/09\/New-divisions-logo-Dec-16.jpg 1000w, https:\/\/www.rcrflooringproducts.com\/wp-content\/uploads\/2017\/09\/New-divisions-logo-Dec-16-300x218.jpg 300w, https:\/\/www.rcrflooringproducts.com\/wp-content\/uploads\/2017\/09\/New-divisions-logo-Dec-16-768x557.jpg 768w\" sizes=\"(max-width: 1000px) 100vw, 1000px\" alt=\"\" \t\tclass=\"so-widget-image\"\/>\n\t<\/div>\n\n<\/div><\/div><\/div><\/div><div id=\"pg-3997-2\"  class=\"panel-grid panel-no-style\" ><div id=\"pgc-3997-2-0\"  class=\"panel-grid-cell\" ><div id=\"panel-3997-2-0-0\" class=\"so-panel widget widget_sow-editor panel-first-child panel-last-child\" data-index=\"3\" ><div\n\t\t\t\n\t\t\tclass=\"so-widget-sow-editor so-widget-sow-editor-base\"\n\t\t\t\n\t\t>\n<div class=\"siteorigin-widget-tinymce textwidget\">\n\t<ul>\n<li><a href=\"http:\/\/www.rcrindustrialflooring.com\/rcr-flooring-products\">RCR Flooring Products.<\/a> Jedn\u00e1 se o v\u00fdrobn\u00ed divizi, kter\u00e1 zahrnuje n\u00e1vrh a v\u00fdrobu produkt\u016f pro pr\u016fmyslov\u00e9 betonov\u00e9 podlahy RINOL, Permaban a ROCLAND.<\/li>\n<li><a href=\"http:\/\/www.rcrindustrialflooring.com\/rcr-flooring-applications\">RCR Flooring Applications.<\/a>Tato divize zahrnuje mnoho specializovan\u00fdch subdodavatel\u016f v oblasti pr\u016fmyslov\u00fdch podlah po cel\u00e9m sv\u011bt\u011b. Vytv\u00e1\u0159ej\u00ed tradi\u010dn\u00ed, dekorativn\u00ed a prysky\u0159i\u010dn\u00e9 podlahy a vn\u011bj\u0161\u00ed povrchy.<\/li>\n<li><a href=\"http:\/\/www.rcrindustrialflooring.com\/rcr-flooring-services\">RCR Flooring Services.<\/a> Zahrnuje slu\u017eby v oblasti projektov\u00e1n\u00ed, konstruk\u010dn\u00edho in\u017een\u00fdrstv\u00ed a projektov\u00e9ho \u0159\u00edzen\u00ed. Tato divize nab\u00edz\u00ed slu\u017eby oprav pod zna\u010dkou Permaneo a poradenstv\u00ed pro pr\u016fmyslov\u00e9 betonov\u00e9 podlahy spole\u010dnosti Monofloor.<\/li>\n<\/ul>\n<\/div>\n<\/div><\/div><\/div><\/div><div id=\"pg-3997-3\"  class=\"panel-grid panel-no-style\" ><div id=\"pgc-3997-3-0\"  class=\"panel-grid-cell\" ><div id=\"panel-3997-3-0-0\" class=\"so-panel widget widget_sow-image panel-first-child panel-last-child\" data-index=\"4\" ><div\n\t\t\t\n\t\t\tclass=\"so-widget-sow-image so-widget-sow-image-default-a258e6bfa2d8-3997\"\n\t\t\t\n\t\t>\n<div class=\"sow-image-container\">\n\t\t<img \n\tsrc=\"https:\/\/www.rcrflooringproducts.com\/wp-content\/uploads\/2017\/09\/Values-Graphic-NEW-JAN-15.jpg\" width=\"1000\" height=\"798\" srcset=\"https:\/\/www.rcrflooringproducts.com\/wp-content\/uploads\/2017\/09\/Values-Graphic-NEW-JAN-15.jpg 1000w, https:\/\/www.rcrflooringproducts.com\/wp-content\/uploads\/2017\/09\/Values-Graphic-NEW-JAN-15-300x239.jpg 300w, https:\/\/www.rcrflooringproducts.com\/wp-content\/uploads\/2017\/09\/Values-Graphic-NEW-JAN-15-768x613.jpg 768w\" sizes=\"(max-width: 1000px) 100vw, 1000px\" title=\"Values-Graphic&#8212;NEW-JAN-15\" alt=\"\" \t\tclass=\"so-widget-image\"\/>\n\t<\/div>\n\n<\/div><\/div><\/div><div id=\"pgc-3997-3-1\"  class=\"panel-grid-cell\" ><div id=\"panel-3997-3-1-0\" class=\"so-panel widget widget_sow-editor panel-first-child panel-last-child\" data-index=\"5\" ><div\n\t\t\t\n\t\t\tclass=\"so-widget-sow-editor so-widget-sow-editor-base\"\n\t\t\t\n\t\t>\n<div class=\"siteorigin-widget-tinymce textwidget\">\n\t<p>Spole\u010dnosti RCR p\u016fsob\u00ed jako t\u00fdm po cel\u00e9m sv\u011bt\u011b a zaji\u0161\u0165uje, \u017ee mezin\u00e1rodn\u00ed z\u00e1kazn\u00edci mohou vyu\u017e\u00edvat stejn\u00e9 standardy slu\u017eby a dod\u00e1vky projekt\u016f, a\u0165 jsou kdekoli.<\/p>\n<p>V\u00fdsledkem je, \u017ee RCR je hrd\u00e1 na to, \u017ee jej\u00edmi klienty je \u0159ada respektovan\u00fdch spole\u010dnost\u00ed, v\u010detn\u011b Audi, BMW, Caterpillar, DHL, K\u00fchne &amp; Nagel, Walmart a Coca-Cola.<\/p>\n<p>RCR je skupina se siln\u00fdmi hodnotami integrity, t\u00fdmov\u00e9 pr\u00e1ce a \u00fasp\u011bch\u016f. Jako skupina v\u011b\u0159\u00edme v to, \u017ee jsme zam\u011b\u0159eni na pot\u0159eby klienta; fungujeme na nejvy\u0161\u0161\u00ed \u00farovni; usilujeme o otev\u0159enou inovaci; a pracujeme jako siln\u00fd t\u00fdm.<\/p>\n<p>V\u00edce informac\u00ed o RCR Industrial Flooring najdete na <a href=\"http:\/\/www.rcrindustrialflooring.com\/\" target=\"_blank\" rel=\"noopener\">www.rcrindustrialflooring.com<\/a><\/p>\n<\/div>\n<\/div><\/div><\/div><\/div><div id=\"pg-3997-4\"  class=\"panel-grid panel-no-style\" ><div id=\"pgc-3997-4-0\"  class=\"panel-grid-cell\" ><div id=\"panel-3997-4-0-0\" class=\"so-panel widget widget_sow-editor panel-first-child panel-last-child\" data-index=\"6\" ><div\n\t\t\t\n\t\t\tclass=\"so-widget-sow-editor so-widget-sow-editor-base\"\n\t\t\t\n\t\t>\n<div class=\"siteorigin-widget-tinymce textwidget\">\n\t<h2><strong>Na\u0161e produkty pro pr\u016fmyslov\u00e9 podlahy<\/strong><\/h2>\n<p><a href=\"https:\/\/www.rcrflooringproducts.com\/cs\/produkty\/\">Zjist\u011bte v\u00edce o na\u0161ich produktech pro pr\u016fmyslov\u00e9 betonov\u00e9 podlahy. &gt;&gt;<\/a><\/p>\n<\/div>\n<\/div><\/div><\/div><\/div><\/div>","protected":false},"excerpt":{"rendered":"<p>RCR Flooring Products je divize RCR Industrial Flooring, mezin\u00e1rodn\u00ed skupiny spole\u010dnost\u00ed, kter\u00e1 nab\u00edz\u00ed jedine\u010dn\u011b integrovanou slu\u017ebu start-to-finish pro pr\u016fmyslov\u00e9 betonov\u00e9 podlahy. RCR je rozd\u011blena do t\u0159\u00ed diviz\u00ed:<\/p>\n","protected":false},"author":3,"featured_media":3999,"parent":5785,"menu_order":0,"comment_status":"closed","ping_status":"closed","template":"","meta":{"_acf_changed":false,"footnotes":""},"class_list":["post-3997","page","type-page","status-publish","has-post-thumbnail","hentry"],"acf":[],"yoast_head":"<!-- This site is optimized with the Yoast SEO plugin v27.1.1 - https:\/\/yoast.com\/product\/yoast-seo-wordpress\/ -->\n<title>RCR | Pr\u016fmyslov\u00e1 Betonov\u00e1 Podlaha, Pr\u016fmyslov\u00e1 Prysky\u0159ice<\/title>\n<meta name=\"description\" content=\"RCR Flooring Products je divize RCR Industrial Flooring, kter\u00e1 nab\u00edz\u00ed jedine\u010dn\u011b integrovanou slu\u017ebu start-to-finish pro pr\u016fmyslov\u00e9 betonov\u00e9 podlahy.\" \/>\n<meta name=\"robots\" content=\"index, follow, max-snippet:-1, max-image-preview:large, max-video-preview:-1\" \/>\n<link rel=\"canonical\" href=\"https:\/\/www.rcrflooringproducts.com\/cs\/o-nas\/rcr-industrial-flooring\/\" \/>\n<meta property=\"og:locale\" content=\"cs_CZ\" \/>\n<meta property=\"og:type\" content=\"article\" \/>\n<meta property=\"og:title\" content=\"RCR | Pr\u016fmyslov\u00e1 Betonov\u00e1 Podlaha, Pr\u016fmyslov\u00e1 Prysky\u0159ice\" \/>\n<meta property=\"og:description\" content=\"RCR Flooring Products je divize RCR Industrial Flooring, kter\u00e1 nab\u00edz\u00ed jedine\u010dn\u011b integrovanou slu\u017ebu start-to-finish pro pr\u016fmyslov\u00e9 betonov\u00e9 podlahy.\" \/>\n<meta property=\"og:url\" content=\"https:\/\/www.rcrflooringproducts.com\/cs\/o-nas\/rcr-industrial-flooring\/\" \/>\n<meta property=\"og:site_name\" content=\"RCR Flooring Products\" \/>\n<meta property=\"article:modified_time\" content=\"2019-03-21T11:25:25+00:00\" \/>\n<meta property=\"og:image\" content=\"https:\/\/www.rcrflooringproducts.com\/wp-content\/uploads\/2017\/09\/Signature-1.jpg\" \/>\n\t<meta property=\"og:image:width\" content=\"1500\" \/>\n\t<meta property=\"og:image:height\" content=\"497\" \/>\n\t<meta property=\"og:image:type\" content=\"image\/jpeg\" \/>\n<meta name=\"twitter:card\" content=\"summary_large_image\" \/>\n<meta name=\"twitter:label1\" content=\"Odhadovan\u00e1 doba \u010dten\u00ed\" \/>\n\t<meta name=\"twitter:data1\" content=\"2 minuty\" \/>\n<script type=\"application\/ld+json\" class=\"yoast-schema-graph\">{\"@context\":\"https:\/\/schema.org\",\"@graph\":[{\"@type\":\"WebPage\",\"@id\":\"https:\/\/www.rcrflooringproducts.com\/cs\/o-nas\/rcr-industrial-flooring\/\",\"url\":\"https:\/\/www.rcrflooringproducts.com\/cs\/o-nas\/rcr-industrial-flooring\/\",\"name\":\"RCR | Pr\u016fmyslov\u00e1 Betonov\u00e1 Podlaha, Pr\u016fmyslov\u00e1 Prysky\u0159ice\",\"isPartOf\":{\"@id\":\"https:\/\/www.rcrflooringproducts.com\/#website\"},\"primaryImageOfPage\":{\"@id\":\"https:\/\/www.rcrflooringproducts.com\/cs\/o-nas\/rcr-industrial-flooring\/#primaryimage\"},\"image\":{\"@id\":\"https:\/\/www.rcrflooringproducts.com\/cs\/o-nas\/rcr-industrial-flooring\/#primaryimage\"},\"thumbnailUrl\":\"https:\/\/www.rcrflooringproducts.com\/wp-content\/uploads\/2017\/09\/Signature-1.jpg\",\"datePublished\":\"2017-09-12T14:58:11+00:00\",\"dateModified\":\"2019-03-21T11:25:25+00:00\",\"description\":\"RCR Flooring Products je divize RCR Industrial Flooring, kter\u00e1 nab\u00edz\u00ed jedine\u010dn\u011b integrovanou slu\u017ebu start-to-finish pro pr\u016fmyslov\u00e9 betonov\u00e9 podlahy.\",\"breadcrumb\":{\"@id\":\"https:\/\/www.rcrflooringproducts.com\/cs\/o-nas\/rcr-industrial-flooring\/#breadcrumb\"},\"inLanguage\":\"cs\",\"potentialAction\":[{\"@type\":\"ReadAction\",\"target\":[\"https:\/\/www.rcrflooringproducts.com\/cs\/o-nas\/rcr-industrial-flooring\/\"]}]},{\"@type\":\"ImageObject\",\"inLanguage\":\"cs\",\"@id\":\"https:\/\/www.rcrflooringproducts.com\/cs\/o-nas\/rcr-industrial-flooring\/#primaryimage\",\"url\":\"https:\/\/www.rcrflooringproducts.com\/wp-content\/uploads\/2017\/09\/Signature-1.jpg\",\"contentUrl\":\"https:\/\/www.rcrflooringproducts.com\/wp-content\/uploads\/2017\/09\/Signature-1.jpg\",\"width\":1500,\"height\":497},{\"@type\":\"BreadcrumbList\",\"@id\":\"https:\/\/www.rcrflooringproducts.com\/cs\/o-nas\/rcr-industrial-flooring\/#breadcrumb\",\"itemListElement\":[{\"@type\":\"ListItem\",\"position\":1,\"name\":\"Home\",\"item\":\"https:\/\/www.rcrflooringproducts.com\/cs\/\"},{\"@type\":\"ListItem\",\"position\":2,\"name\":\"O n\u00e1s\",\"item\":\"https:\/\/www.rcrflooringproducts.com\/cs\/o-nas\/\"},{\"@type\":\"ListItem\",\"position\":3,\"name\":\"RCR Industrial Flooring\"}]},{\"@type\":\"WebSite\",\"@id\":\"https:\/\/www.rcrflooringproducts.com\/#website\",\"url\":\"https:\/\/www.rcrflooringproducts.com\/\",\"name\":\"RCR Flooring Products\",\"description\":\"Industrial Flooring Products\",\"potentialAction\":[{\"@type\":\"SearchAction\",\"target\":{\"@type\":\"EntryPoint\",\"urlTemplate\":\"https:\/\/www.rcrflooringproducts.com\/?s={search_term_string}\"},\"query-input\":{\"@type\":\"PropertyValueSpecification\",\"valueRequired\":true,\"valueName\":\"search_term_string\"}}],\"inLanguage\":\"cs\"}]}<\/script>\n<!-- \/ Yoast SEO plugin. -->","yoast_head_json":{"title":"RCR | Pr\u016fmyslov\u00e1 Betonov\u00e1 Podlaha, Pr\u016fmyslov\u00e1 Prysky\u0159ice","description":"RCR Flooring Products je divize RCR Industrial Flooring, kter\u00e1 nab\u00edz\u00ed jedine\u010dn\u011b integrovanou slu\u017ebu start-to-finish pro pr\u016fmyslov\u00e9 betonov\u00e9 podlahy.","robots":{"index":"index","follow":"follow","max-snippet":"max-snippet:-1","max-image-preview":"max-image-preview:large","max-video-preview":"max-video-preview:-1"},"canonical":"https:\/\/www.rcrflooringproducts.com\/cs\/o-nas\/rcr-industrial-flooring\/","og_locale":"cs_CZ","og_type":"article","og_title":"RCR | Pr\u016fmyslov\u00e1 Betonov\u00e1 Podlaha, Pr\u016fmyslov\u00e1 Prysky\u0159ice","og_description":"RCR Flooring Products je divize RCR Industrial Flooring, kter\u00e1 nab\u00edz\u00ed jedine\u010dn\u011b integrovanou slu\u017ebu start-to-finish pro pr\u016fmyslov\u00e9 betonov\u00e9 podlahy.","og_url":"https:\/\/www.rcrflooringproducts.com\/cs\/o-nas\/rcr-industrial-flooring\/","og_site_name":"RCR Flooring Products","article_modified_time":"2019-03-21T11:25:25+00:00","og_image":[{"width":1500,"height":497,"url":"https:\/\/www.rcrflooringproducts.com\/wp-content\/uploads\/2017\/09\/Signature-1.jpg","type":"image\/jpeg"}],"twitter_card":"summary_large_image","twitter_misc":{"Odhadovan\u00e1 doba \u010dten\u00ed":"2 minuty"},"schema":{"@context":"https:\/\/schema.org","@graph":[{"@type":"WebPage","@id":"https:\/\/www.rcrflooringproducts.com\/cs\/o-nas\/rcr-industrial-flooring\/","url":"https:\/\/www.rcrflooringproducts.com\/cs\/o-nas\/rcr-industrial-flooring\/","name":"RCR | Pr\u016fmyslov\u00e1 Betonov\u00e1 Podlaha, Pr\u016fmyslov\u00e1 Prysky\u0159ice","isPartOf":{"@id":"https:\/\/www.rcrflooringproducts.com\/#website"},"primaryImageOfPage":{"@id":"https:\/\/www.rcrflooringproducts.com\/cs\/o-nas\/rcr-industrial-flooring\/#primaryimage"},"image":{"@id":"https:\/\/www.rcrflooringproducts.com\/cs\/o-nas\/rcr-industrial-flooring\/#primaryimage"},"thumbnailUrl":"https:\/\/www.rcrflooringproducts.com\/wp-content\/uploads\/2017\/09\/Signature-1.jpg","datePublished":"2017-09-12T14:58:11+00:00","dateModified":"2019-03-21T11:25:25+00:00","description":"RCR Flooring Products je divize RCR Industrial Flooring, kter\u00e1 nab\u00edz\u00ed jedine\u010dn\u011b integrovanou slu\u017ebu start-to-finish pro pr\u016fmyslov\u00e9 betonov\u00e9 podlahy.","breadcrumb":{"@id":"https:\/\/www.rcrflooringproducts.com\/cs\/o-nas\/rcr-industrial-flooring\/#breadcrumb"},"inLanguage":"cs","potentialAction":[{"@type":"ReadAction","target":["https:\/\/www.rcrflooringproducts.com\/cs\/o-nas\/rcr-industrial-flooring\/"]}]},{"@type":"ImageObject","inLanguage":"cs","@id":"https:\/\/www.rcrflooringproducts.com\/cs\/o-nas\/rcr-industrial-flooring\/#primaryimage","url":"https:\/\/www.rcrflooringproducts.com\/wp-content\/uploads\/2017\/09\/Signature-1.jpg","contentUrl":"https:\/\/www.rcrflooringproducts.com\/wp-content\/uploads\/2017\/09\/Signature-1.jpg","width":1500,"height":497},{"@type":"BreadcrumbList","@id":"https:\/\/www.rcrflooringproducts.com\/cs\/o-nas\/rcr-industrial-flooring\/#breadcrumb","itemListElement":[{"@type":"ListItem","position":1,"name":"Home","item":"https:\/\/www.rcrflooringproducts.com\/cs\/"},{"@type":"ListItem","position":2,"name":"O n\u00e1s","item":"https:\/\/www.rcrflooringproducts.com\/cs\/o-nas\/"},{"@type":"ListItem","position":3,"name":"RCR Industrial Flooring"}]},{"@type":"WebSite","@id":"https:\/\/www.rcrflooringproducts.com\/#website","url":"https:\/\/www.rcrflooringproducts.com\/","name":"RCR Flooring Products","description":"Industrial Flooring Products","potentialAction":[{"@type":"SearchAction","target":{"@type":"EntryPoint","urlTemplate":"https:\/\/www.rcrflooringproducts.com\/?s={search_term_string}"},"query-input":{"@type":"PropertyValueSpecification","valueRequired":true,"valueName":"search_term_string"}}],"inLanguage":"cs"}]}},"_links":{"self":[{"href":"https:\/\/www.rcrflooringproducts.com\/cs\/wp-json\/wp\/v2\/pages\/3997","targetHints":{"allow":["GET"]}}],"collection":[{"href":"https:\/\/www.rcrflooringproducts.com\/cs\/wp-json\/wp\/v2\/pages"}],"about":[{"href":"https:\/\/www.rcrflooringproducts.com\/cs\/wp-json\/wp\/v2\/types\/page"}],"author":[{"embeddable":true,"href":"https:\/\/www.rcrflooringproducts.com\/cs\/wp-json\/wp\/v2\/users\/3"}],"replies":[{"embeddable":true,"href":"https:\/\/www.rcrflooringproducts.com\/cs\/wp-json\/wp\/v2\/comments?post=3997"}],"version-history":[{"count":0,"href":"https:\/\/www.rcrflooringproducts.com\/cs\/wp-json\/wp\/v2\/pages\/3997\/revisions"}],"up":[{"embeddable":true,"href":"https:\/\/www.rcrflooringproducts.com\/cs\/wp-json\/wp\/v2\/pages\/5785"}],"wp:featuredmedia":[{"embeddable":true,"href":"https:\/\/www.rcrflooringproducts.com\/cs\/wp-json\/wp\/v2\/media\/3999"}],"wp:attachment":[{"href":"https:\/\/www.rcrflooringproducts.com\/cs\/wp-json\/wp\/v2\/media?parent=3997"}],"curies":[{"name":"wp","href":"https:\/\/api.w.org\/{rel}","templated":true}]}}