{"id":3987,"date":"2017-09-12T15:59:46","date_gmt":"2017-09-12T14:59:46","guid":{"rendered":"https:\/\/www.rcrflooringproducts.com\/technical-help\/"},"modified":"2019-11-01T12:49:27","modified_gmt":"2019-11-01T12:49:27","slug":"technicka-pomoc","status":"publish","type":"page","link":"https:\/\/www.rcrflooringproducts.com\/cs\/technicka-pomoc\/","title":{"rendered":"Technick\u00e1 pomoc"},"content":{"rendered":"<div id=\"pl-3987\"  class=\"panel-layout\" ><div id=\"pg-3987-0\"  class=\"panel-grid panel-no-style\" ><div id=\"pgc-3987-0-0\"  class=\"panel-grid-cell\" ><div id=\"panel-3987-0-0-0\" class=\"so-panel widget widget_sow-editor panel-first-child panel-last-child\" data-index=\"0\" ><div class=\"large-font-size panel-widget-style panel-widget-style-for-3987-0-0-0\" ><div\n\t\t\t\n\t\t\tclass=\"so-widget-sow-editor so-widget-sow-editor-base\"\n\t\t\t\n\t\t>\n<div class=\"siteorigin-widget-tinymce textwidget\">\n\t<p>Ve\u0161ker\u00e9 informace o na\u0161ich v\u00fdrobc\u00edch pr\u016fmyslov\u00fdch podlah jsou k dispozici ke sta\u017een\u00ed a sta\u017een\u00ed z na\u0161ich zna\u010dkov\u00fdch web\u016f. Najdete zde bro\u017eury, technick\u00e9 listy, pokyny k instalaci a bezpe\u010dnostn\u00ed listy materi\u00e1lu. R\u00e1di zodpov\u00edme i va\u0161e dotazy t\u00fdkaj\u00edc\u00ed se pr\u016fmyslov\u00fdch podlah a n\u00e1t\u011br\u016f!<\/p>\n<p>Poskytujeme tak\u00e9 technick\u00e9 \u0161kolic\u00ed semin\u00e1\u0159e a CPD.\u00a0\u00a0<a href=\"https:\/\/www.rcrflooringproducts.com\/cs\/technicka-pomoc\/cpd\/\" target=\"_blank\" rel=\"noopener\">Zjistit v\u00edce &gt;&gt;<\/a><\/p>\n<\/div>\n<\/div><\/div><\/div><\/div><\/div><div id=\"pg-3987-1\"  class=\"panel-grid panel-has-style\" ><div class=\"siteorigin-panels-stretch panel-row-style panel-row-style-for-3987-1\" data-stretch-type=\"full\" ><div id=\"pgc-3987-1-0\"  class=\"panel-grid-cell\" ><div class=\"box-shadow panel-cell-style panel-cell-style-for-3987-1-0\" ><div id=\"panel-3987-1-0-0\" class=\"so-panel widget widget_sow-image panel-first-child\" data-index=\"1\" ><div class=\"flooring-brands panel-widget-style panel-widget-style-for-3987-1-0-0\" ><div\n\t\t\t\n\t\t\tclass=\"so-widget-sow-image so-widget-sow-image-default-a258e6bfa2d8-3987\"\n\t\t\t\n\t\t>\n<div class=\"sow-image-container\">\n\t\t\t<a href=\"http:\/\/www.rinol.de\/en\/content\/broschueren.html\"\n\t\t\ttarget=\"_blank\" rel=\"noopener noreferrer\" \t\t>\n\t\t\t<img \n\tsrc=\"https:\/\/www.rcrflooringproducts.com\/wp-content\/uploads\/2017\/09\/rinol-logo.jpg\" width=\"1198\" height=\"512\" srcset=\"https:\/\/www.rcrflooringproducts.com\/wp-content\/uploads\/2017\/09\/rinol-logo.jpg 1198w, https:\/\/www.rcrflooringproducts.com\/wp-content\/uploads\/2017\/09\/rinol-logo-300x128.jpg 300w, https:\/\/www.rcrflooringproducts.com\/wp-content\/uploads\/2017\/09\/rinol-logo-768x328.jpg 768w, https:\/\/www.rcrflooringproducts.com\/wp-content\/uploads\/2017\/09\/rinol-logo-1024x438.jpg 1024w\" sizes=\"(max-width: 1198px) 100vw, 1198px\" alt=\"Pr\u016fmyslov\u00e9 prysky\u0159i\u010dn\u00e9 podlahov\u00e9 syst\u00e9my RINOL | komer\u010dn\u00ed podlahy z epoxidov\u00e9 prysky\u0159ice\" \t\tclass=\"so-widget-image\"\/>\n\t\t\t<\/a><\/div>\n\n<h3 class=\"widget-title\"><\/h3><\/div><\/div><\/div><div id=\"panel-3987-1-0-1\" class=\"so-panel widget widget_sow-editor panel-last-child\" data-index=\"2\" ><div class=\"panel-widget-style panel-widget-style-for-3987-1-0-1\" ><div\n\t\t\t\n\t\t\tclass=\"so-widget-sow-editor so-widget-sow-editor-base\"\n\t\t\t\n\t\t>\n<div class=\"siteorigin-widget-tinymce textwidget\">\n\t<p><a href=\"http:\/\/www.rinol.de\/en\/content\/broschueren.html\"><strong>RINOL Brochures<\/strong><\/a><\/p>\n<\/div>\n<\/div><\/div><\/div><\/div><\/div><div id=\"pgc-3987-1-1\"  class=\"panel-grid-cell\" ><div class=\"box-shadow panel-cell-style panel-cell-style-for-3987-1-1\" ><div id=\"panel-3987-1-1-0\" class=\"so-panel widget widget_sow-image panel-first-child\" data-index=\"3\" ><div class=\"flooring-brands panel-widget-style panel-widget-style-for-3987-1-1-0\" ><div\n\t\t\t\n\t\t\tclass=\"so-widget-sow-image so-widget-sow-image-default-c67d20f9f743-3987\"\n\t\t\t\n\t\t>\n<div class=\"sow-image-container\">\n\t\t\t<a href=\"http:\/\/www.rocland.eu\/en\/en-faq.html\"\n\t\t\ttarget=\"_blank\" rel=\"noopener noreferrer\" \t\t>\n\t\t\t<img \n\tsrc=\"https:\/\/www.rcrflooringproducts.com\/wp-content\/uploads\/2017\/09\/Rocland-with-strapline.jpg\" width=\"650\" height=\"619\" srcset=\"https:\/\/www.rcrflooringproducts.com\/wp-content\/uploads\/2017\/09\/Rocland-with-strapline.jpg 650w, https:\/\/www.rcrflooringproducts.com\/wp-content\/uploads\/2017\/09\/Rocland-with-strapline-300x286.jpg 300w\" sizes=\"(max-width: 650px) 100vw, 650px\" alt=\"Beton ROCKLAND za sucha | betonov\u00e1 tvrdidla | pr\u016fmyslov\u00e9 podlahov\u00e9 n\u00e1t\u011bry\" \t\tclass=\"so-widget-image\"\/>\n\t\t\t<\/a><\/div>\n\n<h3 class=\"widget-title\"><\/h3><\/div><\/div><\/div><div id=\"panel-3987-1-1-1\" class=\"so-panel widget widget_sow-editor panel-last-child\" data-index=\"4\" ><div class=\"panel-widget-style panel-widget-style-for-3987-1-1-1\" ><div\n\t\t\t\n\t\t\tclass=\"so-widget-sow-editor so-widget-sow-editor-base\"\n\t\t\t\n\t\t>\n<div class=\"siteorigin-widget-tinymce textwidget\">\n\t<p><a href=\"http:\/\/www.rocland.eu\/en\/en-faq.html\"><strong>ROCLAND FAQs<\/strong><\/a><\/p>\n<\/div>\n<\/div><\/div><\/div><\/div><\/div><div id=\"pgc-3987-1-2\"  class=\"panel-grid-cell\" ><div class=\"box-shadow panel-cell-style panel-cell-style-for-3987-1-2\" ><div id=\"panel-3987-1-2-0\" class=\"so-panel widget widget_sow-image panel-first-child\" data-index=\"5\" ><div class=\"flooring-brands panel-widget-style panel-widget-style-for-3987-1-2-0\" ><div\n\t\t\t\n\t\t\tclass=\"so-widget-sow-image so-widget-sow-image-default-c67d20f9f743-3987\"\n\t\t\t\n\t\t>\n<div class=\"sow-image-container\">\n\t\t\t<a href=\"https:\/\/permaban.com\/frequently-asked-questions\/\"\n\t\t\ttarget=\"_blank\" rel=\"noopener noreferrer\" \t\t>\n\t\t\t<img \n\tsrc=\"https:\/\/www.rcrflooringproducts.com\/wp-content\/uploads\/2017\/09\/Permaban-logo-strapline.jpg\" width=\"500\" height=\"144\" srcset=\"https:\/\/www.rcrflooringproducts.com\/wp-content\/uploads\/2017\/09\/Permaban-logo-strapline.jpg 500w, https:\/\/www.rcrflooringproducts.com\/wp-content\/uploads\/2017\/09\/Permaban-logo-strapline-300x86.jpg 300w\" sizes=\"(max-width: 500px) 100vw, 500px\" alt=\"Permaban obrn\u011bn\u00e9 spoje pro pr\u016fmyslov\u00e9 podlahy | betonov\u00e9 sp\u00e1ry | bedn\u011bn\u00ed na m\u00edst\u011b\" \t\tclass=\"so-widget-image\"\/>\n\t\t\t<\/a><\/div>\n\n<h3 class=\"widget-title\"><\/h3><\/div><\/div><\/div><div id=\"panel-3987-1-2-1\" class=\"so-panel widget widget_sow-editor panel-last-child\" data-index=\"6\" ><div class=\"panel-widget-style panel-widget-style-for-3987-1-2-1\" ><div\n\t\t\t\n\t\t\tclass=\"so-widget-sow-editor so-widget-sow-editor-base\"\n\t\t\t\n\t\t>\n<div class=\"siteorigin-widget-tinymce textwidget\">\n\t<p><a href=\"https:\/\/permaban.com\/frequently-asked-questions\/\" target=\"_blank\" rel=\"noopener\"><strong>Permaban technick\u00e1 pomoc<\/strong><\/a><\/p>\n<\/div>\n<\/div><\/div><\/div><\/div><\/div><\/div><\/div><div id=\"pg-3987-2\"  class=\"panel-grid panel-no-style\" ><div id=\"pgc-3987-2-0\"  class=\"panel-grid-cell\" ><div id=\"panel-3987-2-0-0\" class=\"so-panel widget widget_sow-editor panel-first-child panel-last-child\" data-index=\"7\" ><div\n\t\t\t\n\t\t\tclass=\"so-widget-sow-editor so-widget-sow-editor-base\"\n\t\t\t\n\t\t>\n<div class=\"siteorigin-widget-tinymce textwidget\">\n\t<h5>Technick\u00e1 videa<\/h5>\n<\/div>\n<\/div><\/div><\/div><\/div><div id=\"pg-3987-3\"  class=\"panel-grid panel-has-style\" ><div class=\"siteorigin-panels-stretch panel-row-style panel-row-style-for-3987-3\" data-stretch-type=\"full\" ><div id=\"pgc-3987-3-0\"  class=\"panel-grid-cell\" ><div class=\"box-shadow panel-cell-style panel-cell-style-for-3987-3-0\" ><div id=\"panel-3987-3-0-0\" class=\"so-panel widget widget_media_video panel-first-child\" data-index=\"8\" ><div style=\"width:100%;\" class=\"wp-video\"><video class=\"wp-video-shortcode\" id=\"video-3987-1\" preload=\"metadata\" controls=\"controls\"><source type=\"video\/youtube\" src=\"https:\/\/www.youtube.com\/watch?v=-px9J4VkHo4&#038;_=1\" \/><a href=\"https:\/\/www.youtube.com\/watch?v=-px9J4VkHo4\">https:\/\/www.youtube.com\/watch?v=-px9J4VkHo4<\/a><\/video><\/div><\/div><div id=\"panel-3987-3-0-1\" class=\"so-panel widget widget_sow-editor panel-last-child\" data-index=\"9\" ><div class=\"panel-widget-style panel-widget-style-for-3987-3-0-1\" ><div\n\t\t\t\n\t\t\tclass=\"so-widget-sow-editor so-widget-sow-editor-base\"\n\t\t\t\n\t\t>\n<div class=\"siteorigin-widget-tinymce textwidget\">\n\t<p>Stavebn\u00ed sp\u00e1ry pro betonov\u00e9 podlahy<\/p>\n<\/div>\n<\/div><\/div><\/div><\/div><\/div><div id=\"pgc-3987-3-1\"  class=\"panel-grid-cell\" ><div class=\"box-shadow panel-cell-style panel-cell-style-for-3987-3-1\" ><div id=\"panel-3987-3-1-0\" class=\"so-panel widget widget_media_video panel-first-child\" data-index=\"10\" ><div style=\"width:100%;\" class=\"wp-video\"><video class=\"wp-video-shortcode\" id=\"video-3987-2\" preload=\"metadata\" controls=\"controls\"><source type=\"video\/youtube\" src=\"https:\/\/www.youtube.com\/watch?v=xCkwgmf7YFA&#038;_=2\" \/><a href=\"https:\/\/www.youtube.com\/watch?v=xCkwgmf7YFA\">https:\/\/www.youtube.com\/watch?v=xCkwgmf7YFA<\/a><\/video><\/div><\/div><div id=\"panel-3987-3-1-1\" class=\"so-panel widget widget_sow-editor panel-last-child\" data-index=\"11\" ><div class=\"panel-widget-style panel-widget-style-for-3987-3-1-1\" ><div\n\t\t\t\n\t\t\tclass=\"so-widget-sow-editor so-widget-sow-editor-base\"\n\t\t\t\n\t\t>\n<div class=\"siteorigin-widget-tinymce textwidget\">\n\t<p>V\u00fdroba tvrdidel na podlahu<\/p>\n<\/div>\n<\/div><\/div><\/div><\/div><\/div><div id=\"pgc-3987-3-2\"  class=\"panel-grid-cell\" ><div class=\"box-shadow panel-cell-style panel-cell-style-for-3987-3-2\" ><div id=\"panel-3987-3-2-0\" class=\"so-panel widget widget_media_video panel-first-child\" data-index=\"12\" ><div class=\"panel-widget-style panel-widget-style-for-3987-3-2-0\" ><div style=\"width:100%;\" class=\"wp-video\"><video class=\"wp-video-shortcode\" id=\"video-3987-3\" preload=\"metadata\" controls=\"controls\"><source type=\"video\/youtube\" src=\"https:\/\/www.youtube.com\/watch?v=7RLGXGDXyKM&#038;_=3\" \/><a href=\"https:\/\/www.youtube.com\/watch?v=7RLGXGDXyKM\">https:\/\/www.youtube.com\/watch?v=7RLGXGDXyKM<\/a><\/video><\/div><\/div><\/div><div id=\"panel-3987-3-2-1\" class=\"so-panel widget widget_sow-editor panel-last-child\" data-index=\"13\" ><div class=\"panel-widget-style panel-widget-style-for-3987-3-2-1\" ><div\n\t\t\t\n\t\t\tclass=\"so-widget-sow-editor so-widget-sow-editor-base\"\n\t\t\t\n\t\t>\n<div class=\"siteorigin-widget-tinymce textwidget\">\n\t<p>Povrchov\u00e1 tvrdidla: hlavn\u00ed v\u00fdhody<\/p>\n<\/div>\n<\/div><\/div><\/div><\/div><\/div><\/div><\/div><div id=\"pg-3987-4\"  class=\"panel-grid panel-no-style\" ><div id=\"pgc-3987-4-0\"  class=\"panel-grid-cell\" ><div id=\"panel-3987-4-0-0\" class=\"so-panel widget widget_sow-editor panel-first-child panel-last-child\" data-index=\"14\" ><div\n\t\t\t\n\t\t\tclass=\"so-widget-sow-editor so-widget-sow-editor-base\"\n\t\t\t\n\t\t>\n<div class=\"siteorigin-widget-tinymce textwidget\">\n\t<h5>p\u0159edstavoval technick\u00e9 \u010dl\u00e1nky<\/h5>\n<\/div>\n<\/div><\/div><\/div><\/div><div id=\"pg-3987-5\"  class=\"panel-grid panel-has-style\" ><div class=\"siteorigin-panels-stretch panel-row-style panel-row-style-for-3987-5\" data-stretch-type=\"full\" ><div id=\"pgc-3987-5-0\"  class=\"panel-grid-cell\" ><div class=\"box-shadow panel-cell-style panel-cell-style-for-3987-5-0\" ><div id=\"panel-3987-5-0-0\" class=\"so-panel widget widget_sow-image panel-first-child\" data-index=\"15\" ><div class=\"flooring-brands panel-widget-style panel-widget-style-for-3987-5-0-0\" ><div\n\t\t\t\n\t\t\tclass=\"so-widget-sow-image so-widget-sow-image-default-c67d20f9f743-3987\"\n\t\t\t\n\t\t>\n<div class=\"sow-image-container\">\n\t\t\t<a href=\"http:\/\/www.rocland.eu\/en\/how-do-you-know-youve-got-a-quality-concrete-product\/\"\n\t\t\ttarget=\"_blank\" rel=\"noopener noreferrer\" \t\t>\n\t\t\t<img \n\tsrc=\"https:\/\/www.rcrflooringproducts.com\/wp-content\/uploads\/2017\/09\/Lab2.jpg\" width=\"638\" height=\"425\" srcset=\"https:\/\/www.rcrflooringproducts.com\/wp-content\/uploads\/2017\/09\/Lab2.jpg 638w, https:\/\/www.rcrflooringproducts.com\/wp-content\/uploads\/2017\/09\/Lab2-272x182.jpg 272w\" sizes=\"(max-width: 638px) 100vw, 638px\" alt=\"Pr\u016fmyslov\u00e9 podlahov\u00e9 v\u00fdrobky | Technick\u00e1 pomoc\" \t\tclass=\"so-widget-image\"\/>\n\t\t\t<\/a><\/div>\n\n<h3 class=\"widget-title\"><\/h3><\/div><\/div><\/div><div id=\"panel-3987-5-0-1\" class=\"so-panel widget widget_sow-editor panel-last-child\" data-index=\"16\" ><div class=\"panel-widget-style panel-widget-style-for-3987-5-0-1\" ><div\n\t\t\t\n\t\t\tclass=\"so-widget-sow-editor so-widget-sow-editor-base\"\n\t\t\t\n\t\t>\n<div class=\"siteorigin-widget-tinymce textwidget\">\n\t<p><strong><a href=\"http:\/\/www.rocland.eu\/en\/how-do-you-know-youve-got-a-quality-concrete-product\/\" target=\"_blank\" rel=\"noopener\">Jak v\u00edte, \u017ee m\u00e1te kvalitn\u00ed konkr\u00e9tn\u00ed produkt? (Angli\u010dtina)<\/a><\/strong><\/p>\n<\/div>\n<\/div><\/div><\/div><\/div><\/div><div id=\"pgc-3987-5-1\"  class=\"panel-grid-cell panel-grid-cell-empty panel-grid-cell-mobile-last\" ><div class=\"box-shadow panel-cell-style panel-cell-style-for-3987-5-1\" ><\/div><\/div><div id=\"pgc-3987-5-2\"  class=\"panel-grid-cell panel-grid-cell-empty\" ><div class=\"box-shadow panel-cell-style panel-cell-style-for-3987-5-2\" ><\/div><\/div><\/div><\/div><div id=\"pg-3987-6\"  class=\"panel-grid panel-no-style\" ><div id=\"pgc-3987-6-0\"  class=\"panel-grid-cell\" ><div id=\"panel-3987-6-0-0\" class=\"so-panel widget widget_siteorigin-panels-postloop panel-first-child panel-last-child\" data-index=\"17\" ><div class=\"row panel-widget-style panel-widget-style-for-3987-6-0-0\" >\n\n\n<\/div><\/div><\/div><\/div><div id=\"pg-3987-7\"  class=\"panel-grid panel-has-style\" ><div class=\"left-right-padding panel-row-style panel-row-style-for-3987-7\" ><div id=\"pgc-3987-7-0\"  class=\"panel-grid-cell\" ><div id=\"panel-3987-7-0-0\" class=\"so-panel widget widget_sow-editor panel-first-child\" data-index=\"18\" ><div\n\t\t\t\n\t\t\tclass=\"so-widget-sow-editor so-widget-sow-editor-base\"\n\t\t\t\n\t\t>\n<div class=\"siteorigin-widget-tinymce textwidget\">\n\t<h2>Pomoc od na\u0161eho technick\u00e9ho t\u00fdmu<\/h2>\n<p>Vypl\u0148te pros\u00edm n\u00ed\u017ee uveden\u00fd formul\u00e1\u0159 a my v\u00e1m odpov\u00edme co nejd\u0159\u00edve. Nebo nev\u00e1hejte a kontaktujte nejbli\u017e\u0161\u00ed kancel\u00e1\u0159.<\/p>\n<p>[gravityform id=\"2\" title=\"false\" description=\"false\" ajax=\"true\"]<\/p>\n<\/div>\n<\/div><\/div><div id=\"panel-3987-7-0-1\" class=\"so-panel widget widget_sow-editor panel-last-child\" data-index=\"19\" ><div\n\t\t\t\n\t\t\tclass=\"so-widget-sow-editor so-widget-sow-editor-base\"\n\t\t\t\n\t\t>\n<div class=\"siteorigin-widget-tinymce textwidget\">\n\t<\/div>\n<\/div><\/div><\/div><\/div><\/div><\/div>","protected":false},"excerpt":{"rendered":"<p>Ve\u0161ker\u00e9 informace o na\u0161ich v\u00fdrobc\u00edch pr\u016fmyslov\u00fdch podlah jsou k dispozici ke sta\u017een\u00ed a sta\u017een\u00ed z na\u0161ich zna\u010dkov\u00fdch web\u016f. Najdete zde bro\u017eury, technick\u00e9 listy, pokyny k instalaci a bezpe\u010dnostn\u00ed listy materi\u00e1lu. R\u00e1di zodpov\u00edme i va\u0161e dotazy t\u00fdkaj\u00edc\u00ed se pr\u016fmyslov\u00fdch podlah a&#8230;<\/p>\n","protected":false},"author":3,"featured_media":3989,"parent":0,"menu_order":0,"comment_status":"closed","ping_status":"closed","template":"","meta":{"_acf_changed":false,"footnotes":""},"class_list":["post-3987","page","type-page","status-publish","has-post-thumbnail","hentry"],"acf":[],"yoast_head":"<!-- This site is optimized with the Yoast SEO plugin v27.1.1 - https:\/\/yoast.com\/product\/yoast-seo-wordpress\/ -->\n<title>Industrial Floors and Coatings - Technical Help | RCR Flooring Products<\/title>\n<meta name=\"description\" content=\"We provide full technical information on our industrial flooring products, and also are happy to give technical advice on industrial floors and coatings.\" \/>\n<meta name=\"robots\" content=\"index, follow, max-snippet:-1, max-image-preview:large, max-video-preview:-1\" \/>\n<link rel=\"canonical\" href=\"https:\/\/www.rcrflooringproducts.com\/cs\/technicka-pomoc\/\" \/>\n<meta property=\"og:locale\" content=\"cs_CZ\" \/>\n<meta property=\"og:type\" content=\"article\" \/>\n<meta property=\"og:title\" content=\"Industrial Floors and Coatings - Technical Help | RCR Flooring Products\" \/>\n<meta property=\"og:description\" content=\"We provide full technical information on our industrial flooring products, and also are happy to give technical advice on industrial floors and coatings.\" \/>\n<meta property=\"og:url\" content=\"https:\/\/www.rcrflooringproducts.com\/cs\/technicka-pomoc\/\" \/>\n<meta property=\"og:site_name\" content=\"RCR Flooring Products\" \/>\n<meta property=\"article:modified_time\" content=\"2019-11-01T12:49:27+00:00\" \/>\n<meta property=\"og:image\" content=\"https:\/\/www.rcrflooringproducts.com\/wp-content\/uploads\/2017\/09\/04.jpg\" \/>\n\t<meta property=\"og:image:width\" content=\"1920\" \/>\n\t<meta property=\"og:image:height\" content=\"535\" \/>\n\t<meta property=\"og:image:type\" content=\"image\/jpeg\" \/>\n<meta name=\"twitter:card\" content=\"summary_large_image\" \/>\n<meta name=\"twitter:label1\" content=\"Odhadovan\u00e1 doba \u010dten\u00ed\" \/>\n\t<meta name=\"twitter:data1\" content=\"1 minuta\" \/>\n<script type=\"application\/ld+json\" class=\"yoast-schema-graph\">{\"@context\":\"https:\/\/schema.org\",\"@graph\":[{\"@type\":\"WebPage\",\"@id\":\"https:\/\/www.rcrflooringproducts.com\/cs\/technicka-pomoc\/\",\"url\":\"https:\/\/www.rcrflooringproducts.com\/cs\/technicka-pomoc\/\",\"name\":\"Industrial Floors and Coatings - Technical Help | RCR Flooring Products\",\"isPartOf\":{\"@id\":\"https:\/\/www.rcrflooringproducts.com\/#website\"},\"primaryImageOfPage\":{\"@id\":\"https:\/\/www.rcrflooringproducts.com\/cs\/technicka-pomoc\/#primaryimage\"},\"image\":{\"@id\":\"https:\/\/www.rcrflooringproducts.com\/cs\/technicka-pomoc\/#primaryimage\"},\"thumbnailUrl\":\"https:\/\/www.rcrflooringproducts.com\/wp-content\/uploads\/2017\/09\/04.jpg\",\"datePublished\":\"2017-09-12T14:59:46+00:00\",\"dateModified\":\"2019-11-01T12:49:27+00:00\",\"description\":\"We provide full technical information on our industrial flooring products, and also are happy to give technical advice on industrial floors and coatings.\",\"breadcrumb\":{\"@id\":\"https:\/\/www.rcrflooringproducts.com\/cs\/technicka-pomoc\/#breadcrumb\"},\"inLanguage\":\"cs\",\"potentialAction\":[{\"@type\":\"ReadAction\",\"target\":[\"https:\/\/www.rcrflooringproducts.com\/cs\/technicka-pomoc\/\"]}]},{\"@type\":\"ImageObject\",\"inLanguage\":\"cs\",\"@id\":\"https:\/\/www.rcrflooringproducts.com\/cs\/technicka-pomoc\/#primaryimage\",\"url\":\"https:\/\/www.rcrflooringproducts.com\/wp-content\/uploads\/2017\/09\/04.jpg\",\"contentUrl\":\"https:\/\/www.rcrflooringproducts.com\/wp-content\/uploads\/2017\/09\/04.jpg\",\"width\":1920,\"height\":535},{\"@type\":\"BreadcrumbList\",\"@id\":\"https:\/\/www.rcrflooringproducts.com\/cs\/technicka-pomoc\/#breadcrumb\",\"itemListElement\":[{\"@type\":\"ListItem\",\"position\":1,\"name\":\"Home\",\"item\":\"https:\/\/www.rcrflooringproducts.com\/cs\/\"},{\"@type\":\"ListItem\",\"position\":2,\"name\":\"Technick\u00e1 pomoc\"}]},{\"@type\":\"WebSite\",\"@id\":\"https:\/\/www.rcrflooringproducts.com\/#website\",\"url\":\"https:\/\/www.rcrflooringproducts.com\/\",\"name\":\"RCR Flooring Products\",\"description\":\"Industrial Flooring Products\",\"potentialAction\":[{\"@type\":\"SearchAction\",\"target\":{\"@type\":\"EntryPoint\",\"urlTemplate\":\"https:\/\/www.rcrflooringproducts.com\/?s={search_term_string}\"},\"query-input\":{\"@type\":\"PropertyValueSpecification\",\"valueRequired\":true,\"valueName\":\"search_term_string\"}}],\"inLanguage\":\"cs\"}]}<\/script>\n<!-- \/ Yoast SEO plugin. -->","yoast_head_json":{"title":"Industrial Floors and Coatings - Technical Help | RCR Flooring Products","description":"We provide full technical information on our industrial flooring products, and also are happy to give technical advice on industrial floors and coatings.","robots":{"index":"index","follow":"follow","max-snippet":"max-snippet:-1","max-image-preview":"max-image-preview:large","max-video-preview":"max-video-preview:-1"},"canonical":"https:\/\/www.rcrflooringproducts.com\/cs\/technicka-pomoc\/","og_locale":"cs_CZ","og_type":"article","og_title":"Industrial Floors and Coatings - Technical Help | RCR Flooring Products","og_description":"We provide full technical information on our industrial flooring products, and also are happy to give technical advice on industrial floors and coatings.","og_url":"https:\/\/www.rcrflooringproducts.com\/cs\/technicka-pomoc\/","og_site_name":"RCR Flooring Products","article_modified_time":"2019-11-01T12:49:27+00:00","og_image":[{"width":1920,"height":535,"url":"https:\/\/www.rcrflooringproducts.com\/wp-content\/uploads\/2017\/09\/04.jpg","type":"image\/jpeg"}],"twitter_card":"summary_large_image","twitter_misc":{"Odhadovan\u00e1 doba \u010dten\u00ed":"1 minuta"},"schema":{"@context":"https:\/\/schema.org","@graph":[{"@type":"WebPage","@id":"https:\/\/www.rcrflooringproducts.com\/cs\/technicka-pomoc\/","url":"https:\/\/www.rcrflooringproducts.com\/cs\/technicka-pomoc\/","name":"Industrial Floors and Coatings - Technical Help | RCR Flooring Products","isPartOf":{"@id":"https:\/\/www.rcrflooringproducts.com\/#website"},"primaryImageOfPage":{"@id":"https:\/\/www.rcrflooringproducts.com\/cs\/technicka-pomoc\/#primaryimage"},"image":{"@id":"https:\/\/www.rcrflooringproducts.com\/cs\/technicka-pomoc\/#primaryimage"},"thumbnailUrl":"https:\/\/www.rcrflooringproducts.com\/wp-content\/uploads\/2017\/09\/04.jpg","datePublished":"2017-09-12T14:59:46+00:00","dateModified":"2019-11-01T12:49:27+00:00","description":"We provide full technical information on our industrial flooring products, and also are happy to give technical advice on industrial floors and coatings.","breadcrumb":{"@id":"https:\/\/www.rcrflooringproducts.com\/cs\/technicka-pomoc\/#breadcrumb"},"inLanguage":"cs","potentialAction":[{"@type":"ReadAction","target":["https:\/\/www.rcrflooringproducts.com\/cs\/technicka-pomoc\/"]}]},{"@type":"ImageObject","inLanguage":"cs","@id":"https:\/\/www.rcrflooringproducts.com\/cs\/technicka-pomoc\/#primaryimage","url":"https:\/\/www.rcrflooringproducts.com\/wp-content\/uploads\/2017\/09\/04.jpg","contentUrl":"https:\/\/www.rcrflooringproducts.com\/wp-content\/uploads\/2017\/09\/04.jpg","width":1920,"height":535},{"@type":"BreadcrumbList","@id":"https:\/\/www.rcrflooringproducts.com\/cs\/technicka-pomoc\/#breadcrumb","itemListElement":[{"@type":"ListItem","position":1,"name":"Home","item":"https:\/\/www.rcrflooringproducts.com\/cs\/"},{"@type":"ListItem","position":2,"name":"Technick\u00e1 pomoc"}]},{"@type":"WebSite","@id":"https:\/\/www.rcrflooringproducts.com\/#website","url":"https:\/\/www.rcrflooringproducts.com\/","name":"RCR Flooring Products","description":"Industrial Flooring Products","potentialAction":[{"@type":"SearchAction","target":{"@type":"EntryPoint","urlTemplate":"https:\/\/www.rcrflooringproducts.com\/?s={search_term_string}"},"query-input":{"@type":"PropertyValueSpecification","valueRequired":true,"valueName":"search_term_string"}}],"inLanguage":"cs"}]}},"_links":{"self":[{"href":"https:\/\/www.rcrflooringproducts.com\/cs\/wp-json\/wp\/v2\/pages\/3987","targetHints":{"allow":["GET"]}}],"collection":[{"href":"https:\/\/www.rcrflooringproducts.com\/cs\/wp-json\/wp\/v2\/pages"}],"about":[{"href":"https:\/\/www.rcrflooringproducts.com\/cs\/wp-json\/wp\/v2\/types\/page"}],"author":[{"embeddable":true,"href":"https:\/\/www.rcrflooringproducts.com\/cs\/wp-json\/wp\/v2\/users\/3"}],"replies":[{"embeddable":true,"href":"https:\/\/www.rcrflooringproducts.com\/cs\/wp-json\/wp\/v2\/comments?post=3987"}],"version-history":[{"count":0,"href":"https:\/\/www.rcrflooringproducts.com\/cs\/wp-json\/wp\/v2\/pages\/3987\/revisions"}],"wp:featuredmedia":[{"embeddable":true,"href":"https:\/\/www.rcrflooringproducts.com\/cs\/wp-json\/wp\/v2\/media\/3989"}],"wp:attachment":[{"href":"https:\/\/www.rcrflooringproducts.com\/cs\/wp-json\/wp\/v2\/media?parent=3987"}],"curies":[{"name":"wp","href":"https:\/\/api.w.org\/{rel}","templated":true}]}}