{"id":3984,"date":"2017-09-12T15:59:55","date_gmt":"2017-09-12T14:59:55","guid":{"rendered":"https:\/\/www.rcrflooringproducts.com\/cpd\/"},"modified":"2019-03-21T11:42:20","modified_gmt":"2019-03-21T11:42:20","slug":"cpd","status":"publish","type":"page","link":"https:\/\/www.rcrflooringproducts.com\/cs\/technicka-pomoc\/cpd\/","title":{"rendered":"CPD"},"content":{"rendered":"<div id=\"pl-3984\"  class=\"panel-layout\" ><div id=\"pg-3984-0\"  class=\"panel-grid panel-no-style\" ><div id=\"pgc-3984-0-0\"  class=\"panel-grid-cell\" ><div id=\"panel-3984-0-0-0\" class=\"so-panel widget widget_sow-editor panel-first-child panel-last-child\" data-index=\"0\" ><div class=\"large-font-size panel-widget-style panel-widget-style-for-3984-0-0-0\" ><div\n\t\t\t\n\t\t\tclass=\"so-widget-sow-editor so-widget-sow-editor-base\"\n\t\t\t\n\t\t>\n<div class=\"siteorigin-widget-tinymce textwidget\">\n\t<p>Poskytujeme technick\u00e9 \u0161kolen\u00ed a CPD pro architekty, stavebn\u00ed in\u017een\u00fdry a dodavatele.<\/p>\n<p>Tyto semin\u00e1\u0159e pom\u00e1haj\u00ed \u00fa\u010dastn\u00edk\u016fm zv\u00fd\u0161it jejich znalosti o pr\u016fmyslov\u00fdch betonov\u00fdch podlah\u00e1ch a z\u00e1rove\u0148 dos\u00e1hnout cenn\u00fdch hodin CPD (neust\u00e1l\u00fd profesn\u00ed rozvoj).<\/p>\n<p><img loading=\"lazy\" decoding=\"async\" class=\"alignnone size-full wp-image-1340\" src=\"https:\/\/rcrflooringproducts.com\/wp-content\/uploads\/2017\/09\/Agustin-CPD.jpg\" alt=\"\" width=\"1000\" height=\"563\" srcset=\"https:\/\/www.rcrflooringproducts.com\/wp-content\/uploads\/2017\/09\/Agustin-CPD.jpg 1000w, https:\/\/www.rcrflooringproducts.com\/wp-content\/uploads\/2017\/09\/Agustin-CPD-300x169.jpg 300w, https:\/\/www.rcrflooringproducts.com\/wp-content\/uploads\/2017\/09\/Agustin-CPD-768x432.jpg 768w\" sizes=\"auto, (max-width: 1000px) 100vw, 1000px\" \/><\/p>\n<p>Na\u0161e CPD semin\u00e1\u0159e jsou akreditov\u00e1ny ve stavebnictv\u00ed CPD Service, a ka\u017ed\u00fd z nich poskytuje jednu hodinu CPD.<\/p>\n<p>Odborn\u00edci na pr\u016fmyslov\u00e9 betonov\u00e9 podlahy spole\u010dnosti RCR tak\u00e9 p\u0159edstavuj\u00ed semin\u00e1\u0159e na konferenc\u00edch a v\u00fdstav\u00e1ch po cel\u00e9m sv\u011bt\u011b. V\u00edt\u00e1me p\u0159\u00edle\u017eitosti sd\u00edlet na\u0161e znalosti v oblasti pr\u016fmyslu.<\/p>\n<\/div>\n<\/div><\/div><\/div><\/div><\/div><div id=\"pg-3984-1\"  class=\"panel-grid panel-no-style\" ><div id=\"pgc-3984-1-0\"  class=\"panel-grid-cell\" ><div id=\"panel-3984-1-0-0\" class=\"so-panel widget widget_sow-editor panel-first-child panel-last-child\" data-index=\"1\" ><div\n\t\t\t\n\t\t\tclass=\"so-widget-sow-editor so-widget-sow-editor-base\"\n\t\t\t\n\t\t>\n<div class=\"siteorigin-widget-tinymce textwidget\">\n\t<h2>Aktu\u00e1ln\u00ed semin\u00e1\u0159e k dispozici:<\/h2>\n<\/div>\n<\/div><\/div><\/div><\/div><div id=\"pg-3984-2\"  class=\"panel-grid panel-no-style\" ><div id=\"pgc-3984-2-0\"  class=\"panel-grid-cell\" ><div id=\"panel-3984-2-0-0\" class=\"so-panel widget widget_sow-editor panel-first-child panel-last-child\" data-index=\"2\" ><div\n\t\t\t\n\t\t\tclass=\"so-widget-sow-editor so-widget-sow-editor-base\"\n\t\t\t\n\t\t>\n<div class=\"siteorigin-widget-tinymce textwidget\">\n\t<p><em><strong>\"Specifikace sp\u00e1r v betonov\u00fdch desk\u00e1ch\"<\/strong><\/em><\/p>\n<p>N\u00e1\u0161 semin\u00e1\u0159 pokr\u00fdv\u00e1 v\u0161e, co pot\u0159ebuje konstruk\u010dn\u00ed in\u017een\u00fdr nebo architekt zn\u00e1t, aby specifikoval kovanou dilataci. M\u016f\u017eeme tak\u00e9 p\u0159izp\u016fsobit semin\u00e1\u0159 a zajistit intern\u00ed \u0161kolen\u00ed pro dodavatele a distributory.<\/p>\n<p>Semin\u00e1\u0159 zahrnuje:<\/p>\n<ul>\n<li>povaha betonov\u00fdch desek<\/li>\n<li>poloha dilatac\u00ed podlahy<\/li>\n<li>metody konstrukce podlah a jejich vliv na dilatace<\/li>\n<li>standardy a legislativa pro konkr\u00e9tn\u00ed proveden\u00ed podlahy<\/li>\n<li>typy dilac\u00ed desky a zp\u016fsob v\u00fdb\u011bru spr\u00e1vn\u00e9ho dilata\u010dn\u00edho profilu<\/li>\n<li>testov\u00e1n\u00ed<\/li>\n<li>p\u0159enos zat\u00ed\u017een\u00ed<\/li>\n<li>specifikace pro konkr\u00e9tn\u00ed ochranu podlahy<\/li>\n<\/ul>\n<p>Semin\u00e1\u0159 trv\u00e1 asi hodinu a m\u016f\u017ee se konat ve va\u0161ich kancel\u00e1\u0159\u00edch, obvykle b\u011bhem ob\u011bda. Pro n\u00e1v\u0161t\u011bvn\u00edky zajist\u00edme lehk\u00e9 ob\u010derstven\u00ed; a vyd\u00e1v\u00e1me certifik\u00e1ty o n\u00e1v\u0161t\u011bv\u011b po akci. <em>Tento semin\u00e1\u0159 se kon\u00e1 v angli\u010dtin\u011b.<\/em><\/p>\n<p><a href=\"https:\/\/www.rcrflooringproducts.com\/cs\/kontaktujte-nas\/\">Kontaktujte n\u00e1s pro v\u00edce informac\u00ed.\u00a0<\/a><\/p>\n<\/div>\n<\/div><\/div><\/div><\/div><\/div>","protected":false},"excerpt":{"rendered":"<p>Poskytujeme technick\u00e9 \u0161kolen\u00ed a CPD pro architekty, stavebn\u00ed in\u017een\u00fdry a dodavatele. Tyto semin\u00e1\u0159e pom\u00e1haj\u00ed \u00fa\u010dastn\u00edk\u016fm zv\u00fd\u0161it jejich znalosti o pr\u016fmyslov\u00fdch betonov\u00fdch podlah\u00e1ch a z\u00e1rove\u0148 dos\u00e1hnout cenn\u00fdch hodin CPD (neust\u00e1l\u00fd profesn\u00ed rozvoj). Na\u0161e CPD semin\u00e1\u0159e jsou akreditov\u00e1ny ve stavebnictv\u00ed CPD Service,&#8230;<\/p>\n","protected":false},"author":3,"featured_media":3986,"parent":3987,"menu_order":0,"comment_status":"closed","ping_status":"closed","template":"","meta":{"_acf_changed":false,"footnotes":""},"class_list":["post-3984","page","type-page","status-publish","has-post-thumbnail","hentry"],"acf":[],"yoast_head":"<!-- This site is optimized with the Yoast SEO plugin v27.6 - https:\/\/yoast.com\/product\/yoast-seo-wordpress\/ -->\n<title>CPD Pro Architekty A Stavebn\u00ed In\u017een\u00fdry | Semin\u00e1\u0159e Technick\u00e9ho \u0160kolen\u00ed<\/title>\n<meta name=\"description\" content=\"Zaji\u0161\u0165ujeme odborn\u00e9 \u0161kolen\u00ed a semin\u00e1\u0159e pro architekty, stavebn\u00ed in\u017een\u00fdry a dodavatele, kter\u00e9 zlep\u0161uj\u00ed jejich pr\u016fmyslov\u00e9 betonov\u00e9 znalosti.\" \/>\n<meta name=\"robots\" content=\"index, follow, max-snippet:-1, max-image-preview:large, max-video-preview:-1\" \/>\n<link rel=\"canonical\" href=\"https:\/\/www.rcrflooringproducts.com\/cs\/technicka-pomoc\/cpd\/\" \/>\n<meta property=\"og:locale\" content=\"cs_CZ\" \/>\n<meta property=\"og:type\" content=\"article\" \/>\n<meta property=\"og:title\" content=\"CPD Pro Architekty A Stavebn\u00ed In\u017een\u00fdry | Semin\u00e1\u0159e Technick\u00e9ho \u0160kolen\u00ed\" \/>\n<meta property=\"og:description\" content=\"Zaji\u0161\u0165ujeme odborn\u00e9 \u0161kolen\u00ed a semin\u00e1\u0159e pro architekty, stavebn\u00ed in\u017een\u00fdry a dodavatele, kter\u00e9 zlep\u0161uj\u00ed jejich pr\u016fmyslov\u00e9 betonov\u00e9 znalosti.\" \/>\n<meta property=\"og:url\" content=\"https:\/\/www.rcrflooringproducts.com\/cs\/technicka-pomoc\/cpd\/\" \/>\n<meta property=\"og:site_name\" content=\"RCR Flooring Products\" \/>\n<meta property=\"article:modified_time\" content=\"2019-03-21T11:42:20+00:00\" \/>\n<meta property=\"og:image\" content=\"https:\/\/www.rcrflooringproducts.com\/wp-content\/uploads\/2017\/09\/Qualidur.jpg\" \/>\n\t<meta property=\"og:image:width\" content=\"1500\" \/>\n\t<meta property=\"og:image:height\" content=\"589\" \/>\n\t<meta property=\"og:image:type\" content=\"image\/jpeg\" \/>\n<meta name=\"twitter:card\" content=\"summary_large_image\" \/>\n<meta name=\"twitter:label1\" content=\"Odhadovan\u00e1 doba \u010dten\u00ed\" \/>\n\t<meta name=\"twitter:data1\" content=\"1 minuta\" \/>\n<script type=\"application\/ld+json\" class=\"yoast-schema-graph\">{\"@context\":\"https:\\\/\\\/schema.org\",\"@graph\":[{\"@type\":\"WebPage\",\"@id\":\"https:\\\/\\\/www.rcrflooringproducts.com\\\/cs\\\/technicka-pomoc\\\/cpd\\\/\",\"url\":\"https:\\\/\\\/www.rcrflooringproducts.com\\\/cs\\\/technicka-pomoc\\\/cpd\\\/\",\"name\":\"CPD Pro Architekty A Stavebn\u00ed In\u017een\u00fdry | Semin\u00e1\u0159e Technick\u00e9ho \u0160kolen\u00ed\",\"isPartOf\":{\"@id\":\"https:\\\/\\\/www.rcrflooringproducts.com\\\/#website\"},\"primaryImageOfPage\":{\"@id\":\"https:\\\/\\\/www.rcrflooringproducts.com\\\/cs\\\/technicka-pomoc\\\/cpd\\\/#primaryimage\"},\"image\":{\"@id\":\"https:\\\/\\\/www.rcrflooringproducts.com\\\/cs\\\/technicka-pomoc\\\/cpd\\\/#primaryimage\"},\"thumbnailUrl\":\"https:\\\/\\\/www.rcrflooringproducts.com\\\/wp-content\\\/uploads\\\/2017\\\/09\\\/Qualidur.jpg\",\"datePublished\":\"2017-09-12T14:59:55+00:00\",\"dateModified\":\"2019-03-21T11:42:20+00:00\",\"description\":\"Zaji\u0161\u0165ujeme odborn\u00e9 \u0161kolen\u00ed a semin\u00e1\u0159e pro architekty, stavebn\u00ed in\u017een\u00fdry a dodavatele, kter\u00e9 zlep\u0161uj\u00ed jejich pr\u016fmyslov\u00e9 betonov\u00e9 znalosti.\",\"breadcrumb\":{\"@id\":\"https:\\\/\\\/www.rcrflooringproducts.com\\\/cs\\\/technicka-pomoc\\\/cpd\\\/#breadcrumb\"},\"inLanguage\":\"cs\",\"potentialAction\":[{\"@type\":\"ReadAction\",\"target\":[\"https:\\\/\\\/www.rcrflooringproducts.com\\\/cs\\\/technicka-pomoc\\\/cpd\\\/\"]}]},{\"@type\":\"ImageObject\",\"inLanguage\":\"cs\",\"@id\":\"https:\\\/\\\/www.rcrflooringproducts.com\\\/cs\\\/technicka-pomoc\\\/cpd\\\/#primaryimage\",\"url\":\"https:\\\/\\\/www.rcrflooringproducts.com\\\/wp-content\\\/uploads\\\/2017\\\/09\\\/Qualidur.jpg\",\"contentUrl\":\"https:\\\/\\\/www.rcrflooringproducts.com\\\/wp-content\\\/uploads\\\/2017\\\/09\\\/Qualidur.jpg\",\"width\":1500,\"height\":589},{\"@type\":\"BreadcrumbList\",\"@id\":\"https:\\\/\\\/www.rcrflooringproducts.com\\\/cs\\\/technicka-pomoc\\\/cpd\\\/#breadcrumb\",\"itemListElement\":[{\"@type\":\"ListItem\",\"position\":1,\"name\":\"Home\",\"item\":\"https:\\\/\\\/www.rcrflooringproducts.com\\\/cs\\\/\"},{\"@type\":\"ListItem\",\"position\":2,\"name\":\"Technick\u00e1 pomoc\",\"item\":\"https:\\\/\\\/www.rcrflooringproducts.com\\\/cs\\\/technicka-pomoc\\\/\"},{\"@type\":\"ListItem\",\"position\":3,\"name\":\"CPD\"}]},{\"@type\":\"WebSite\",\"@id\":\"https:\\\/\\\/www.rcrflooringproducts.com\\\/#website\",\"url\":\"https:\\\/\\\/www.rcrflooringproducts.com\\\/\",\"name\":\"RCR Flooring Products\",\"description\":\"Industrial Flooring Products\",\"potentialAction\":[{\"@type\":\"SearchAction\",\"target\":{\"@type\":\"EntryPoint\",\"urlTemplate\":\"https:\\\/\\\/www.rcrflooringproducts.com\\\/?s={search_term_string}\"},\"query-input\":{\"@type\":\"PropertyValueSpecification\",\"valueRequired\":true,\"valueName\":\"search_term_string\"}}],\"inLanguage\":\"cs\"}]}<\/script>\n<!-- \/ Yoast SEO plugin. -->","yoast_head_json":{"title":"CPD Pro Architekty A Stavebn\u00ed In\u017een\u00fdry | Semin\u00e1\u0159e Technick\u00e9ho \u0160kolen\u00ed","description":"Zaji\u0161\u0165ujeme odborn\u00e9 \u0161kolen\u00ed a semin\u00e1\u0159e pro architekty, stavebn\u00ed in\u017een\u00fdry a dodavatele, kter\u00e9 zlep\u0161uj\u00ed jejich pr\u016fmyslov\u00e9 betonov\u00e9 znalosti.","robots":{"index":"index","follow":"follow","max-snippet":"max-snippet:-1","max-image-preview":"max-image-preview:large","max-video-preview":"max-video-preview:-1"},"canonical":"https:\/\/www.rcrflooringproducts.com\/cs\/technicka-pomoc\/cpd\/","og_locale":"cs_CZ","og_type":"article","og_title":"CPD Pro Architekty A Stavebn\u00ed In\u017een\u00fdry | Semin\u00e1\u0159e Technick\u00e9ho \u0160kolen\u00ed","og_description":"Zaji\u0161\u0165ujeme odborn\u00e9 \u0161kolen\u00ed a semin\u00e1\u0159e pro architekty, stavebn\u00ed in\u017een\u00fdry a dodavatele, kter\u00e9 zlep\u0161uj\u00ed jejich pr\u016fmyslov\u00e9 betonov\u00e9 znalosti.","og_url":"https:\/\/www.rcrflooringproducts.com\/cs\/technicka-pomoc\/cpd\/","og_site_name":"RCR Flooring Products","article_modified_time":"2019-03-21T11:42:20+00:00","og_image":[{"width":1500,"height":589,"url":"https:\/\/www.rcrflooringproducts.com\/wp-content\/uploads\/2017\/09\/Qualidur.jpg","type":"image\/jpeg"}],"twitter_card":"summary_large_image","twitter_misc":{"Odhadovan\u00e1 doba \u010dten\u00ed":"1 minuta"},"schema":{"@context":"https:\/\/schema.org","@graph":[{"@type":"WebPage","@id":"https:\/\/www.rcrflooringproducts.com\/cs\/technicka-pomoc\/cpd\/","url":"https:\/\/www.rcrflooringproducts.com\/cs\/technicka-pomoc\/cpd\/","name":"CPD Pro Architekty A Stavebn\u00ed In\u017een\u00fdry | Semin\u00e1\u0159e Technick\u00e9ho \u0160kolen\u00ed","isPartOf":{"@id":"https:\/\/www.rcrflooringproducts.com\/#website"},"primaryImageOfPage":{"@id":"https:\/\/www.rcrflooringproducts.com\/cs\/technicka-pomoc\/cpd\/#primaryimage"},"image":{"@id":"https:\/\/www.rcrflooringproducts.com\/cs\/technicka-pomoc\/cpd\/#primaryimage"},"thumbnailUrl":"https:\/\/www.rcrflooringproducts.com\/wp-content\/uploads\/2017\/09\/Qualidur.jpg","datePublished":"2017-09-12T14:59:55+00:00","dateModified":"2019-03-21T11:42:20+00:00","description":"Zaji\u0161\u0165ujeme odborn\u00e9 \u0161kolen\u00ed a semin\u00e1\u0159e pro architekty, stavebn\u00ed in\u017een\u00fdry a dodavatele, kter\u00e9 zlep\u0161uj\u00ed jejich pr\u016fmyslov\u00e9 betonov\u00e9 znalosti.","breadcrumb":{"@id":"https:\/\/www.rcrflooringproducts.com\/cs\/technicka-pomoc\/cpd\/#breadcrumb"},"inLanguage":"cs","potentialAction":[{"@type":"ReadAction","target":["https:\/\/www.rcrflooringproducts.com\/cs\/technicka-pomoc\/cpd\/"]}]},{"@type":"ImageObject","inLanguage":"cs","@id":"https:\/\/www.rcrflooringproducts.com\/cs\/technicka-pomoc\/cpd\/#primaryimage","url":"https:\/\/www.rcrflooringproducts.com\/wp-content\/uploads\/2017\/09\/Qualidur.jpg","contentUrl":"https:\/\/www.rcrflooringproducts.com\/wp-content\/uploads\/2017\/09\/Qualidur.jpg","width":1500,"height":589},{"@type":"BreadcrumbList","@id":"https:\/\/www.rcrflooringproducts.com\/cs\/technicka-pomoc\/cpd\/#breadcrumb","itemListElement":[{"@type":"ListItem","position":1,"name":"Home","item":"https:\/\/www.rcrflooringproducts.com\/cs\/"},{"@type":"ListItem","position":2,"name":"Technick\u00e1 pomoc","item":"https:\/\/www.rcrflooringproducts.com\/cs\/technicka-pomoc\/"},{"@type":"ListItem","position":3,"name":"CPD"}]},{"@type":"WebSite","@id":"https:\/\/www.rcrflooringproducts.com\/#website","url":"https:\/\/www.rcrflooringproducts.com\/","name":"RCR Flooring Products","description":"Industrial Flooring Products","potentialAction":[{"@type":"SearchAction","target":{"@type":"EntryPoint","urlTemplate":"https:\/\/www.rcrflooringproducts.com\/?s={search_term_string}"},"query-input":{"@type":"PropertyValueSpecification","valueRequired":true,"valueName":"search_term_string"}}],"inLanguage":"cs"}]}},"_links":{"self":[{"href":"https:\/\/www.rcrflooringproducts.com\/cs\/wp-json\/wp\/v2\/pages\/3984","targetHints":{"allow":["GET"]}}],"collection":[{"href":"https:\/\/www.rcrflooringproducts.com\/cs\/wp-json\/wp\/v2\/pages"}],"about":[{"href":"https:\/\/www.rcrflooringproducts.com\/cs\/wp-json\/wp\/v2\/types\/page"}],"author":[{"embeddable":true,"href":"https:\/\/www.rcrflooringproducts.com\/cs\/wp-json\/wp\/v2\/users\/3"}],"replies":[{"embeddable":true,"href":"https:\/\/www.rcrflooringproducts.com\/cs\/wp-json\/wp\/v2\/comments?post=3984"}],"version-history":[{"count":0,"href":"https:\/\/www.rcrflooringproducts.com\/cs\/wp-json\/wp\/v2\/pages\/3984\/revisions"}],"up":[{"embeddable":true,"href":"https:\/\/www.rcrflooringproducts.com\/cs\/wp-json\/wp\/v2\/pages\/3987"}],"wp:featuredmedia":[{"embeddable":true,"href":"https:\/\/www.rcrflooringproducts.com\/cs\/wp-json\/wp\/v2\/media\/3986"}],"wp:attachment":[{"href":"https:\/\/www.rcrflooringproducts.com\/cs\/wp-json\/wp\/v2\/media?parent=3984"}],"curies":[{"name":"wp","href":"https:\/\/api.w.org\/{rel}","templated":true}]}}