{"id":3979,"date":"2017-12-07T12:26:57","date_gmt":"2017-12-07T12:26:57","guid":{"rendered":"https:\/\/www.rcrflooringproducts.com\/submission-thank-you\/"},"modified":"2019-02-13T21:51:35","modified_gmt":"2019-02-13T21:51:35","slug":"submission-thank-you","status":"publish","type":"page","link":"https:\/\/www.rcrflooringproducts.com\/cs\/submission-thank-you\/","title":{"rendered":"D\u011bkujeme"},"content":{"rendered":"<p>D\u011bkujeme, \u017ee jste n\u00e1s kontaktovali! Budeme v\u00e1s brzy kontaktovat.<\/p>\n","protected":false},"excerpt":{"rendered":"<p>D\u011bkujeme, \u017ee jste n\u00e1s kontaktovali! Budeme v\u00e1s brzy kontaktovat.<\/p>\n","protected":false},"author":3,"featured_media":3980,"parent":0,"menu_order":0,"comment_status":"closed","ping_status":"closed","template":"","meta":{"_acf_changed":false,"footnotes":""},"class_list":["post-3979","page","type-page","status-publish","has-post-thumbnail","hentry"],"acf":[],"yoast_head":"<!-- This site is optimized with the Yoast SEO plugin v27.3 - https:\/\/yoast.com\/product\/yoast-seo-wordpress\/ -->\n<title>D\u011bkujeme - RCR Flooring Products<\/title>\n<meta name=\"robots\" content=\"index, follow, max-snippet:-1, max-image-preview:large, max-video-preview:-1\" \/>\n<link rel=\"canonical\" href=\"https:\/\/www.rcrflooringproducts.com\/cs\/submission-thank-you\/\" \/>\n<meta property=\"og:locale\" content=\"cs_CZ\" \/>\n<meta property=\"og:type\" content=\"article\" \/>\n<meta property=\"og:title\" content=\"D\u011bkujeme - RCR Flooring Products\" \/>\n<meta property=\"og:description\" content=\"D\u011bkujeme, \u017ee jste n\u00e1s kontaktovali! Budeme v\u00e1s brzy kontaktovat.\" \/>\n<meta property=\"og:url\" content=\"https:\/\/www.rcrflooringproducts.com\/cs\/submission-thank-you\/\" \/>\n<meta property=\"og:site_name\" content=\"RCR Flooring Products\" \/>\n<meta property=\"article:modified_time\" content=\"2019-02-13T21:51:35+00:00\" \/>\n<meta property=\"og:image\" content=\"https:\/\/www.rcrflooringproducts.com\/wp-content\/uploads\/2017\/09\/img_0610-0.jpg\" \/>\n\t<meta property=\"og:image:width\" content=\"1024\" \/>\n\t<meta property=\"og:image:height\" content=\"683\" \/>\n\t<meta property=\"og:image:type\" content=\"image\/jpeg\" \/>\n<meta name=\"twitter:card\" content=\"summary_large_image\" \/>\n<script type=\"application\/ld+json\" class=\"yoast-schema-graph\">{\"@context\":\"https:\\\/\\\/schema.org\",\"@graph\":[{\"@type\":\"WebPage\",\"@id\":\"https:\\\/\\\/www.rcrflooringproducts.com\\\/cs\\\/submission-thank-you\\\/\",\"url\":\"https:\\\/\\\/www.rcrflooringproducts.com\\\/cs\\\/submission-thank-you\\\/\",\"name\":\"D\u011bkujeme - RCR Flooring Products\",\"isPartOf\":{\"@id\":\"https:\\\/\\\/www.rcrflooringproducts.com\\\/#website\"},\"primaryImageOfPage\":{\"@id\":\"https:\\\/\\\/www.rcrflooringproducts.com\\\/cs\\\/submission-thank-you\\\/#primaryimage\"},\"image\":{\"@id\":\"https:\\\/\\\/www.rcrflooringproducts.com\\\/cs\\\/submission-thank-you\\\/#primaryimage\"},\"thumbnailUrl\":\"https:\\\/\\\/www.rcrflooringproducts.com\\\/wp-content\\\/uploads\\\/2017\\\/09\\\/img_0610-0.jpg\",\"datePublished\":\"2017-12-07T12:26:57+00:00\",\"dateModified\":\"2019-02-13T21:51:35+00:00\",\"breadcrumb\":{\"@id\":\"https:\\\/\\\/www.rcrflooringproducts.com\\\/cs\\\/submission-thank-you\\\/#breadcrumb\"},\"inLanguage\":\"cs\",\"potentialAction\":[{\"@type\":\"ReadAction\",\"target\":[\"https:\\\/\\\/www.rcrflooringproducts.com\\\/cs\\\/submission-thank-you\\\/\"]}]},{\"@type\":\"ImageObject\",\"inLanguage\":\"cs\",\"@id\":\"https:\\\/\\\/www.rcrflooringproducts.com\\\/cs\\\/submission-thank-you\\\/#primaryimage\",\"url\":\"https:\\\/\\\/www.rcrflooringproducts.com\\\/wp-content\\\/uploads\\\/2017\\\/09\\\/img_0610-0.jpg\",\"contentUrl\":\"https:\\\/\\\/www.rcrflooringproducts.com\\\/wp-content\\\/uploads\\\/2017\\\/09\\\/img_0610-0.jpg\",\"width\":1024,\"height\":683},{\"@type\":\"BreadcrumbList\",\"@id\":\"https:\\\/\\\/www.rcrflooringproducts.com\\\/cs\\\/submission-thank-you\\\/#breadcrumb\",\"itemListElement\":[{\"@type\":\"ListItem\",\"position\":1,\"name\":\"Home\",\"item\":\"https:\\\/\\\/www.rcrflooringproducts.com\\\/cs\\\/\"},{\"@type\":\"ListItem\",\"position\":2,\"name\":\"D\u011bkujeme\"}]},{\"@type\":\"WebSite\",\"@id\":\"https:\\\/\\\/www.rcrflooringproducts.com\\\/#website\",\"url\":\"https:\\\/\\\/www.rcrflooringproducts.com\\\/\",\"name\":\"RCR Flooring Products\",\"description\":\"Industrial Flooring Products\",\"potentialAction\":[{\"@type\":\"SearchAction\",\"target\":{\"@type\":\"EntryPoint\",\"urlTemplate\":\"https:\\\/\\\/www.rcrflooringproducts.com\\\/?s={search_term_string}\"},\"query-input\":{\"@type\":\"PropertyValueSpecification\",\"valueRequired\":true,\"valueName\":\"search_term_string\"}}],\"inLanguage\":\"cs\"}]}<\/script>\n<!-- \/ Yoast SEO plugin. -->","yoast_head_json":{"title":"D\u011bkujeme - RCR Flooring Products","robots":{"index":"index","follow":"follow","max-snippet":"max-snippet:-1","max-image-preview":"max-image-preview:large","max-video-preview":"max-video-preview:-1"},"canonical":"https:\/\/www.rcrflooringproducts.com\/cs\/submission-thank-you\/","og_locale":"cs_CZ","og_type":"article","og_title":"D\u011bkujeme - RCR Flooring Products","og_description":"D\u011bkujeme, \u017ee jste n\u00e1s kontaktovali! Budeme v\u00e1s brzy kontaktovat.","og_url":"https:\/\/www.rcrflooringproducts.com\/cs\/submission-thank-you\/","og_site_name":"RCR Flooring Products","article_modified_time":"2019-02-13T21:51:35+00:00","og_image":[{"width":1024,"height":683,"url":"https:\/\/www.rcrflooringproducts.com\/wp-content\/uploads\/2017\/09\/img_0610-0.jpg","type":"image\/jpeg"}],"twitter_card":"summary_large_image","schema":{"@context":"https:\/\/schema.org","@graph":[{"@type":"WebPage","@id":"https:\/\/www.rcrflooringproducts.com\/cs\/submission-thank-you\/","url":"https:\/\/www.rcrflooringproducts.com\/cs\/submission-thank-you\/","name":"D\u011bkujeme - RCR Flooring Products","isPartOf":{"@id":"https:\/\/www.rcrflooringproducts.com\/#website"},"primaryImageOfPage":{"@id":"https:\/\/www.rcrflooringproducts.com\/cs\/submission-thank-you\/#primaryimage"},"image":{"@id":"https:\/\/www.rcrflooringproducts.com\/cs\/submission-thank-you\/#primaryimage"},"thumbnailUrl":"https:\/\/www.rcrflooringproducts.com\/wp-content\/uploads\/2017\/09\/img_0610-0.jpg","datePublished":"2017-12-07T12:26:57+00:00","dateModified":"2019-02-13T21:51:35+00:00","breadcrumb":{"@id":"https:\/\/www.rcrflooringproducts.com\/cs\/submission-thank-you\/#breadcrumb"},"inLanguage":"cs","potentialAction":[{"@type":"ReadAction","target":["https:\/\/www.rcrflooringproducts.com\/cs\/submission-thank-you\/"]}]},{"@type":"ImageObject","inLanguage":"cs","@id":"https:\/\/www.rcrflooringproducts.com\/cs\/submission-thank-you\/#primaryimage","url":"https:\/\/www.rcrflooringproducts.com\/wp-content\/uploads\/2017\/09\/img_0610-0.jpg","contentUrl":"https:\/\/www.rcrflooringproducts.com\/wp-content\/uploads\/2017\/09\/img_0610-0.jpg","width":1024,"height":683},{"@type":"BreadcrumbList","@id":"https:\/\/www.rcrflooringproducts.com\/cs\/submission-thank-you\/#breadcrumb","itemListElement":[{"@type":"ListItem","position":1,"name":"Home","item":"https:\/\/www.rcrflooringproducts.com\/cs\/"},{"@type":"ListItem","position":2,"name":"D\u011bkujeme"}]},{"@type":"WebSite","@id":"https:\/\/www.rcrflooringproducts.com\/#website","url":"https:\/\/www.rcrflooringproducts.com\/","name":"RCR Flooring Products","description":"Industrial Flooring Products","potentialAction":[{"@type":"SearchAction","target":{"@type":"EntryPoint","urlTemplate":"https:\/\/www.rcrflooringproducts.com\/?s={search_term_string}"},"query-input":{"@type":"PropertyValueSpecification","valueRequired":true,"valueName":"search_term_string"}}],"inLanguage":"cs"}]}},"_links":{"self":[{"href":"https:\/\/www.rcrflooringproducts.com\/cs\/wp-json\/wp\/v2\/pages\/3979","targetHints":{"allow":["GET"]}}],"collection":[{"href":"https:\/\/www.rcrflooringproducts.com\/cs\/wp-json\/wp\/v2\/pages"}],"about":[{"href":"https:\/\/www.rcrflooringproducts.com\/cs\/wp-json\/wp\/v2\/types\/page"}],"author":[{"embeddable":true,"href":"https:\/\/www.rcrflooringproducts.com\/cs\/wp-json\/wp\/v2\/users\/3"}],"replies":[{"embeddable":true,"href":"https:\/\/www.rcrflooringproducts.com\/cs\/wp-json\/wp\/v2\/comments?post=3979"}],"version-history":[{"count":0,"href":"https:\/\/www.rcrflooringproducts.com\/cs\/wp-json\/wp\/v2\/pages\/3979\/revisions"}],"wp:featuredmedia":[{"embeddable":true,"href":"https:\/\/www.rcrflooringproducts.com\/cs\/wp-json\/wp\/v2\/media\/3980"}],"wp:attachment":[{"href":"https:\/\/www.rcrflooringproducts.com\/cs\/wp-json\/wp\/v2\/media?parent=3979"}],"curies":[{"name":"wp","href":"https:\/\/api.w.org\/{rel}","templated":true}]}}